{"id":7835,"date":"2020-07-09T10:01:47","date_gmt":"2020-07-09T08:01:47","guid":{"rendered":"https:\/\/plasticwork.wpsd.it\/polymere\/"},"modified":"2026-01-23T11:53:01","modified_gmt":"2026-01-23T10:53:01","slug":"polymere","status":"publish","type":"page","link":"https:\/\/www.plasticwork.it\/de\/polymere\/","title":{"rendered":"Polymere"},"content":{"rendered":"\n\t<section class=\"section dark has-scroll-for-more\" id=\"section_1179016919\">\n\t\t<div class=\"section-bg fill\" >\n\t\t\t\t\t\t\t\t\t<div class=\"loading-spin centered\"><\/div><button class=\"scroll-for-more z-5 icon absolute bottom h-center\" aria-label=\"Scrollen f\u00fcr mehr\"><i class=\"icon-angle-down\" aria-hidden=\"true\" style=\"font-size:42px;\"><\/i><\/button>\n\t\t\t\n\n\t\t<\/div>\n\n\t\t\n\n\t\t<div class=\"section-content relative\">\n\t\t\t\n\n  <div class=\"banner has-hover has-video is-full-height\" id=\"banner-1165692896\">\n          <div class=\"banner-inner fill\">\n        <div class=\"banner-bg fill\" >\n                        \t<div class=\"video-overlay no-click fill visible\"><\/div>\n\t<video class=\"video-bg fill visible\" preload playsinline autoplay muted loop>\n\t\t<source src=\"\/wp-content\/uploads\/2025\/10\/video-polimeri.mp4\" type=\"video\/mp4\">\t<\/video>\n            <div class=\"overlay\"><\/div>            \n                    <\/div>\n\t\t\n        <div class=\"banner-layers container\">\n            <div class=\"fill banner-link\"><\/div>            \n   <div id=\"text-box-1620326646\" class=\"text-box banner-layer x50 md-x50 lg-x50 y90 md-y90 lg-y90 res-text\">\n                     <div data-animate=\"bounceInUp\">           <div class=\"text-box-content text dark\">\n              \n              <div class=\"text-inner text-center\">\n                  \n\t<div id=\"text-3473816538\" class=\"text\">\n\t\t\n<h1>Polymere<\/h1>\n\t\t\n<style>\n#text-3473816538 {\n  font-size: 1.8rem;\n  line-height: 1.05;\n}\n@media (min-width:550px) {\n  #text-3473816538 {\n    font-size: 2.6rem;\n  }\n}\n@media (min-width:850px) {\n  #text-3473816538 {\n    font-size: 2.55rem;\n  }\n}\n<\/style>\n\t<\/div>\n\t\n\t<div id=\"text-3753909889\" class=\"text\">\n\t\t\n<h2>Technische Polymere: Innovation und Leistung mit Plasticwork<\/h2>\n\t\t\n<style>\n#text-3753909889 {\n  font-size: 0.95rem;\n  line-height: 1.05;\n}\n@media (min-width:550px) {\n  #text-3753909889 {\n    font-size: 1.35rem;\n  }\n}\n@media (min-width:850px) {\n  #text-3753909889 {\n    font-size: 1.55rem;\n  }\n}\n<\/style>\n\t<\/div>\n\t\n\t<div id=\"gap-1952402801\" class=\"gap-element clearfix\" style=\"display:block; height:auto;\">\n\t\t\n<style>\n#gap-1952402801 {\n  padding-top: 30px;\n}\n<\/style>\n\t<\/div>\n\t\n\t<div id=\"text-1403580483\" class=\"text\">\n\t\t\n<p class=\"lead\">Homepage &gt; Polymere<\/p>\n\t\t\n<style>\n#text-1403580483 {\n  font-size: 0.9rem;\n  line-height: 1;\n}\n@media (min-width:550px) {\n  #text-1403580483 {\n    font-size: 0.85rem;\n  }\n}\n<\/style>\n\t<\/div>\n\t\n              <\/div>\n           <\/div>\n       <\/div>                     \n<style>\n#text-box-1620326646 {\n  width: 91%;\n}\n#text-box-1620326646 .text-box-content {\n  font-size: 100%;\n}\n@media (min-width:550px) {\n  #text-box-1620326646 {\n    width: 79%;\n  }\n}\n@media (min-width:850px) {\n  #text-box-1620326646 {\n    width: 74%;\n  }\n}\n<\/style>\n    <\/div>\n \n        <\/div>\n      <\/div>\n\n            \n<style>\n#banner-1165692896 {\n  padding-top: 100%;\n}\n#banner-1165692896 .overlay {\n  background-color: rgba(13, 38, 79, 0.233);\n}\n<\/style>\n  <\/div>\n\n\n\t\t<\/div>\n\n\t\t\n<style>\n#section_1179016919 {\n  padding-top: 0px;\n  padding-bottom: 0px;\n}\n<\/style>\n\t<\/section>\n\t\n\n\t<section class=\"section\" id=\"section_1429158498\">\n\t\t<div class=\"section-bg fill\" >\n\t\t\t\t\t\t\t\t\t\n\t\t\t\n\n\t\t<\/div>\n\n\t\t\n\n\t\t<div class=\"section-content relative\">\n\t\t\t\n<div class=\"row row-collapse row-full-width align-middle align-center\"  id=\"row-1806309524\">\n\r\n    <div id=\"col-600619528\" class=\"col medium-11 small-11 large-6 medium-col-first\"  data-animate=\"fadeInLeft\">\r\n                <div class=\"col-inner\"  >\r\n            \n            \n<div class=\"row row-collapse row-full-width align-center\"  id=\"row-1705118637\">\n\r\n    <div id=\"col-1489882397\" class=\"col medium-12 small-12 large-8\"  >\r\n                <div class=\"col-inner\"  >\r\n            \n            \n\t<div id=\"text-2134334480\" class=\"text\">\n\t\t\n<p class=\"lead\"><strong>DIE WAHL DES ROHSTOFFS<\/strong><\/p>\n\t\t\n<style>\n#text-2134334480 {\n  font-size: 1rem;\n  line-height: 1;\n  text-align: left;\n}\n@media (min-width:550px) {\n  #text-2134334480 {\n    line-height: 1;\n  }\n}\n<\/style>\n\t<\/div>\n\t\n\t<div id=\"text-3043380609\" class=\"text\">\n\t\t\n<h2>Plasticwork-Spezialisierung<\/h2>\n\t\t\n<style>\n#text-3043380609 {\n  font-size: 1.2rem;\n  line-height: 1;\n  text-align: left;\n}\n@media (min-width:550px) {\n  #text-3043380609 {\n    font-size: 1.5rem;\n  }\n}\n<\/style>\n\t<\/div>\n\t\n\t<div id=\"text-4220199927\" class=\"text\">\n\t\t\n<p>Polymere sind Materialien, die aus langen Molek\u00fclketten bestehen, die die Eigenschaften und Merkmale der Materialien selbst bestimmen. Dank ihrer vielf\u00e4ltigen Eigenschaften finden sie in verschiedenen Bereichen Anwendung: Mechanik, Elektronik, Medizin, Thermo-Hydraulik, Fluidtechnik, Gas.<\/p>\n\t\t\n<style>\n#text-4220199927 {\n  text-align: left;\n}\n<\/style>\n\t<\/div>\n\t\n\t<div id=\"text-2670764861\" class=\"text\">\n\t\t\n<p>Plasticwork ist auf die Verarbeitung von Technopolymeren spezialisiert, die Folgendes bieten:<\/p>\n<ul>\n<li class=\"bullet-arrow\"><strong>Mechanische, thermische und chemische Best\u00e4ndigkeit.<\/strong><\/li>\n<li class=\"bullet-arrow\"><strong>Leichtigkeit <\/strong>und die M\u00f6glichkeit, Metalle zu ersetzen (<strong>Metal Replacement<\/strong>).<\/li>\n<li class=\"bullet-arrow\"><strong>Pr\u00e4zision und Individualisierung<\/strong>.<\/li>\n<li class=\"bullet-arrow\"><strong>Nachhaltigkeit<\/strong> dank der Langlebigkeit der Komponenten.<\/li>\n<\/ul>\n\t\t\n<style>\n#text-2670764861 {\n  text-align: left;\n}\n<\/style>\n\t<\/div>\n\t\n\t<div id=\"gap-1399144342\" class=\"gap-element clearfix\" style=\"display:block; height:auto;\">\n\t\t\n<style>\n#gap-1399144342 {\n  padding-top: 20px;\n}\n<\/style>\n\t<\/div>\n\t\n        <\/div>\r\n                \n<style>\n#col-1489882397 > .col-inner {\n  padding: 40px 0px 40px 0px;\n}\n@media (min-width:550px) {\n  #col-1489882397 > .col-inner {\n    padding: 60px 0px 60px 0px;\n  }\n}\n<\/style>\n    <\/div>\r\n\r\n    \n<\/div>\n        <\/div>\r\n                \n<style>\n#col-600619528 > .col-inner {\n  padding: 0px 0px 0px 0px;\n}\n<\/style>\n    <\/div>\r\n\r\n    \n\r\n    <div id=\"col-160120511\" class=\"col medium-12 small-12 large-6\"  data-animate=\"fadeInRight\">\r\n                <div class=\"col-inner\"  >\r\n            \n            \n\n  <div class=\"banner has-hover has-parallax\" id=\"banner-397690175\">\n          <div class=\"banner-inner fill\">\n        <div class=\"banner-bg fill\" data-parallax=\"-4\" data-parallax-container=\".banner\" data-parallax-background>\n            <img decoding=\"async\" width=\"1020\" height=\"571\" src=\"https:\/\/www.plasticwork.it\/wp-content\/uploads\/2025\/11\/POLIMERI-BOX-1--1024x573.jpg\" class=\"bg attachment-large size-large\" alt=\"\">                                    \n                    <\/div>\n\t\t\n        <div class=\"banner-layers container\">\n            <div class=\"fill banner-link\"><\/div>            \n        <\/div>\n      <\/div>\n\n            \n<style>\n#banner-397690175 {\n  padding-top: 380px;\n}\n@media (min-width:550px) {\n  #banner-397690175 {\n    padding-top: 480px;\n  }\n}\n@media (min-width:850px) {\n  #banner-397690175 {\n    padding-top: 650px;\n  }\n}\n<\/style>\n  <\/div>\n\n\n        <\/div>\r\n                    <\/div>\r\n\r\n    \n<\/div>\n\t\t<\/div>\n\n\t\t\n<style>\n#section_1429158498 {\n  padding-top: 0px;\n  padding-bottom: 0px;\n  background-color: rgb(255,255,255);\n}\n@media (min-width:850px) {\n  #section_1429158498 {\n    padding-top: 0px;\n    padding-bottom: 0px;\n  }\n}\n<\/style>\n\t<\/section>\n\t\n\n\t<section class=\"section bg-grey\" id=\"section_1343820469\">\n\t\t<div class=\"section-bg fill\" >\n\t\t\t\t\t\t\t\t\t\n\t\t\t\n\n\t\t<\/div>\n\n\t\t\n\n\t\t<div class=\"section-content relative\">\n\t\t\t\n<div class=\"row row-collapse row-full-width align-middle align-center\"  id=\"row-2054816993\">\n\r\n    <div id=\"col-1404576698\" class=\"col medium-12 small-12 large-6\"  data-animate=\"fadeInLeft\">\r\n                <div class=\"col-inner\"  >\r\n            \n            \n\n  <div class=\"banner has-hover has-parallax\" id=\"banner-1457660951\">\n          <div class=\"banner-inner fill\">\n        <div class=\"banner-bg fill\" data-parallax=\"-4\" data-parallax-container=\".banner\" data-parallax-background>\n            <img decoding=\"async\" width=\"1020\" height=\"579\" src=\"https:\/\/www.plasticwork.it\/wp-content\/uploads\/2025\/11\/POLIMERI-BOX-2-post-1024x581.jpg\" class=\"bg attachment-large size-large\" alt=\"\">                                    \n                    <\/div>\n\t\t\n        <div class=\"banner-layers container\">\n            <div class=\"fill banner-link\"><\/div>            \n        <\/div>\n      <\/div>\n\n            \n<style>\n#banner-1457660951 {\n  padding-top: 380px;\n}\n@media (min-width:550px) {\n  #banner-1457660951 {\n    padding-top: 480px;\n  }\n}\n@media (min-width:850px) {\n  #banner-1457660951 {\n    padding-top: 650px;\n  }\n}\n<\/style>\n  <\/div>\n\n\n        <\/div>\r\n                    <\/div>\r\n\r\n    \n\r\n    <div id=\"col-531115844\" class=\"col medium-11 small-11 large-6 medium-col-first\"  data-animate=\"fadeInRight\">\r\n                <div class=\"col-inner\"  >\r\n            \n            \n<div class=\"row row-collapse row-full-width align-center\"  id=\"row-13523719\">\n\r\n    <div id=\"col-1468642181\" class=\"col medium-12 small-12 large-8\"  >\r\n                <div class=\"col-inner\"  >\r\n            \n            \n\t<div id=\"text-2211269481\" class=\"text\">\n\t\t\n<p class=\"lead\"><span data-text-color=\"secondary\"><strong>UNSERE ERFAHRUNG<\/strong><\/span><\/p>\n\t\t\n<style>\n#text-2211269481 {\n  font-size: 1rem;\n  line-height: 1;\n  text-align: left;\n}\n@media (min-width:550px) {\n  #text-2211269481 {\n    line-height: 1;\n  }\n}\n<\/style>\n\t<\/div>\n\t\n\t<div id=\"text-2342598963\" class=\"text\">\n\t\t\n<h2>Know-how und Forschung<\/h2>\n\t\t\n<style>\n#text-2342598963 {\n  font-size: 1.2rem;\n  line-height: 1;\n  text-align: left;\n}\n@media (min-width:550px) {\n  #text-2342598963 {\n    font-size: 1.5rem;\n  }\n}\n<\/style>\n\t<\/div>\n\t\n\t<div id=\"text-2112936216\" class=\"text\">\n\t\t\n<p>Die Kombination von Know-how und Forschung ist unsere St\u00e4rke:<\/p>\n<ul>\n<li class=\"bullet-arrow\">Materialkenntnisse<\/li>\n<li class=\"bullet-arrow\">Erfahrung in der Verarbeitung<\/li>\n<li class=\"bullet-arrow\">St\u00e4ndiger Austausch mit den Lieferanten<\/li>\n<li class=\"bullet-arrow\">Modernste Technologien<\/li>\n<\/ul>\n\t\t\n<style>\n#text-2112936216 {\n  text-align: left;\n}\n<\/style>\n\t<\/div>\n\t\n<p>Wir sind stets auf der Suche nach neuen Technopolymeren, die wir zu den bereits etablierten hinzuf\u00fcgen k\u00f6nnen (PPSU, PSU, PA, PPA, PS, PBT, POM, PPO, PMMA, PP, ABS, PARA, PEI, PC, PC\/ABS, thermoplastische Kautschuke\u2026).<\/p>\n\t<div id=\"gap-420608344\" class=\"gap-element clearfix\" style=\"display:block; height:auto;\">\n\t\t\n<style>\n#gap-420608344 {\n  padding-top: 20px;\n}\n<\/style>\n\t<\/div>\n\t\n        <\/div>\r\n                \n<style>\n#col-1468642181 > .col-inner {\n  padding: 40px 0px 40px 0px;\n}\n@media (min-width:550px) {\n  #col-1468642181 > .col-inner {\n    padding: 60px 0px 60px 0px;\n  }\n}\n<\/style>\n    <\/div>\r\n\r\n    \n<\/div>\n        <\/div>\r\n                \n<style>\n#col-531115844 > .col-inner {\n  padding: 0px 0px 0px 0px;\n}\n<\/style>\n    <\/div>\r\n\r\n    \n<\/div>\n\t\t<\/div>\n\n\t\t\n<style>\n#section_1343820469 {\n  padding-top: 0px;\n  padding-bottom: 0px;\n}\n@media (min-width:850px) {\n  #section_1343820469 {\n    padding-top: 0px;\n    padding-bottom: 0px;\n  }\n}\n<\/style>\n\t<\/section>\n\t\n\n\t<section class=\"section\" id=\"section_268485722\">\n\t\t<div class=\"section-bg fill\" >\n\t\t\t\t\t\t\t\t\t\n\t\t\t\n\n\t\t<\/div>\n\n\t\t\n\n\t\t<div class=\"section-content relative\">\n\t\t\t\n<div class=\"row align-center\"  id=\"row-955448378\">\n\r\n    <div id=\"col-812582663\" class=\"col medium-11 small-11 large-11\"  >\r\n                <div class=\"col-inner text-center\"  >\r\n            \n            \n<div class=\"row\"  id=\"row-842419552\">\n\r\n    <div id=\"col-360263561\" class=\"col medium-12 small-12 large-12\"  data-animate=\"bounceInUp\">\r\n                <div class=\"col-inner text-center\"  >\r\n            \n            \n\t<div id=\"text-3034854517\" class=\"text\">\n\t\t\n<p class=\"lead\"><span data-text-color=\"secondary\"><strong>KUNDENINDIVIDUELL ANGEPASSTE KUNSTSTOFFE F\u00dcR JEDE BRANCHE<\/strong><\/span><\/p>\n\t\t\n<style>\n#text-3034854517 {\n  font-size: 1rem;\n  line-height: 1;\n  text-align: left;\n}\n@media (min-width:550px) {\n  #text-3034854517 {\n    line-height: 1;\n  }\n}\n@media (min-width:850px) {\n  #text-3034854517 {\n    text-align: center;\n  }\n}\n<\/style>\n\t<\/div>\n\t\n\t<div id=\"text-3090077668\" class=\"text\">\n\t\t\n<h2>Technopolymere: Eigenschaften und Anwendungen<\/h2>\n\t\t\n<style>\n#text-3090077668 {\n  font-size: 1.2rem;\n  line-height: 1;\n  text-align: left;\n}\n@media (min-width:550px) {\n  #text-3090077668 {\n    font-size: 1.5rem;\n  }\n}\n@media (min-width:850px) {\n  #text-3090077668 {\n    text-align: center;\n  }\n}\n<\/style>\n\t<\/div>\n\t\n\t<div id=\"gap-1763499394\" class=\"gap-element clearfix\" style=\"display:block; height:auto;\">\n\t\t\n<style>\n#gap-1763499394 {\n  padding-top: 20px;\n}\n<\/style>\n\t<\/div>\n\t\n        <\/div>\r\n                \n<style>\n#col-360263561 > .col-inner {\n  text-align: center;\n}\n<\/style>\n    <\/div>\r\n\r\n    \n\r\n    <div id=\"col-2019831824\" class=\"col small-12 large-12\"  data-animate=\"bounceInUp\">\r\n                <div class=\"col-inner text-left\"  >\r\n            \n            \n\t<div id=\"text-1290323733\" class=\"text table_sd\">\n\t\t\n<div class=\"tablecontainer\">\n<table>\n<tbody>\n<tr>\n<th>\n<p class=\"lead\">Technopolymer<\/p>\n<\/th>\n<th>\n<p class=\"lead\">Einige Eigenschaften<\/p>\n<\/th>\n<th>\n<p class=\"lead\">Anwendungsbeispiele<\/p>\n<\/th>\n<\/tr>\n<tr>\n<td><strong>PPO BLEND<\/strong><\/td>\n<td>Gutes Gleichgewicht zwischen mechanischen und thermischen Eigenschaften, Selbstl\u00f6schf\u00e4higkeit, geringer Wasseraufnahme<\/td>\n<td>Anwendungen in der Wasseraufbereitung und Elektrotechnik<\/td>\n<\/tr>\n<tr>\n<td><strong>PC-Legierungen<\/strong><\/td>\n<td>Transparenz, Sto\u00dffestigkeit, Selbstl\u00f6schf\u00e4higkeit und \u00e4sthetische Oberfl\u00e4che<\/td>\n<td>Elektrische und Sicherheitskomponenten, Beleuchtungsbranche<\/td>\n<\/tr>\n<tr>\n<td><strong>PMMA<\/strong><\/td>\n<td>Transparenz, H\u00e4rte, F\u00e4rbbarkeit und Oberfl\u00e4chenglanz<\/td>\n<td>Beleuchtungsbranche, Einrichtungsgegenst\u00e4nde, Accessoires und \u00e4sthetische Anwendungen<\/td>\n<\/tr>\n<tr>\n<td><strong>PSU und PPSU<\/strong><\/td>\n<td>Steifigkeit, Temperaturbest\u00e4ndigkeit, Sterilisierbarkeit und Selbstl\u00f6schf\u00e4higkeit<\/td>\n<td>Wasseraufbereitungsbranche, Sterilisation im medizinischen Bereich und Automobilindustrie <\/td>\n<\/tr>\n<tr>\n<td><strong>PA und PPA<\/strong><\/td>\n<td>Chemische Best\u00e4ndigkeit, gutes Verh\u00e4ltnis zwischen Steifigkeit und Duktilit\u00e4t, elektrische Eigenschaften<\/td>\n<td>Komponenten im Elektrobereich, Werkzeuge, Pumpen und Automobilindustrie<\/td>\n<\/tr>\n<tr>\n<td><strong>PBT<\/strong><\/td>\n<td>Dimensionsstabilit\u00e4t, W\u00e4rme- und Chemikalienbest\u00e4ndigkeit, elektrische Isolierung<\/td>\n<td>Elektrische Komponenten, Gas- und Automobilbranche<\/td>\n<\/tr>\n<tr>\n<td><strong>PARA <\/strong><\/td>\n<td>Steifigkeit, gute Flie\u00dff\u00e4higkeit, chemische Best\u00e4ndigkeit und Selbstl\u00f6schf\u00e4higkeit, Oberfl\u00e4chenglanz<\/td>\n<td>Elektrische Komponenten, Automobilindustrie, Wasserwirtschaft und Eignung f\u00fcr den Kontakt mit Lebensmitteln <\/td>\n<\/tr>\n<tr>\n<td><strong>POM<\/strong><\/td>\n<td>Steifigkeit und H\u00e4rte, geringe Reibung und geringer Verschlei\u00df, best\u00e4ndig gegen L\u00f6sungsmittel und \u00d6le<\/td>\n<td>Zahnr\u00e4der, Lager, mechanische Pr\u00e4zisions- und Antriebskomponenten<\/td>\n<\/tr>\n<tr>\n<td><strong>PPS<\/strong><\/td>\n<td>Hitze- und Chemikalienbest\u00e4ndigkeit, Selbstl\u00f6schf\u00e4higkeit, Dimensionsstabilit\u00e4t<\/td>\n<td>Pumpen und W\u00e4rmetauscher, elektrische Komponenten und Komponenten f\u00fcr die Automobilindustrie<\/td>\n<\/tr>\n<\/tbody>\n<\/table>\n<\/div>\n\t\t\n<style>\n#text-1290323733 {\n  font-size: 1.1rem;\n}\n<\/style>\n\t<\/div>\n\t\n        <\/div>\r\n                \n<style>\n#col-2019831824 > .col-inner {\n  text-align: left;\n}\n<\/style>\n    <\/div>\r\n\r\n    \n<\/div>\n        <\/div>\r\n                \n<style>\n#col-812582663 > .col-inner {\n  text-align: center;\n}\n<\/style>\n    <\/div>\r\n\r\n    \n<\/div>\n\t\t<\/div>\n\n\t\t\n<style>\n#section_268485722 {\n  padding-top: 40px;\n  padding-bottom: 40px;\n}\n@media (min-width:550px) {\n  #section_268485722 {\n    padding-top: 60px;\n    padding-bottom: 60px;\n  }\n}\n@media (min-width:850px) {\n  #section_268485722 {\n    padding-top: 80px;\n    padding-bottom: 80px;\n  }\n}\n<\/style>\n\t<\/section>\n\t\n\n\t<section class=\"section bg-grey\" id=\"section_458241449\">\n\t\t<div class=\"section-bg fill\" >\n\t\t\t\t\t\t\t\t\t\n\t\t\t\n\n\t\t<\/div>\n\n\t\t\n\n\t\t<div class=\"section-content relative\">\n\t\t\t\n<div class=\"row row-small align-center\"  id=\"row-530321553\">\n\r\n    <div id=\"col-1712504118\" class=\"col medium-11 small-11 large-11\"  data-animate=\"bounceInUp\">\r\n                <div class=\"col-inner text-center\"  >\r\n            \n            \n<div class=\"row row-collapse align-bottom\"  id=\"row-1510675585\">\n\r\n    <div id=\"col-1984556202\" class=\"col medium-12 small-12 large-7\"  >\r\n                <div class=\"col-inner text-left\"  >\r\n            \n            \n\t<div id=\"text-1875467846\" class=\"text\">\n\t\t\n<p class=\"lead\">Entdecken Sie, wie wir Ihr Projekt mit innovativen Materialien, fortschrittlichen Technologien und einem einwandfreien Service unterst\u00fctzen k\u00f6nnen.<\/p>\n\t\t\n<style>\n#text-1875467846 {\n  font-size: 1rem;\n  line-height: 1.3;\n  text-align: left;\n}\n@media (min-width:850px) {\n  #text-1875467846 {\n    text-align: left;\n  }\n}\n<\/style>\n\t<\/div>\n\t\n\t<div id=\"gap-2021511875\" class=\"gap-element clearfix show-for-medium\" style=\"display:block; height:auto;\">\n\t\t\n<style>\n#gap-2021511875 {\n  padding-top: 10px;\n}\n@media (min-width:850px) {\n  #gap-2021511875 {\n    padding-top: 30px;\n  }\n}\n<\/style>\n\t<\/div>\n\t\n        <\/div>\r\n                \n<style>\n#col-1984556202 > .col-inner {\n  padding: 0px 0px 0px 0px;\n  margin: 0px 0px 0px 0px;\n  text-align: left;\n}\n<\/style>\n    <\/div>\r\n\r\n    \n\r\n    <div id=\"col-320608042\" class=\"col medium-12 small-12 large-5\"  >\r\n                <div class=\"col-inner text-right\"  >\r\n            \n            \n<a href=\"https:\/\/www.plasticwork.it\/de\/kontaktieren-sie-uns\/\" class=\"button primary\" style=\"padding:3px 15px 3px 15px;\">\n\t\t<span>Kontaktieren Sie uns f\u00fcr ma\u00dfgeschneiderte L\u00f6sungen<\/span>\n\t<i class=\"icon-angle-right\" aria-hidden=\"true\"><\/i><\/a>\n\n        <\/div>\r\n                \n<style>\n#col-320608042 > .col-inner {\n  margin: 0px 0px 0px 0px;\n  text-align: left;\n}\n@media (min-width:850px) {\n  #col-320608042 > .col-inner {\n    text-align: right;\n  }\n}\n<\/style>\n    <\/div>\r\n\r\n    \n<\/div>\n        <\/div>\r\n                \n<style>\n#col-1712504118 > .col-inner {\n  padding: 0px 0px 0px 0px;\n  margin: 0px 0px 0px 0px;\n  text-align: center;\n}\n<\/style>\n    <\/div>\r\n\r\n    \n<\/div>\n\t\t<\/div>\n\n\t\t\n<style>\n#section_458241449 {\n  padding-top: 60px;\n  padding-bottom: 60px;\n}\n@media (min-width:550px) {\n  #section_458241449 {\n    padding-top: 80px;\n    padding-bottom: 80px;\n  }\n}\n@media (min-width:850px) {\n  #section_458241449 {\n    padding-top: 80px;\n    padding-bottom: 80px;\n  }\n}\n<\/style>\n\t<\/section>\n\t\n","protected":false},"excerpt":{"rendered":"","protected":false},"author":1,"featured_media":0,"parent":0,"menu_order":2,"comment_status":"closed","ping_status":"closed","template":"page-transparent-header.php","meta":{"footnotes":""},"class_list":["post-7835","page","type-page","status-publish","hentry"],"_links":{"self":[{"href":"https:\/\/www.plasticwork.it\/de\/wp-json\/wp\/v2\/pages\/7835","targetHints":{"allow":["GET"]}}],"collection":[{"href":"https:\/\/www.plasticwork.it\/de\/wp-json\/wp\/v2\/pages"}],"about":[{"href":"https:\/\/www.plasticwork.it\/de\/wp-json\/wp\/v2\/types\/page"}],"author":[{"embeddable":true,"href":"https:\/\/www.plasticwork.it\/de\/wp-json\/wp\/v2\/users\/1"}],"replies":[{"embeddable":true,"href":"https:\/\/www.plasticwork.it\/de\/wp-json\/wp\/v2\/comments?post=7835"}],"version-history":[{"count":6,"href":"https:\/\/www.plasticwork.it\/de\/wp-json\/wp\/v2\/pages\/7835\/revisions"}],"predecessor-version":[{"id":8438,"href":"https:\/\/www.plasticwork.it\/de\/wp-json\/wp\/v2\/pages\/7835\/revisions\/8438"}],"wp:attachment":[{"href":"https:\/\/www.plasticwork.it\/de\/wp-json\/wp\/v2\/media?parent=7835"}],"curies":[{"name":"wp","href":"https:\/\/api.w.org\/{rel}","templated":true}]}}