{"id":7848,"date":"2020-07-09T10:01:47","date_gmt":"2020-07-09T08:01:47","guid":{"rendered":"https:\/\/plasticwork.wpsd.it\/nachhaltigkeit\/"},"modified":"2026-01-23T11:56:50","modified_gmt":"2026-01-23T10:56:50","slug":"nachhaltigkeit","status":"publish","type":"page","link":"https:\/\/www.plasticwork.it\/de\/nachhaltigkeit\/","title":{"rendered":"Nachhaltigkeit"},"content":{"rendered":"\n\t<section class=\"section dark has-scroll-for-more\" id=\"section_1896107469\">\n\t\t<div class=\"section-bg fill\" >\n\t\t\t\t\t\t\t\t\t<div class=\"loading-spin centered\"><\/div><button class=\"scroll-for-more z-5 icon absolute bottom h-center\" aria-label=\"Scrollen f\u00fcr mehr\"><i class=\"icon-angle-down\" aria-hidden=\"true\" style=\"font-size:42px;\"><\/i><\/button>\n\t\t\t\n\n\t\t<\/div>\n\n\t\t\n\n\t\t<div class=\"section-content relative\">\n\t\t\t\n\n  <div class=\"banner has-hover is-full-height\" id=\"banner-714388749\">\n          <div class=\"banner-inner fill\">\n        <div class=\"banner-bg fill\" >\n            <img decoding=\"async\" width=\"1800\" height=\"1273\" src=\"https:\/\/www.plasticwork.it\/wp-content\/uploads\/2025\/11\/Header-sostenibilita.jpg\" class=\"bg attachment-original size-original\" alt=\"\">                        <div class=\"overlay\"><\/div>            \n                    <\/div>\n\t\t\n        <div class=\"banner-layers container\">\n            <div class=\"fill banner-link\"><\/div>            \n   <div id=\"text-box-1815870985\" class=\"text-box banner-layer x50 md-x50 lg-x50 y90 md-y90 lg-y90 res-text\">\n                     <div data-animate=\"bounceInUp\">           <div class=\"text-box-content text dark\">\n              \n              <div class=\"text-inner text-center\">\n                  \n\t<div id=\"text-2765920026\" class=\"text\">\n\t\t\n<h1>Nachhaltigkeit<\/h1>\n\t\t\n<style>\n#text-2765920026 {\n  font-size: 1.8rem;\n  line-height: 1.05;\n}\n@media (min-width:550px) {\n  #text-2765920026 {\n    font-size: 2.6rem;\n  }\n}\n@media (min-width:850px) {\n  #text-2765920026 {\n    font-size: 2.55rem;\n  }\n}\n<\/style>\n\t<\/div>\n\t\n\t<div id=\"text-1018383206\" class=\"text\">\n\t\t\n<h2>Ein Engagement, das die Produktion, die Menschen und die Region umfasst<\/h2>\n\t\t\n<style>\n#text-1018383206 {\n  font-size: 0.95rem;\n  line-height: 1.05;\n}\n@media (min-width:550px) {\n  #text-1018383206 {\n    font-size: 1.35rem;\n  }\n}\n@media (min-width:850px) {\n  #text-1018383206 {\n    font-size: 1.55rem;\n  }\n}\n<\/style>\n\t<\/div>\n\t\n\t<div id=\"gap-1394948988\" class=\"gap-element clearfix\" style=\"display:block; height:auto;\">\n\t\t\n<style>\n#gap-1394948988 {\n  padding-top: 30px;\n}\n<\/style>\n\t<\/div>\n\t\n\t<div id=\"text-3065389281\" class=\"text\">\n\t\t\n<p class=\"lead\">Homepage &gt; Nachhaltigkeit<\/p>\n\t\t\n<style>\n#text-3065389281 {\n  font-size: 0.9rem;\n  line-height: 1;\n}\n@media (min-width:550px) {\n  #text-3065389281 {\n    font-size: 0.85rem;\n  }\n}\n<\/style>\n\t<\/div>\n\t\n              <\/div>\n           <\/div>\n       <\/div>                     \n<style>\n#text-box-1815870985 {\n  width: 91%;\n}\n#text-box-1815870985 .text-box-content {\n  font-size: 100%;\n}\n@media (min-width:550px) {\n  #text-box-1815870985 {\n    width: 79%;\n  }\n}\n@media (min-width:850px) {\n  #text-box-1815870985 {\n    width: 74%;\n  }\n}\n<\/style>\n    <\/div>\n \n        <\/div>\n      <\/div>\n\n            \n<style>\n#banner-714388749 {\n  padding-top: 100%;\n}\n#banner-714388749 .overlay {\n  background-color: rgba(13, 38, 79, 0.401);\n}\n#banner-714388749 .banner-bg img {\n  object-position: 60% 60%;\n}\n<\/style>\n  <\/div>\n\n\n\t\t<\/div>\n\n\t\t\n<style>\n#section_1896107469 {\n  padding-top: 0px;\n  padding-bottom: 0px;\n}\n<\/style>\n\t<\/section>\n\t\n\n\t<section class=\"section dark\" id=\"section_295280527\">\n\t\t<div class=\"section-bg fill\" >\n\t\t\t\t\t\t\t\t\t\n\t\t\t\n\n\t\t<\/div>\n\n\t\t\n\n\t\t<div class=\"section-content relative\">\n\t\t\t\n<div class=\"row row-collapse row-full-width align-middle align-center\"  id=\"row-278785590\">\n\r\n    <div id=\"col-158607321\" class=\"col medium-11 small-11 large-6 medium-col-first\"  data-animate=\"fadeInLeft\">\r\n                <div class=\"col-inner\"  >\r\n            \n            \n<div class=\"row row-collapse row-full-width align-center\"  id=\"row-1785873332\">\n\r\n    <div id=\"col-529644638\" class=\"col medium-12 small-12 large-8\"  >\r\n                <div class=\"col-inner\"  >\r\n            \n            \n\t<div id=\"text-2858730011\" class=\"text\">\n\t\t\n<h1>Ein Produktionsmodell, das respektiert und wertsch\u00e4tzt<\/h1>\n\t\t\n<style>\n#text-2858730011 {\n  font-size: 1.2rem;\n  line-height: 1;\n  text-align: left;\n}\n@media (min-width:550px) {\n  #text-2858730011 {\n    font-size: 1.5rem;\n  }\n}\n<\/style>\n\t<\/div>\n\t\n\t<div id=\"text-680876195\" class=\"text\">\n\t\t\n<p>Plasticwork \u00fcbernimmt nicht nur Verantwortung gegen\u00fcber seinen Mitarbeitern und der gesamten Produktionskette, sondern auch gegen\u00fcber den Auswirkungen, die die Produktion auf den Verbrauch, die Region und die Umwelt hat.<\/p>\n\t\t\n<style>\n#text-680876195 {\n  text-align: left;\n}\n<\/style>\n\t<\/div>\n\t\n        <\/div>\r\n                \n<style>\n#col-529644638 > .col-inner {\n  padding: 40px 0px 40px 0px;\n}\n@media (min-width:550px) {\n  #col-529644638 > .col-inner {\n    padding: 60px 0px 60px 0px;\n  }\n}\n<\/style>\n    <\/div>\r\n\r\n    \n<\/div>\n        <\/div>\r\n                \n<style>\n#col-158607321 > .col-inner {\n  padding: 0px 0px 0px 0px;\n}\n<\/style>\n    <\/div>\r\n\r\n    \n\r\n    <div id=\"col-187089771\" class=\"col medium-12 small-12 large-6\"  data-animate=\"fadeInRight\">\r\n                <div class=\"col-inner\"  >\r\n            \n            \n\n  <div class=\"banner has-hover has-parallax\" id=\"banner-1742246128\">\n          <div class=\"banner-inner fill\">\n        <div class=\"banner-bg fill\" data-parallax=\"-4\" data-parallax-container=\".banner\" data-parallax-background>\n            <img decoding=\"async\" width=\"2560\" height=\"1428\" src=\"https:\/\/www.plasticwork.it\/wp-content\/uploads\/2025\/11\/Screenshot-2025-11-12-alle-12.26.37-scaled.jpg\" class=\"bg attachment-original size-original\" alt=\"\">                        <div class=\"overlay\"><\/div>            \n                    <\/div>\n\t\t\n        <div class=\"banner-layers container\">\n            <div class=\"fill banner-link\"><\/div>            \n        <\/div>\n      <\/div>\n\n            \n<style>\n#banner-1742246128 {\n  padding-top: 380px;\n}\n#banner-1742246128 .overlay {\n  background-color: rgba(44, 86, 152, 0.128);\n}\n#banner-1742246128 .banner-bg img {\n  object-position: 87% 65%;\n}\n@media (min-width:550px) {\n  #banner-1742246128 {\n    padding-top: 480px;\n  }\n}\n@media (min-width:850px) {\n  #banner-1742246128 {\n    padding-top: 600px;\n  }\n}\n<\/style>\n  <\/div>\n\n\n        <\/div>\r\n                    <\/div>\r\n\r\n    \n<\/div>\n\t\t<\/div>\n\n\t\t\n<style>\n#section_295280527 {\n  padding-top: 0px;\n  padding-bottom: 0px;\n  background-color: #2c5698;\n}\n@media (min-width:850px) {\n  #section_295280527 {\n    padding-top: 0px;\n    padding-bottom: 0px;\n  }\n}\n<\/style>\n\t<\/section>\n\t\n\n\t<section class=\"section bg-grey\" id=\"section_1198722310\">\n\t\t<div class=\"section-bg fill\" >\n\t\t\t\t\t\t\t\t\t\n\t\t\t\n\n\t\t<\/div>\n\n\t\t\n\n\t\t<div class=\"section-content relative\">\n\t\t\t\n<div class=\"row row-collapse align-center\"  id=\"row-1884454438\">\n\r\n    <div id=\"col-2066728822\" class=\"col medium-11 small-11 large-11\"  >\r\n                <div class=\"col-inner text-center\" style=\"background-color:rgb(255, 255, 255);\" >\r\n            \n            \n<div class=\"row row-collapse align-middle align-center\"  id=\"row-171981688\">\n\r\n    <div id=\"col-1028661311\" class=\"col medium-12 small-12 large-6\"  >\r\n                <div class=\"col-inner text-center\"  >\r\n            \n            \n\n  <div class=\"banner has-hover\" id=\"banner-569352012\">\n          <div class=\"banner-inner fill\">\n        <div class=\"banner-bg fill\" >\n            <img decoding=\"async\" width=\"640\" height=\"361\" src=\"https:\/\/www.plasticwork.it\/wp-content\/uploads\/2025\/11\/Pannelli-sostenibilita.png\" class=\"bg attachment-original size-original\" alt=\"\">                                    \n                    <\/div>\n\t\t\n        <div class=\"banner-layers container\">\n            <div class=\"fill banner-link\"><\/div>            \n        <\/div>\n      <\/div>\n\n            \n<style>\n#banner-569352012 {\n  padding-top: 99.99%;\n}\n#banner-569352012 .banner-bg img {\n  object-position: 45% 56%;\n}\n@media (min-width:550px) {\n  #banner-569352012 {\n    padding-top: 46%;\n  }\n}\n@media (min-width:850px) {\n  #banner-569352012 {\n    padding-top: 640px;\n  }\n}\n<\/style>\n  <\/div>\n\n\n        <\/div>\r\n                \n<style>\n#col-1028661311 > .col-inner {\n  text-align: center;\n}\n<\/style>\n    <\/div>\r\n\r\n    \n\r\n    <div id=\"col-2088813062\" class=\"col medium-12 small-12 large-6\"  >\r\n                <div class=\"col-inner text-left\"  >\r\n            \n            \n\t<div id=\"text-2702811772\" class=\"text\">\n\t\t\n<h2>Eine der wichtigsten Ma\u00dfnahmen &#8211; Photovoltaik<\/h2>\n\t\t\n<style>\n#text-2702811772 {\n  font-size: 1.2rem;\n  line-height: 1;\n  text-align: left;\n}\n@media (min-width:550px) {\n  #text-2702811772 {\n    font-size: 1.5rem;\n  }\n}\n<\/style>\n\t<\/div>\n\t\n\t<div id=\"text-2321938487\" class=\"text\">\n\t\t\n<p class=\"lead\"><strong>Wir glauben an eine Energie, die in die Zukunft blickt.<\/strong><\/p>\n\t\t\n<style>\n#text-2321938487 {\n  line-height: 1;\n  text-align: left;\n}\n<\/style>\n\t<\/div>\n\t\n\t<div id=\"text-874527345\" class=\"text\">\n\t\t\n<p>Aus diesem Grund war eine der konkreten Ma\u00dfnahmen von <strong>Plasticwork <\/strong>die Installation einer <strong>Photovoltaikanlage<\/strong>.<\/p>\n\t\t\n<style>\n#text-874527345 {\n  text-align: left;\n}\n<\/style>\n\t<\/div>\n\t\n\t<div id=\"text-3327318931\" class=\"text\">\n\t\t\n<p class=\"lead\"><strong>Eine strategische Investition mit folgenden Zielen<\/strong>:<\/p>\n\t\t\n<style>\n#text-3327318931 {\n  line-height: 1;\n  text-align: left;\n}\n<\/style>\n\t<\/div>\n\t\n\t<div id=\"text-3237835791\" class=\"text\">\n\t\t\n<ul>\n<li class=\"bullet-arrow\">Verbesserung der Energieeffizienz.<\/li>\n<li class=\"bullet-arrow\">Nutzung sauberer Energie und Schutz der Umwelt<\/li>\n<\/ul>\n\t\t\n<style>\n#text-3237835791 {\n  text-align: left;\n}\n<\/style>\n\t<\/div>\n\t\n        <\/div>\r\n                \n<style>\n#col-2088813062 > .col-inner {\n  padding: 40px 20px 40px 20px;\n  text-align: left;\n}\n@media (min-width:550px) {\n  #col-2088813062 > .col-inner {\n    padding: 60px 40px 60px 40px;\n  }\n}\n@media (min-width:850px) {\n  #col-2088813062 > .col-inner {\n    padding: 40px 80px 40px 80px;\n  }\n}\n<\/style>\n    <\/div>\r\n\r\n    \n<\/div>\n        <\/div>\r\n                \n<style>\n#col-2066728822 > .col-inner {\n  text-align: center;\n}\n<\/style>\n    <\/div>\r\n\r\n    \n\n<style>\n#row-1884454438 > .col > .col-inner {\n  background-color: rgb(255, 255, 255);\n}\n<\/style>\n<\/div>\n\t<div id=\"gap-1753672082\" class=\"gap-element clearfix\" style=\"display:block; height:auto;\">\n\t\t\n<style>\n#gap-1753672082 {\n  padding-top: 40px;\n}\n<\/style>\n\t<\/div>\n\t\n<div class=\"row row-collapse align-center\"  id=\"row-1023578885\">\n\r\n    <div id=\"col-1976647916\" class=\"col medium-11 small-11 large-11\"  >\r\n                <div class=\"col-inner text-center\" style=\"background-color:rgb(255, 255, 255);\" >\r\n            \n            \n<div class=\"row row-collapse align-middle align-center\"  id=\"row-1541054065\">\n\r\n    <div id=\"col-2080942922\" class=\"col medium-12 small-12 large-6\"  >\r\n                <div class=\"col-inner text-center\"  >\r\n            \n            \n\n  <div class=\"banner has-hover\" id=\"banner-809055743\">\n          <div class=\"banner-inner fill\">\n        <div class=\"banner-bg fill\" >\n            <img decoding=\"async\" width=\"1291\" height=\"892\" src=\"https:\/\/www.plasticwork.it\/wp-content\/uploads\/2025\/11\/sostenibilita1.jpg\" class=\"bg attachment-original size-original\" alt=\"\">                                    \n                    <\/div>\n\t\t\n        <div class=\"banner-layers container\">\n            <div class=\"fill banner-link\"><\/div>            \n        <\/div>\n      <\/div>\n\n            \n<style>\n#banner-809055743 {\n  padding-top: 99.99%;\n}\n#banner-809055743 .banner-bg img {\n  object-position: 45% 44%;\n}\n@media (min-width:550px) {\n  #banner-809055743 {\n    padding-top: 46%;\n  }\n}\n@media (min-width:850px) {\n  #banner-809055743 {\n    padding-top: 640px;\n  }\n}\n<\/style>\n  <\/div>\n\n\n        <\/div>\r\n                \n<style>\n#col-2080942922 > .col-inner {\n  text-align: center;\n}\n<\/style>\n    <\/div>\r\n\r\n    \n\r\n    <div id=\"col-639841382\" class=\"col medium-12 small-12 large-6\"  >\r\n                <div class=\"col-inner text-left\"  >\r\n            \n            \n\t<div id=\"text-138487183\" class=\"text\">\n\t\t\n<h2>Wasserumw\u00e4lzsystem<\/h2>\n\t\t\n<style>\n#text-138487183 {\n  font-size: 1.2rem;\n  line-height: 1;\n  text-align: left;\n}\n@media (min-width:550px) {\n  #text-138487183 {\n    font-size: 1.5rem;\n  }\n}\n<\/style>\n\t<\/div>\n\t\n\t<div id=\"text-1279178160\" class=\"text\">\n\t\t\n<p class=\"lead\"><strong>Jeder Tropfen z\u00e4hlt.<\/strong><\/p>\n\t\t\n<style>\n#text-1279178160 {\n  text-align: left;\n}\n<\/style>\n\t<\/div>\n\t\n\t<div id=\"text-549534478\" class=\"text\">\n\t\t\n<p>Die Wasserumw\u00e4lzanlage in den Maschinen erm\u00f6glicht es, das in industriellen Prozessen verwendete Wasser zu <strong>sammeln<\/strong>, zu <strong>filtern <\/strong>und <strong>wiederzuverwenden<\/strong>. Dank dieses Systems <strong>reduzieren wir die Verschwendung<\/strong> einer wertvollen Ressource und tragen zu einer <strong>nachhaltigeren Produktion<\/strong> bei.<\/p>\n\t\t\n<style>\n#text-549534478 {\n  text-align: left;\n}\n<\/style>\n\t<\/div>\n\t\n\t<div id=\"text-779878482\" class=\"text\">\n\t\t\n<p class=\"lead\"><strong>Die wichtigsten Vorteile sind:<\/strong><\/p>\n\t\t\n<style>\n#text-779878482 {\n  text-align: left;\n}\n<\/style>\n\t<\/div>\n\t\n\t<div id=\"text-1715052756\" class=\"text\">\n\t\t\n<ul>\n<li class=\"bullet-arrow\">H\u00f6here Produktionseffizienz und -kontinuit\u00e4t<\/li>\n<li class=\"bullet-arrow\">Reduzierung des Wasserverbrauchs und der Umweltbelastung<\/li>\n<li class=\"bullet-arrow\">Senkung der Industriekosten<\/li>\n<\/ul>\n\t\t\n<style>\n#text-1715052756 {\n  text-align: left;\n}\n<\/style>\n\t<\/div>\n\t\n        <\/div>\r\n                \n<style>\n#col-639841382 > .col-inner {\n  padding: 40px 20px 40px 20px;\n  text-align: left;\n}\n@media (min-width:550px) {\n  #col-639841382 > .col-inner {\n    padding: 60px 40px 60px 40px;\n  }\n}\n@media (min-width:850px) {\n  #col-639841382 > .col-inner {\n    padding: 40px 80px 40px 80px;\n  }\n}\n<\/style>\n    <\/div>\r\n\r\n    \n<\/div>\n        <\/div>\r\n                \n<style>\n#col-1976647916 > .col-inner {\n  text-align: center;\n}\n<\/style>\n    <\/div>\r\n\r\n    \n\n<style>\n#row-1023578885 > .col > .col-inner {\n  background-color: rgb(255, 255, 255);\n}\n<\/style>\n<\/div>\n\t\t<\/div>\n\n\t\t\n<style>\n#section_1198722310 {\n  padding-top: 40px;\n  padding-bottom: 40px;\n}\n@media (min-width:550px) {\n  #section_1198722310 {\n    padding-top: 60px;\n    padding-bottom: 60px;\n  }\n}\n@media (min-width:850px) {\n  #section_1198722310 {\n    padding-top: 80px;\n    padding-bottom: 80px;\n  }\n}\n<\/style>\n\t<\/section>\n\t\n\n\t<section class=\"section dark\" id=\"section_179557944\">\n\t\t<div class=\"section-bg fill\" >\n\t\t\t\t\t\t\t\t\t\n\t\t\t\n\n\t\t<\/div>\n\n\t\t\n\n\t\t<div class=\"section-content relative\">\n\t\t\t\n<div class=\"row row-collapse row-full-width align-middle align-center\"  id=\"row-542189929\">\n\r\n    <div id=\"col-1862460982\" class=\"col medium-11 small-11 large-6 medium-col-first\"  data-animate=\"fadeInLeft\">\r\n                <div class=\"col-inner\"  >\r\n            \n            \n<div class=\"row row-collapse row-full-width align-center\"  id=\"row-1097858712\">\n\r\n    <div id=\"col-1028025303\" class=\"col medium-12 small-12 large-8\"  >\r\n                <div class=\"col-inner\"  >\r\n            \n            \n\t<div id=\"text-844083718\" class=\"text\">\n\t\t\n<p class=\"lead\"><strong>CSR UND REGION<\/strong><\/p>\n\t\t\n<style>\n#text-844083718 {\n  font-size: 1rem;\n  line-height: 1;\n  text-align: left;\n}\n<\/style>\n\t<\/div>\n\t\n\t<div id=\"text-3026471316\" class=\"text\">\n\t\t\n<h2>Gemeinsam wachsen bedeutet, Wert zur\u00fcckzugeben<\/h2>\n\t\t\n<style>\n#text-3026471316 {\n  font-size: 1.2rem;\n  line-height: 1;\n  text-align: left;\n}\n@media (min-width:550px) {\n  #text-3026471316 {\n    font-size: 1.5rem;\n  }\n}\n<\/style>\n\t<\/div>\n\t\n\t<div id=\"text-3168272665\" class=\"text\">\n\t\t\n<p>Die Region, in der wir ans\u00e4ssig sind, ist unser Zuhause, ebenso wie f\u00fcr diejenigen, die in unserer Umgebung leben und arbeiten. Plasticwork versteht die <strong>soziale Verantwortung von Unternehmen (CSR)<\/strong> als eine <strong>ganzheitliche Verpflichtung, die \u00f6kologische Nachhaltigkeit, lokale Entwicklung und Achtung der Menschen vereint<\/strong>. <\/p>\n<p>Es handelt sich nicht nur um eine ethische Entscheidung, sondern um den authentischen Wunsch, <strong>der Region durch konkrete Projekte<\/strong> zugunsten des Sozialwesens und der Gemeinschaft <strong>einen Mehrwert zur\u00fcckzugeben<\/strong>.<\/p>\n\t\t\n<style>\n#text-3168272665 {\n  text-align: left;\n}\n<\/style>\n\t<\/div>\n\t\n        <\/div>\r\n                \n<style>\n#col-1028025303 > .col-inner {\n  padding: 40px 0px 40px 0px;\n}\n@media (min-width:550px) {\n  #col-1028025303 > .col-inner {\n    padding: 60px 0px 60px 0px;\n  }\n}\n<\/style>\n    <\/div>\r\n\r\n    \n<\/div>\n        <\/div>\r\n                \n<style>\n#col-1862460982 > .col-inner {\n  padding: 0px 0px 0px 0px;\n}\n<\/style>\n    <\/div>\r\n\r\n    \n\r\n    <div id=\"col-520589512\" class=\"col medium-12 small-12 large-6\"  data-animate=\"fadeInRight\">\r\n                <div class=\"col-inner\"  >\r\n            \n            \n\n  <div class=\"banner has-hover has-parallax\" id=\"banner-1556510657\">\n          <div class=\"banner-inner fill\">\n        <div class=\"banner-bg fill\" data-parallax=\"-4\" data-parallax-container=\".banner\" data-parallax-background>\n            <img decoding=\"async\" width=\"1020\" height=\"721\" src=\"https:\/\/www.plasticwork.it\/wp-content\/uploads\/2025\/11\/Box-sostenibilita-1024x724.jpg\" class=\"bg attachment-large size-large\" alt=\"\">                        <div class=\"overlay\"><\/div>            \n                    <\/div>\n\t\t\n        <div class=\"banner-layers container\">\n            <div class=\"fill banner-link\"><\/div>            \n        <\/div>\n      <\/div>\n\n            \n<style>\n#banner-1556510657 {\n  padding-top: 380px;\n}\n#banner-1556510657 .overlay {\n  background-color: rgba(44, 86, 152, 0.128);\n}\n#banner-1556510657 .banner-bg img {\n  object-position: 76% 33%;\n}\n@media (min-width:550px) {\n  #banner-1556510657 {\n    padding-top: 480px;\n  }\n}\n@media (min-width:850px) {\n  #banner-1556510657 {\n    padding-top: 600px;\n  }\n}\n<\/style>\n  <\/div>\n\n\n        <\/div>\r\n                    <\/div>\r\n\r\n    \n<\/div>\n\t\t<\/div>\n\n\t\t\n<style>\n#section_179557944 {\n  padding-top: 0px;\n  padding-bottom: 0px;\n  background-color: #2c5698;\n}\n@media (min-width:850px) {\n  #section_179557944 {\n    padding-top: 0px;\n    padding-bottom: 0px;\n  }\n}\n<\/style>\n\t<\/section>\n\t\n\n\t<section class=\"section bg-grey\" id=\"section_1774677279\">\n\t\t<div class=\"section-bg fill\" >\n\t\t\t\t\t\t\t\t\t\n\t\t\t\n\n\t\t<\/div>\n\n\t\t\n\n\t\t<div class=\"section-content relative\">\n\t\t\t\n<div class=\"row row-small align-center\"  id=\"row-755308494\">\n\r\n    <div id=\"col-1907577852\" class=\"col medium-11 small-11 large-11\"  data-animate=\"bounceInUp\">\r\n                <div class=\"col-inner text-center\"  >\r\n            \n            \n<div class=\"row row-collapse align-bottom\"  id=\"row-891765081\">\n\r\n    <div id=\"col-1888675190\" class=\"col medium-12 small-12 large-7\"  >\r\n                <div class=\"col-inner text-left\"  >\r\n            \n            \n\t<div id=\"text-1103625443\" class=\"text\">\n\t\t\n<p class=\"lead\">Entdecken Sie, wie wir Ihr Projekt mit innovativen Materialien, fortschrittlichen Technologien und einem einwandfreien Service unterst\u00fctzen k\u00f6nnen.<\/p>\n\t\t\n<style>\n#text-1103625443 {\n  font-size: 1rem;\n  line-height: 1.3;\n  text-align: left;\n}\n@media (min-width:850px) {\n  #text-1103625443 {\n    text-align: left;\n  }\n}\n<\/style>\n\t<\/div>\n\t\n\t<div id=\"gap-818677184\" class=\"gap-element clearfix show-for-medium\" style=\"display:block; height:auto;\">\n\t\t\n<style>\n#gap-818677184 {\n  padding-top: 10px;\n}\n@media (min-width:850px) {\n  #gap-818677184 {\n    padding-top: 30px;\n  }\n}\n<\/style>\n\t<\/div>\n\t\n        <\/div>\r\n                \n<style>\n#col-1888675190 > .col-inner {\n  padding: 0px 0px 0px 0px;\n  margin: 0px 0px 0px 0px;\n  text-align: left;\n}\n<\/style>\n    <\/div>\r\n\r\n    \n\r\n    <div id=\"col-900271193\" class=\"col medium-12 small-12 large-5\"  >\r\n                <div class=\"col-inner text-right\"  >\r\n            \n            \n<a href=\"https:\/\/www.plasticwork.it\/de\/kontaktieren-sie-uns\/\" class=\"button primary\" style=\"padding:3px 15px 3px 15px;\">\n\t\t<span>Kontaktieren Sie uns f\u00fcr ma\u00dfgeschneiderte L\u00f6sungen<\/span>\n\t<i class=\"icon-angle-right\" aria-hidden=\"true\"><\/i><\/a>\n\n        <\/div>\r\n                \n<style>\n#col-900271193 > .col-inner {\n  margin: 0px 0px 0px 0px;\n  text-align: left;\n}\n@media (min-width:850px) {\n  #col-900271193 > .col-inner {\n    text-align: right;\n  }\n}\n<\/style>\n    <\/div>\r\n\r\n    \n<\/div>\n        <\/div>\r\n                \n<style>\n#col-1907577852 > .col-inner {\n  padding: 0px 0px 0px 0px;\n  margin: 0px 0px 0px 0px;\n  text-align: center;\n}\n<\/style>\n    <\/div>\r\n\r\n    \n<\/div>\n\t\t<\/div>\n\n\t\t\n<style>\n#section_1774677279 {\n  padding-top: 60px;\n  padding-bottom: 60px;\n}\n@media (min-width:550px) {\n  #section_1774677279 {\n    padding-top: 80px;\n    padding-bottom: 80px;\n  }\n}\n@media (min-width:850px) {\n  #section_1774677279 {\n    padding-top: 80px;\n    padding-bottom: 80px;\n  }\n}\n<\/style>\n\t<\/section>\n\t\n","protected":false},"excerpt":{"rendered":"","protected":false},"author":1,"featured_media":0,"parent":0,"menu_order":2,"comment_status":"closed","ping_status":"closed","template":"page-transparent-header.php","meta":{"footnotes":""},"class_list":["post-7848","page","type-page","status-publish","hentry"],"_links":{"self":[{"href":"https:\/\/www.plasticwork.it\/de\/wp-json\/wp\/v2\/pages\/7848","targetHints":{"allow":["GET"]}}],"collection":[{"href":"https:\/\/www.plasticwork.it\/de\/wp-json\/wp\/v2\/pages"}],"about":[{"href":"https:\/\/www.plasticwork.it\/de\/wp-json\/wp\/v2\/types\/page"}],"author":[{"embeddable":true,"href":"https:\/\/www.plasticwork.it\/de\/wp-json\/wp\/v2\/users\/1"}],"replies":[{"embeddable":true,"href":"https:\/\/www.plasticwork.it\/de\/wp-json\/wp\/v2\/comments?post=7848"}],"version-history":[{"count":7,"href":"https:\/\/www.plasticwork.it\/de\/wp-json\/wp\/v2\/pages\/7848\/revisions"}],"predecessor-version":[{"id":8450,"href":"https:\/\/www.plasticwork.it\/de\/wp-json\/wp\/v2\/pages\/7848\/revisions\/8450"}],"wp:attachment":[{"href":"https:\/\/www.plasticwork.it\/de\/wp-json\/wp\/v2\/media?parent=7848"}],"curies":[{"name":"wp","href":"https:\/\/api.w.org\/{rel}","templated":true}]}}