{"id":7864,"date":"2020-07-09T10:01:47","date_gmt":"2020-07-09T08:01:47","guid":{"rendered":"https:\/\/plasticwork.wpsd.it\/careers-2\/"},"modified":"2026-03-09T17:02:58","modified_gmt":"2026-03-09T16:02:58","slug":"careers","status":"publish","type":"page","link":"https:\/\/www.plasticwork.it\/de\/careers\/","title":{"rendered":"Careers"},"content":{"rendered":"\n\t<section class=\"section dark has-scroll-for-more\" id=\"section_1429107308\">\n\t\t<div class=\"section-bg fill\" >\n\t\t\t\t\t\t\t\t\t<div class=\"loading-spin centered\"><\/div><button class=\"scroll-for-more z-5 icon absolute bottom h-center\" aria-label=\"Scrollen f\u00fcr mehr\"><i class=\"icon-angle-down\" aria-hidden=\"true\" style=\"font-size:42px;\"><\/i><\/button>\n\t\t\t\n\n\t\t<\/div>\n\n\t\t\n\n\t\t<div class=\"section-content relative\">\n\t\t\t\n\n  <div class=\"banner has-hover is-full-height\" id=\"banner-182107495\">\n          <div class=\"banner-inner fill\">\n        <div class=\"banner-bg fill\" >\n            <img decoding=\"async\" width=\"1800\" height=\"1010\" src=\"https:\/\/www.plasticwork.it\/wp-content\/uploads\/2025\/11\/Plasticwork-LAVORO-IN-TEAM-GIOVANE-4.jpg\" class=\"bg attachment-original size-original\" alt=\"\">                                    \n                    <\/div>\n\t\t\n        <div class=\"banner-layers container\">\n            <div class=\"fill banner-link\"><\/div>            \n   <div id=\"text-box-1871716565\" class=\"text-box banner-layer x50 md-x50 lg-x50 y90 md-y90 lg-y90 res-text\">\n                     <div data-animate=\"bounceInUp\">           <div class=\"text-box-content text dark\">\n              \n              <div class=\"text-inner text-center\">\n                  \n\t<div id=\"text-3372224801\" class=\"text\">\n\t\t\n<h1>Careers<\/h1>\n\t\t\n<style>\n#text-3372224801 {\n  font-size: 1.8rem;\n  line-height: 1.05;\n}\n@media (min-width:550px) {\n  #text-3372224801 {\n    font-size: 2.6rem;\n  }\n}\n@media (min-width:850px) {\n  #text-3372224801 {\n    font-size: 2.55rem;\n  }\n}\n<\/style>\n\t<\/div>\n\t\n\t<div id=\"text-355130758\" class=\"text\">\n\t\t\n<h2>Unsere Mitarbeiter sind Schritt f\u00fcr Schritt mit uns gewachsen. Morgen k\u00f6nnten Sie es sein <\/h2>\n\t\t\n<style>\n#text-355130758 {\n  font-size: 0.95rem;\n  line-height: 1.05;\n}\n@media (min-width:550px) {\n  #text-355130758 {\n    font-size: 1.35rem;\n  }\n}\n@media (min-width:850px) {\n  #text-355130758 {\n    font-size: 1.55rem;\n  }\n}\n<\/style>\n\t<\/div>\n\t\n\t<div id=\"gap-1873989306\" class=\"gap-element clearfix\" style=\"display:block; height:auto;\">\n\t\t\n<style>\n#gap-1873989306 {\n  padding-top: 30px;\n}\n<\/style>\n\t<\/div>\n\t\n\t<div id=\"text-141085856\" class=\"text\">\n\t\t\n<p class=\"lead\">Homepage &gt; <strong>Careers<\/strong><\/p>\n\t\t\n<style>\n#text-141085856 {\n  font-size: 0.9rem;\n  line-height: 1;\n}\n@media (min-width:550px) {\n  #text-141085856 {\n    font-size: 0.85rem;\n  }\n}\n<\/style>\n\t<\/div>\n\t\n              <\/div>\n           <\/div>\n       <\/div>                     \n<style>\n#text-box-1871716565 {\n  width: 91%;\n}\n#text-box-1871716565 .text-box-content {\n  font-size: 100%;\n}\n@media (min-width:550px) {\n  #text-box-1871716565 {\n    width: 79%;\n  }\n}\n@media (min-width:850px) {\n  #text-box-1871716565 {\n    width: 74%;\n  }\n}\n<\/style>\n    <\/div>\n \n        <\/div>\n      <\/div>\n\n            \n<style>\n#banner-182107495 {\n  padding-top: 100%;\n}\n#banner-182107495 .banner-bg img {\n  object-position: 52% 62%;\n}\n<\/style>\n  <\/div>\n\n\n\t\t<\/div>\n\n\t\t\n<style>\n#section_1429107308 {\n  padding-top: 0px;\n  padding-bottom: 0px;\n}\n<\/style>\n\t<\/section>\n\t\n\n\t<section class=\"section dark\" id=\"section_718394298\">\n\t\t<div class=\"section-bg fill\" >\n\t\t\t\t\t\t\t\t\t\n\t\t\t\n\n\t\t<\/div>\n\n\t\t\n\n\t\t<div class=\"section-content relative\">\n\t\t\t\n<div class=\"row row-collapse row-full-width align-middle align-center\"  id=\"row-907590267\">\n\r\n    <div id=\"col-1057696023\" class=\"col medium-11 small-11 large-7 medium-col-first\"  data-animate=\"fadeInLeft\">\r\n                <div class=\"col-inner\"  >\r\n            \n            \n<div class=\"row row-collapse row-full-width align-center\"  id=\"row-1150509240\">\n\r\n    <div id=\"col-869812465\" class=\"col medium-12 small-12 large-8\"  >\r\n                <div class=\"col-inner\"  >\r\n            \n            \n\t<div id=\"text-2990306484\" class=\"text\">\n\t\t\n<h2>Wir bieten jungen Menschen Kompetenzen, Ausbildung und Aufmerksamkeit<\/h2>\n\t\t\n<style>\n#text-2990306484 {\n  font-size: 1.2rem;\n  line-height: 1;\n}\n@media (min-width:550px) {\n  #text-2990306484 {\n    font-size: 1.5rem;\n  }\n}\n<\/style>\n\t<\/div>\n\t\n\t<div id=\"text-2942778874\" class=\"text\">\n\t\t\n<p>Wir bei Plasticwork glauben, dass das Wachstum des Unternehmens von den Menschen abh\u00e4ngt, die ein Teil davon sind. Wir sind immer auf der Suche nach <strong>motivierten jungen Menschen<\/strong> und <strong>neugierigen Fachleuten<\/strong>, die bereit sind, zu lernen und neue Ideen einzubringen. Wir investieren in die kontinuierliche Weiterbildung und arbeiten mit <strong>Berufsschulen <\/strong>und Universit\u00e4ten wie dem <strong>Politecnico di Milano<\/strong> zusammen, um gemeinsam die Zukunft unserer Branche zu gestalten.  <\/p>\n<p>Wir bei Plasticwork glauben an den Wert der Menschen und den Aufbau dauerhafter Beziehungen.<br \/>\nViele unserer Mitarbeiter sind seit Jahren bei uns \u2013 ein Zeichen f\u00fcr das positive Umfeld und das Vertrauen, das wir uns jeden Tag zu schaffen bem\u00fchen.<br \/>\n\t\t\n<style>\n#text-2942778874 {\n  text-align: left;\n}\n<\/style>\n\t<\/div>\n\t\n        <\/div>\r\n                \n<style>\n#col-869812465 > .col-inner {\n  padding: 40px 0px 40px 0px;\n}\n@media (min-width:550px) {\n  #col-869812465 > .col-inner {\n    padding: 60px 0px 60px 0px;\n  }\n}\n<\/style>\n    <\/div>\r\n\r\n    \n<\/div>\n        <\/div>\r\n                \n<style>\n#col-1057696023 > .col-inner {\n  padding: 0px 0px 0px 0px;\n}\n<\/style>\n    <\/div>\r\n\r\n    \n\r\n    <div id=\"col-1612975102\" class=\"col medium-12 small-12 large-5\"  data-animate=\"fadeInRight\">\r\n                <div class=\"col-inner\"  >\r\n            \n            \n\n  <div class=\"banner has-hover has-parallax\" id=\"banner-2116705732\">\n          <div class=\"banner-inner fill\">\n        <div class=\"banner-bg fill\" data-parallax=\"-1\" data-parallax-container=\".banner\" data-parallax-background>\n            <img decoding=\"async\" width=\"1200\" height=\"673\" src=\"https:\/\/www.plasticwork.it\/wp-content\/uploads\/2025\/11\/img1-pagina-career.jpg\" class=\"bg attachment-original size-original\" alt=\"\">                        <div class=\"overlay\"><\/div>            \n                    <\/div>\n\t\t\n        <div class=\"banner-layers container\">\n            <div class=\"fill banner-link\"><\/div>            \n        <\/div>\n      <\/div>\n\n            \n<style>\n#banner-2116705732 {\n  padding-top: 380px;\n}\n#banner-2116705732 .overlay {\n  background-color: rgba(44, 86, 152, 0.145);\n}\n#banner-2116705732 .banner-bg img {\n  object-position: 50% 23%;\n}\n@media (min-width:550px) {\n  #banner-2116705732 {\n    padding-top: 480px;\n  }\n}\n@media (min-width:850px) {\n  #banner-2116705732 {\n    padding-top: 650px;\n  }\n}\n<\/style>\n  <\/div>\n\n\n        <\/div>\r\n                    <\/div>\r\n\r\n    \n<\/div>\n\t\t<\/div>\n\n\t\t\n<style>\n#section_718394298 {\n  padding-top: 0px;\n  padding-bottom: 0px;\n  background-color: #2c5698;\n}\n@media (min-width:850px) {\n  #section_718394298 {\n    padding-top: 0px;\n    padding-bottom: 0px;\n  }\n}\n<\/style>\n\t<\/section>\n\t\n\n\t<section class=\"section bg-grey\" id=\"section_1709155370\">\n\t\t<div class=\"section-bg fill\" >\n\t\t\t\t\t\t\t\t\t\n\t\t\t\n\n\t\t<\/div>\n\n\t\t\n\n\t\t<div class=\"section-content relative\">\n\t\t\t\n<div class=\"row row-small align-center\"  id=\"row-1688286409\">\n\r\n    <div id=\"col-1960461959\" class=\"col medium-11 small-11 large-10\"  data-animate=\"bounceInUp\">\r\n                <div class=\"col-inner text-center\"  >\r\n            \n            \n\t<div id=\"text-2385367330\" class=\"text\">\n\t\t\n<h2>M\u00f6chten Sie uns besser kennenlernen?<\/h2>\n\t\t\n<style>\n#text-2385367330 {\n  font-size: 1.2rem;\n  line-height: 1;\n}\n@media (min-width:550px) {\n  #text-2385367330 {\n    font-size: 1.5rem;\n  }\n}\n<\/style>\n\t<\/div>\n\t\n<p>H\u00f6ren Sie sich an, was unsere Mitarbeiter sagen, um zu verstehen, was <em>Plasticwork <\/em>zu einem inspirierenden Umfeld f\u00fcr Wachstum macht.<\/p>\n\t<div id=\"gap-970407247\" class=\"gap-element clearfix\" style=\"display:block; height:auto;\">\n\t\t\n<style>\n#gap-970407247 {\n  padding-top: 30px;\n}\n<\/style>\n\t<\/div>\n\t\n<a href=\"\/video\/plasticwork-intervista-alessandro-subtitle.mp4\" class=\"button primary open-video\" style=\"border-radius:99px;\">\n\t\t<span>Video ansehen<\/span>\n\t<i class=\"icon-play\" aria-hidden=\"true\"><\/i><\/a>\n\n        <\/div>\r\n                \n<style>\n#col-1960461959 > .col-inner {\n  text-align: left;\n}\n@media (min-width:850px) {\n  #col-1960461959 > .col-inner {\n    text-align: center;\n  }\n}\n<\/style>\n    <\/div>\r\n\r\n    \n<\/div>\n\t\t<\/div>\n\n\t\t\n<style>\n#section_1709155370 {\n  padding-top: 40px;\n  padding-bottom: 40px;\n  min-height: 0px;\n}\n@media (min-width:550px) {\n  #section_1709155370 {\n    padding-top: 60px;\n    padding-bottom: 60px;\n  }\n}\n@media (min-width:850px) {\n  #section_1709155370 {\n    padding-top: 80px;\n    padding-bottom: 80px;\n  }\n}\n<\/style>\n\t<\/section>\n\t\n\n\t<section class=\"section\" id=\"section_162741027\">\n\t\t<div class=\"section-bg fill\" >\n\t\t\t\t\t\t\t\t\t\n\t\t\t\n\n\t\t<\/div>\n\n\t\t\n\n\t\t<div class=\"section-content relative\">\n\t\t\t\n<div class=\"row row-collapse row-full-width align-center\"  id=\"row-381755080\">\n\r\n    <div id=\"col-1072946829\" class=\"col medium-12 small-12 large-5\"  data-animate=\"fadeInLeft\">\r\n                <div class=\"col-inner text-center\"  >\r\n            \n            \n\n  <div class=\"banner has-hover has-parallax\" id=\"banner-1438557827\">\n          <div class=\"banner-inner fill\">\n        <div class=\"banner-bg fill\" data-parallax=\"-2\" data-parallax-container=\".banner\" data-parallax-background>\n            <img decoding=\"async\" width=\"1200\" height=\"673\" src=\"https:\/\/www.plasticwork.it\/wp-content\/uploads\/2025\/11\/img2-pagina-career.jpg\" class=\"bg attachment-original size-original\" alt=\"\">                                    \n                    <\/div>\n\t\t\n        <div class=\"banner-layers container\">\n            <div class=\"fill banner-link\"><\/div>            \n        <\/div>\n      <\/div>\n\n            \n<style>\n#banner-1438557827 {\n  padding-top: 380px;\n}\n#banner-1438557827 .banner-bg img {\n  object-position: 47% 45%;\n}\n@media (min-width:550px) {\n  #banner-1438557827 {\n    padding-top: 480px;\n  }\n}\n@media (min-width:850px) {\n  #banner-1438557827 {\n    padding-top: 850px;\n  }\n}\n<\/style>\n  <\/div>\n\n\n        <\/div>\r\n                \n<style>\n#col-1072946829 > .col-inner {\n  text-align: center;\n}\n<\/style>\n    <\/div>\r\n\r\n    \n\r\n    <div id=\"col-739937127\" class=\"col medium-11 small-11 large-7 medium-col-first\"  data-animate=\"fadeInRight\">\r\n                <div class=\"col-inner\"  >\r\n            \n            \n<div class=\"row row-collapse row-full-width align-center\"  id=\"row-287274975\">\n\r\n    <div id=\"col-1119307740\" class=\"col medium-12 small-12 large-9\"  >\r\n                <div class=\"col-inner\"  >\r\n            \n            \n\t<div id=\"text-1284454166\" class=\"text\">\n\t\t\n<h2>Initiativbewerbung<\/h2>\n\t\t\n<style>\n#text-1284454166 {\n  font-size: 1.2rem;\n  line-height: 1;\n}\n@media (min-width:550px) {\n  #text-1284454166 {\n    font-size: 1.5rem;\n  }\n}\n<\/style>\n\t<\/div>\n\t\n\t<div id=\"text-13048315\" class=\"text\">\n\t\t\n<p>Auch wenn derzeit keine Stellen zu besetzen sind, k\u00f6nnen Sie uns Ihre <strong>Initiativbewerbung<\/strong> zusenden. F\u00fcllen Sie das untenstehende Formular aus und f\u00fcgen Sie Ihren Lebenslauf bei: Wir freuen uns, Sie kennenzulernen und Ihr Profil f\u00fcr zuk\u00fcnftige Stellenangebote zu pr\u00fcfen.<br \/>\n\t\t\n<style>\n#text-13048315 {\n  line-height: 1.25;\n}\n<\/style>\n\t<\/div>\n\t\n\t<div id=\"gap-541857017\" class=\"gap-element clearfix\" style=\"display:block; height:auto;\">\n\t\t\n<style>\n#gap-541857017 {\n  padding-top: 20px;\n}\n<\/style>\n\t<\/div>\n\t\n\n<div class=\"wpcf7 no-js\" id=\"wpcf7-f7870-o1\" lang=\"de-DE\" dir=\"ltr\" data-wpcf7-id=\"7870\">\n<div class=\"screen-reader-response\"><p role=\"status\" aria-live=\"polite\" aria-atomic=\"true\"><\/p> <ul><\/ul><\/div>\n<form action=\"\/de\/wp-json\/wp\/v2\/pages\/7864#wpcf7-f7870-o1\" method=\"post\" class=\"wpcf7-form init wpcf7-acceptance-as-validation\" aria-label=\"Kontaktformular\" enctype=\"multipart\/form-data\" novalidate=\"novalidate\" data-status=\"init\">\n<fieldset class=\"hidden-fields-container\"><input type=\"hidden\" name=\"_wpcf7\" value=\"7870\" \/><input type=\"hidden\" name=\"_wpcf7_version\" value=\"6.1.5\" \/><input type=\"hidden\" name=\"_wpcf7_locale\" value=\"de_DE\" \/><input type=\"hidden\" name=\"_wpcf7_unit_tag\" value=\"wpcf7-f7870-o1\" \/><input type=\"hidden\" name=\"_wpcf7_container_post\" value=\"0\" \/><input type=\"hidden\" name=\"_wpcf7_posted_data_hash\" value=\"\" \/><input type=\"hidden\" name=\"_wpcf7_recaptcha_response\" value=\"\" \/>\n<\/fieldset>\n<div class=\"row form-inline\">\n\t<div class=\"col large-6\">\n\t\t<p><label for=\"your-name\">Vor- und Nachname*<\/label><br \/>\n<span class=\"wpcf7-form-control-wrap\" data-name=\"your-name\"><input size=\"40\" maxlength=\"400\" class=\"wpcf7-form-control wpcf7-text wpcf7-validates-as-required\" id=\"your-name\" aria-required=\"true\" aria-invalid=\"false\" value=\"\" type=\"text\" name=\"your-name\" \/><\/span>\n\t\t<\/p>\n\t<\/div>\n\t<div class=\"col large-6\">\n\t\t<p><label for=\"your-email\">E-mail*<\/label><br \/>\n<span class=\"wpcf7-form-control-wrap\" data-name=\"your-email\"><input size=\"40\" maxlength=\"400\" class=\"wpcf7-form-control wpcf7-email wpcf7-validates-as-required wpcf7-text wpcf7-validates-as-email\" id=\"your-email\" aria-required=\"true\" aria-invalid=\"false\" value=\"\" type=\"email\" name=\"your-email\" \/><\/span>\n\t\t<\/p>\n\t<\/div>\n\t<div class=\"col large-6\">\n\t\t<p><label for=\"your-phone\">Telefon*<\/label><br \/>\n<span class=\"wpcf7-form-control-wrap\" data-name=\"your-phone\"><input size=\"40\" maxlength=\"400\" class=\"wpcf7-form-control wpcf7-text wpcf7-validates-as-required\" id=\"your-phone\" aria-required=\"true\" aria-invalid=\"false\" value=\"\" type=\"text\" name=\"your-phone\" \/><\/span>\n\t\t<\/p>\n\t<\/div>\n\t<div class=\"col large-6\">\n\t\t<p><label for=\"select-interesse\">Interessensgebiet<\/label><span class=\"wpcf7-form-control-wrap\" data-name=\"select-interesse\"><select class=\"wpcf7-form-control wpcf7-select wpcf7-validates-as-required\" id=\"select-interesse\" aria-required=\"true\" aria-invalid=\"false\" name=\"select-interesse\"><option value=\"Produktion\">Produktion<\/option><option value=\"Planung\">Planung<\/option><option value=\"Qualit\u00e4t\">Qualit\u00e4t<\/option><option value=\"Verwaltung\">Verwaltung<\/option><option value=\"Ecc.\">Ecc.<\/option><\/select><\/span>\n\t\t<\/p>\n\t<\/div>\n\t<div class=\"col large-12\">\n\t\t<p><label for=\"your-message\">Kurze Vorstellung<\/label><br \/>\n<span class=\"wpcf7-form-control-wrap\" data-name=\"your-message\"><textarea cols=\"40\" rows=\"10\" maxlength=\"2000\" class=\"wpcf7-form-control wpcf7-textarea\" id=\"your-message\" aria-invalid=\"false\" placeholder=\"Geben Sie hier Ihre Nachricht ein...\" name=\"your-message\"><\/textarea><\/span>\n\t\t<\/p>\n\t<\/div>\n\t<div class=\"col large-12\">\n\t\t<p><label for=\"file-cv\">Lebenslauf hochladen<\/label><br \/>\n<span class=\"wpcf7-form-control-wrap\" data-name=\"file-cv\"><input size=\"40\" class=\"wpcf7-form-control wpcf7-file\" id=\"file-cv\" accept=\"image\/*,.pdf\" aria-invalid=\"false\" type=\"file\" name=\"file-cv\" \/><\/span>\n\t\t<\/p>\n\t<\/div>\n<\/div>\n<div class=\"row form-inline\">\n\t<div class=\"col large-12\" style=\"margin-bottom: 30px\">\n\t\t<p><label class=\"acceptance\" style=\"font-weight: normal;\"><span class=\"wpcf7-form-control-wrap\" data-name=\"Accettazione-privacy\"><span class=\"wpcf7-form-control wpcf7-acceptance\"><span class=\"wpcf7-list-item\"><input type=\"checkbox\" name=\"Accettazione-privacy\" value=\"1\" aria-invalid=\"false\" \/><\/span><\/span><\/span> Ich bin damit einverstanden, dass meine Daten erfasst und gespeichert werden. Weitere Informationen zur Verwendung der erfassten Daten finden Sie in unserer <a href=\"\/menu-privacy\/privacy-policy\/\">Datenschutzerkl\u00e4rung<\/a>. <\/label>\n\t\t<\/p>\n\t<\/div>\n\t<div class=\"col large-12 text-left\">\n\t\t<p><input class=\"wpcf7-form-control wpcf7-submit has-spinner button primary\" type=\"submit\" value=\"BEWERBUNG ABSENDEN\" \/>\n\t\t<\/p>\n\t<\/div>\n<\/div><div class=\"wpcf7-response-output\" aria-hidden=\"true\"><\/div>\n<\/form>\n<\/div>\n\n\t<div id=\"gap-201674309\" class=\"gap-element clearfix\" style=\"display:block; height:auto;\">\n\t\t\n<style>\n#gap-201674309 {\n  padding-top: 30px;\n}\n<\/style>\n\t<\/div>\n\t\n\t<div id=\"text-866405969\" class=\"text\">\n\t\t\n<p class=\"lead\"><span data-text-color=\"primary\"><strong>Plasticwork, wo Menschen den Unterschied machen.<\/strong><\/span><br \/>\nWir beantworten immer Ihre Fragen!<\/p>\n\t\t\n<style>\n#text-866405969 {\n  line-height: 1.25;\n}\n<\/style>\n\t<\/div>\n\t\n        <\/div>\r\n                \n<style>\n#col-1119307740 > .col-inner {\n  padding: 40px 0px 40px 0px;\n  text-align: left;\n}\n@media (min-width:550px) {\n  #col-1119307740 > .col-inner {\n    padding: 60px 0px 60px 0px;\n  }\n}\n@media (min-width:850px) {\n  #col-1119307740 > .col-inner {\n    padding: 60px 0px 20px 0px;\n  }\n}\n<\/style>\n    <\/div>\r\n\r\n    \n<\/div>\n        <\/div>\r\n                \n<style>\n#col-739937127 > .col-inner {\n  padding: 0px 0px 0px 0px;\n}\n<\/style>\n    <\/div>\r\n\r\n    \n<\/div>\n\t\t<\/div>\n\n\t\t\n<style>\n#section_162741027 {\n  padding-top: 0px;\n  padding-bottom: 0px;\n}\n@media (min-width:850px) {\n  #section_162741027 {\n    padding-top: 0px;\n    padding-bottom: 0px;\n  }\n}\n<\/style>\n\t<\/section>\n\t\n","protected":false},"excerpt":{"rendered":"","protected":false},"author":1,"featured_media":0,"parent":0,"menu_order":2,"comment_status":"closed","ping_status":"closed","template":"page-transparent-header.php","meta":{"footnotes":""},"class_list":["post-7864","page","type-page","status-publish","hentry"],"_links":{"self":[{"href":"https:\/\/www.plasticwork.it\/de\/wp-json\/wp\/v2\/pages\/7864","targetHints":{"allow":["GET"]}}],"collection":[{"href":"https:\/\/www.plasticwork.it\/de\/wp-json\/wp\/v2\/pages"}],"about":[{"href":"https:\/\/www.plasticwork.it\/de\/wp-json\/wp\/v2\/types\/page"}],"author":[{"embeddable":true,"href":"https:\/\/www.plasticwork.it\/de\/wp-json\/wp\/v2\/users\/1"}],"replies":[{"embeddable":true,"href":"https:\/\/www.plasticwork.it\/de\/wp-json\/wp\/v2\/comments?post=7864"}],"version-history":[{"count":4,"href":"https:\/\/www.plasticwork.it\/de\/wp-json\/wp\/v2\/pages\/7864\/revisions"}],"predecessor-version":[{"id":8508,"href":"https:\/\/www.plasticwork.it\/de\/wp-json\/wp\/v2\/pages\/7864\/revisions\/8508"}],"wp:attachment":[{"href":"https:\/\/www.plasticwork.it\/de\/wp-json\/wp\/v2\/media?parent=7864"}],"curies":[{"name":"wp","href":"https:\/\/api.w.org\/{rel}","templated":true}]}}