{"id":7969,"date":"2024-06-21T17:15:12","date_gmt":"2024-06-21T15:15:12","guid":{"rendered":"https:\/\/plasticwork.wpsd.it\/?page_id=7969"},"modified":"2025-12-18T10:00:52","modified_gmt":"2025-12-18T09:00:52","slug":"erklaerung-zur-barrierefreiheit","status":"publish","type":"page","link":"https:\/\/www.plasticwork.it\/de\/menu-datenschutz\/erklaerung-zur-barrierefreiheit\/","title":{"rendered":"Erkl\u00e4rung zur Barrierefreiheit"},"content":{"rendered":"\n\t<section class=\"section\" id=\"section_1182317299\">\n\t\t<div class=\"section-bg fill\" >\n\t\t\t\t\t\t\t\t\t\n\t\t\t\n\n\t\t<\/div>\n\n\t\t\n\n\t\t<div class=\"section-content relative\">\n\t\t\t\n<div class=\"row align-center\"  id=\"row-1812378367\">\n\r\n    <div id=\"col-1081242446\" class=\"col medium-9 small-12 large-9\"  >\r\n                <div class=\"col-inner\"  >\r\n            \n            \n<p>Plasticwork S.r.l. verpflichtet sich, die Website barrierefrei zug\u00e4nglich zu machen, in \u00dcbereinstimmung mit dem Gesetz vom 9. Januar 2004, Nr. 4. Diese Erkl\u00e4rung zur Barrierefreiheit gilt f\u00fcr: <strong>www.plasticwork.it<br \/>\n<\/strong><\/p>\n<h2 class=\"h3\">Konformit\u00e4tsstatus:<\/h2>\n<p><em>Teilweise konform<\/em> Diese Website ist aufgrund der nachstehend aufgef\u00fchrten F\u00e4lle der Nichtkonformit\u00e4t teilweise konform mit den Anforderungen gem\u00e4\u00df Anhang A der Norm UNI CEI EN 301549.<\/p>\n<h2 class=\"h3\">Nicht zug\u00e4ngliche Inhalte<\/h2>\n<p>Die nachstehend aufgef\u00fchrten Inhalte sind aus den folgenden Gr\u00fcnden nicht barrierefrei und stellen einen Versto\u00df gegen das Gesetz vom 9. Januar 2004, Nr. 4 dar:<\/p>\n<ul>\n<li class=\"bullet-arrow\" data-start=\"211\" data-end=\"391\">\n<p data-start=\"213\" data-end=\"391\">Einige Links sind m\u00f6glicherweise nicht eindeutig vom umgebenden Text unterscheidbar, da sie ausschlie\u00dflich auf Farbe basieren.<br data-start=\"330\" data-end=\"333\" \/><strong data-start=\"335\" data-end=\"356\">WCAG-Referenz:<\/strong> 1.4.1 \u2013 Verwendung von Farbe (Stufe A)<\/p>\n<\/li>\n<li class=\"bullet-arrow\" data-start=\"797\" data-end=\"955\">\n<p data-start=\"799\" data-end=\"955\">Einige Elemente verf\u00fcgen m\u00f6glicherweise nicht \u00fcber angemessene Textbeschriftungen f\u00fcr assistive Technologien.<br data-start=\"886\" data-end=\"889\" \/><strong data-start=\"891\" data-end=\"912\">WCAG-Referenz:<\/strong> 1.1.1 \u2013 Nicht-textuelle Inhalte (Stufe A)<\/p>\n<\/li>\n<li class=\"bullet-arrow\" data-start=\"957\" data-end=\"1135\">\n<p data-start=\"959\" data-end=\"1135\">In einigen Bereichen erreicht der Kontrast zwischen Text (oder Textbildern) und Hintergrund m\u00f6glicherweise nicht das erforderliche Mindestverh\u00e4ltnis.<br data-start=\"1071\" data-end=\"1074\" \/><strong data-start=\"1076\" data-end=\"1097\">WCAG-Referenz:<\/strong> 1.4.3 \u2013 Mindestkontrast (Stufe AA)<\/p>\n<\/li>\n<li class=\"bullet-arrow\" data-start=\"1137\" data-end=\"1288\">\n<p data-start=\"1139\" data-end=\"1288\">Bei der Navigation mit der Tastatur ist der Fokus m\u00f6glicherweise nicht immer klar erkennbar.<br data-start=\"1226\" data-end=\"1229\" \/><strong data-start=\"1231\" data-end=\"1252\">WCAG-Referenz:<\/strong> 2.4.7 \u2013 Sichtbarer Fokus (Stufe AA)<\/p>\n<\/li>\n<\/ul>\n<h2 class=\"h3\">Erstellung der Erkl\u00e4rung zur Barrierefreiheit<\/h2>\n<p>Diese Erkl\u00e4rung wurde am <strong>17\/12\/2025<\/strong> erstellt.<\/p>\n<p>Die Bewertung wurde <strong>von Dritten durchgef\u00fchrt<\/strong> und basiert auf objektiven und subjektiven Analysen (vgl. Artikel 3 Absatz 1 der Durchf\u00fchrungsentscheidung (EU) 2018\/1523 der Kommission).<\/p>\n<h2 class=\"h3\">Feedback und Kontaktinformationen<\/h2>\n<p>Plasticwork S.r.l. stellt eine E-Mail-Adresse zur Verf\u00fcgung, um F\u00e4lle der Nichtkonformit\u00e4t zu melden: <a href=\"mailto:info@plasticwork.it\">info@plasticwork.it<\/a><\/p>\n<h2 class=\"h3\">Verfahren zur \u00dcbermittlung von Meldungen an die AgID<\/h2>\n<p>Bei unzufriedenstellender Antwort oder ausbleibender Antwort innerhalb von drei\u00dfig Tagen nach der Meldung oder Anfrage kann die betroffene Person eine Meldung an die AgID per PEC an folgende Adresse senden: <a href=\"mailto:protocollo@pec.agid.gov.it\">protocollo@pec.agid.gov.it<\/a><\/p>\n<h2 class=\"h3\">Informationen zur Website<\/h2>\n<ol>\n<li>Ver\u00f6ffentlichungsdatum der Website: <strong>17\/12\/2025<\/strong><\/li>\n<li>Es wurden Usability-Tests durchgef\u00fchrt: <strong>Ja<\/strong><\/li>\n<li>F\u00fcr die Website verwendetes CMS: <strong>WordPress<\/strong><\/li>\n<\/ol>\n        <\/div>\r\n                    <\/div>\r\n\r\n    \n<\/div>\n\t\t<\/div>\n\n\t\t\n<style>\n#section_1182317299 {\n  padding-top: 30px;\n  padding-bottom: 30px;\n}\n<\/style>\n\t<\/section>\n\t\n","protected":false},"excerpt":{"rendered":"","protected":false},"author":1,"featured_media":0,"parent":7803,"menu_order":0,"comment_status":"closed","ping_status":"closed","template":"page-blank-title-center.php","meta":{"footnotes":""},"class_list":["post-7969","page","type-page","status-publish","hentry"],"_links":{"self":[{"href":"https:\/\/www.plasticwork.it\/de\/wp-json\/wp\/v2\/pages\/7969","targetHints":{"allow":["GET"]}}],"collection":[{"href":"https:\/\/www.plasticwork.it\/de\/wp-json\/wp\/v2\/pages"}],"about":[{"href":"https:\/\/www.plasticwork.it\/de\/wp-json\/wp\/v2\/types\/page"}],"author":[{"embeddable":true,"href":"https:\/\/www.plasticwork.it\/de\/wp-json\/wp\/v2\/users\/1"}],"replies":[{"embeddable":true,"href":"https:\/\/www.plasticwork.it\/de\/wp-json\/wp\/v2\/comments?post=7969"}],"version-history":[{"count":0,"href":"https:\/\/www.plasticwork.it\/de\/wp-json\/wp\/v2\/pages\/7969\/revisions"}],"up":[{"embeddable":true,"href":"https:\/\/www.plasticwork.it\/de\/wp-json\/wp\/v2\/pages\/7803"}],"wp:attachment":[{"href":"https:\/\/www.plasticwork.it\/de\/wp-json\/wp\/v2\/media?parent=7969"}],"curies":[{"name":"wp","href":"https:\/\/api.w.org\/{rel}","templated":true}]}}