{"id":7589,"date":"2020-07-09T10:01:47","date_gmt":"2020-07-09T08:01:47","guid":{"rendered":"https:\/\/plasticwork.wpsd.it\/polymeres\/"},"modified":"2026-01-23T10:10:31","modified_gmt":"2026-01-23T09:10:31","slug":"polymeres","status":"publish","type":"page","link":"https:\/\/www.plasticwork.it\/fr\/polymeres\/","title":{"rendered":"Polym\u00e8res"},"content":{"rendered":"\n\t<section class=\"section dark has-scroll-for-more\" id=\"section_118580836\">\n\t\t<div class=\"section-bg fill\" >\n\t\t\t\t\t\t\t\t\t<div class=\"loading-spin centered\"><\/div><button class=\"scroll-for-more z-5 icon absolute bottom h-center\" aria-label=\"Fais d\u00e9filer pour en savoir plus\"><i class=\"icon-angle-down\" aria-hidden=\"true\" style=\"font-size:42px;\"><\/i><\/button>\n\t\t\t\n\n\t\t<\/div>\n\n\t\t\n\n\t\t<div class=\"section-content relative\">\n\t\t\t\n\n  <div class=\"banner has-hover has-video is-full-height\" id=\"banner-329170146\">\n          <div class=\"banner-inner fill\">\n        <div class=\"banner-bg fill\" >\n                        \t<div class=\"video-overlay no-click fill visible\"><\/div>\n\t<video class=\"video-bg fill visible\" preload playsinline autoplay muted loop>\n\t\t<source src=\"\/wp-content\/uploads\/2025\/10\/video-polimeri.mp4\" type=\"video\/mp4\">\t<\/video>\n            <div class=\"overlay\"><\/div>            \n                    <\/div>\n\t\t\n        <div class=\"banner-layers container\">\n            <div class=\"fill banner-link\"><\/div>            \n   <div id=\"text-box-898428387\" class=\"text-box banner-layer x50 md-x50 lg-x50 y90 md-y90 lg-y90 res-text\">\n                     <div data-animate=\"bounceInUp\">           <div class=\"text-box-content text dark\">\n              \n              <div class=\"text-inner text-center\">\n                  \n\t<div id=\"text-2583642078\" class=\"text\">\n\t\t\n<h1>Polym\u00e8res<\/h1>\n\t\t\n<style>\n#text-2583642078 {\n  font-size: 1.8rem;\n  line-height: 1.05;\n}\n@media (min-width:550px) {\n  #text-2583642078 {\n    font-size: 2.6rem;\n  }\n}\n@media (min-width:850px) {\n  #text-2583642078 {\n    font-size: 2.55rem;\n  }\n}\n<\/style>\n\t<\/div>\n\t\n\t<div id=\"text-1324767642\" class=\"text\">\n\t\t\n<h2>Technopolym\u00e8res: Innovation et performances avec Plasticwork<\/h2>\n\t\t\n<style>\n#text-1324767642 {\n  font-size: 0.95rem;\n  line-height: 1.05;\n}\n@media (min-width:550px) {\n  #text-1324767642 {\n    font-size: 1.35rem;\n  }\n}\n@media (min-width:850px) {\n  #text-1324767642 {\n    font-size: 1.55rem;\n  }\n}\n<\/style>\n\t<\/div>\n\t\n\t<div id=\"gap-800875332\" class=\"gap-element clearfix\" style=\"display:block; height:auto;\">\n\t\t\n<style>\n#gap-800875332 {\n  padding-top: 30px;\n}\n<\/style>\n\t<\/div>\n\t\n\t<div id=\"text-1538198991\" class=\"text\">\n\t\t\n<p class=\"lead\">Accueil &gt; Polym\u00e8res<\/p>\n\t\t\n<style>\n#text-1538198991 {\n  font-size: 0.9rem;\n  line-height: 1;\n}\n@media (min-width:550px) {\n  #text-1538198991 {\n    font-size: 0.85rem;\n  }\n}\n<\/style>\n\t<\/div>\n\t\n              <\/div>\n           <\/div>\n       <\/div>                     \n<style>\n#text-box-898428387 {\n  width: 91%;\n}\n#text-box-898428387 .text-box-content {\n  font-size: 100%;\n}\n@media (min-width:550px) {\n  #text-box-898428387 {\n    width: 79%;\n  }\n}\n@media (min-width:850px) {\n  #text-box-898428387 {\n    width: 74%;\n  }\n}\n<\/style>\n    <\/div>\n \n        <\/div>\n      <\/div>\n\n            \n<style>\n#banner-329170146 {\n  padding-top: 100%;\n}\n#banner-329170146 .overlay {\n  background-color: rgba(13, 38, 79, 0.233);\n}\n<\/style>\n  <\/div>\n\n\n\t\t<\/div>\n\n\t\t\n<style>\n#section_118580836 {\n  padding-top: 0px;\n  padding-bottom: 0px;\n}\n<\/style>\n\t<\/section>\n\t\n\n\t<section class=\"section\" id=\"section_1720505065\">\n\t\t<div class=\"section-bg fill\" >\n\t\t\t\t\t\t\t\t\t\n\t\t\t\n\n\t\t<\/div>\n\n\t\t\n\n\t\t<div class=\"section-content relative\">\n\t\t\t\n<div class=\"row row-collapse row-full-width align-middle align-center\"  id=\"row-1917325209\">\n\r\n    <div id=\"col-129171421\" class=\"col medium-11 small-11 large-6 medium-col-first\"  data-animate=\"fadeInLeft\">\r\n                <div class=\"col-inner\"  >\r\n            \n            \n<div class=\"row row-collapse row-full-width align-center\"  id=\"row-1983508142\">\n\r\n    <div id=\"col-472697496\" class=\"col medium-12 small-12 large-8\"  >\r\n                <div class=\"col-inner\"  >\r\n            \n            \n\t<div id=\"text-39577321\" class=\"text\">\n\t\t\n<p class=\"lead\"><strong>LA CHOIX DE LA MATI\u00c8RE PREMI\u00c8RE<\/strong><\/p>\n\t\t\n<style>\n#text-39577321 {\n  font-size: 1rem;\n  line-height: 1;\n  text-align: left;\n}\n@media (min-width:550px) {\n  #text-39577321 {\n    line-height: 1;\n  }\n}\n<\/style>\n\t<\/div>\n\t\n\t<div id=\"text-3916124459\" class=\"text\">\n\t\t\n<h2>Sp\u00e9cialisation Plasticwork<\/h2>\n\t\t\n<style>\n#text-3916124459 {\n  font-size: 1.2rem;\n  line-height: 1;\n  text-align: left;\n}\n@media (min-width:550px) {\n  #text-3916124459 {\n    font-size: 1.5rem;\n  }\n}\n<\/style>\n\t<\/div>\n\t\n\t<div id=\"text-282207841\" class=\"text\">\n\t\t\n<p>Les polym\u00e8res sont des mat\u00e9riaux constitu\u00e9s de longues cha\u00eenes mol\u00e9culaires qui d\u00e9terminent les propri\u00e9t\u00e9s et les caract\u00e9ristiques des mat\u00e9riaux eux-m\u00eames. Gr\u00e2ce \u00e0 leurs propri\u00e9t\u00e9s diverses et multiples, ils trouvent des applications dans de nombreux secteurs: m\u00e9canique, \u00e9lectronique, param\u00e9dical, chauffage et plomberie, ing\u00e9nierie des fluides, gaz.<\/p>\n\t\t\n<style>\n#text-282207841 {\n  text-align: left;\n}\n<\/style>\n\t<\/div>\n\t\n\t<div id=\"text-231637318\" class=\"text\">\n\t\t\n<p>Plasticwork est sp\u00e9cialis\u00e9e dans la transformation de technopolym\u00e8res qui offrent:<\/p>\n<ul>\n<li class=\"bullet-arrow\"><strong>R\u00e9sistance m\u00e9canique, thermique et chimique.<\/strong><\/li>\n<li class=\"bullet-arrow\"><strong>L\u00e9g\u00e8ret\u00e9 <\/strong>et possibilit\u00e9 de remplacer les m\u00e9taux (<strong>Metal Replacement<\/strong>).<\/li>\n<li class=\"bullet-arrow\"><strong>Pr\u00e9cision et personnalisation.<\/strong><\/li>\n<li class=\"bullet-arrow\"><strong>Durabilit\u00e9<\/strong> gr\u00e2ce \u00e0 la long\u00e9vit\u00e9 des composants.<\/li>\n<\/ul>\n\t\t\n<style>\n#text-231637318 {\n  text-align: left;\n}\n<\/style>\n\t<\/div>\n\t\n\t<div id=\"gap-887244509\" class=\"gap-element clearfix\" style=\"display:block; height:auto;\">\n\t\t\n<style>\n#gap-887244509 {\n  padding-top: 20px;\n}\n<\/style>\n\t<\/div>\n\t\n        <\/div>\r\n                \n<style>\n#col-472697496 > .col-inner {\n  padding: 40px 0px 40px 0px;\n}\n@media (min-width:550px) {\n  #col-472697496 > .col-inner {\n    padding: 60px 0px 60px 0px;\n  }\n}\n<\/style>\n    <\/div>\r\n\r\n    \n<\/div>\n        <\/div>\r\n                \n<style>\n#col-129171421 > .col-inner {\n  padding: 0px 0px 0px 0px;\n}\n<\/style>\n    <\/div>\r\n\r\n    \n\r\n    <div id=\"col-127765706\" class=\"col medium-12 small-12 large-6\"  data-animate=\"fadeInRight\">\r\n                <div class=\"col-inner\"  >\r\n            \n            \n\n  <div class=\"banner has-hover has-parallax\" id=\"banner-598467863\">\n          <div class=\"banner-inner fill\">\n        <div class=\"banner-bg fill\" data-parallax=\"-4\" data-parallax-container=\".banner\" data-parallax-background>\n            <img decoding=\"async\" width=\"1020\" height=\"571\" src=\"https:\/\/www.plasticwork.it\/wp-content\/uploads\/2025\/11\/POLIMERI-BOX-1--1024x573.jpg\" class=\"bg attachment-large size-large\" alt=\"\">                                    \n                    <\/div>\n\t\t\n        <div class=\"banner-layers container\">\n            <div class=\"fill banner-link\"><\/div>            \n        <\/div>\n      <\/div>\n\n            \n<style>\n#banner-598467863 {\n  padding-top: 380px;\n}\n@media (min-width:550px) {\n  #banner-598467863 {\n    padding-top: 480px;\n  }\n}\n@media (min-width:850px) {\n  #banner-598467863 {\n    padding-top: 650px;\n  }\n}\n<\/style>\n  <\/div>\n\n\n        <\/div>\r\n                    <\/div>\r\n\r\n    \n<\/div>\n\t\t<\/div>\n\n\t\t\n<style>\n#section_1720505065 {\n  padding-top: 0px;\n  padding-bottom: 0px;\n  background-color: rgb(255,255,255);\n}\n@media (min-width:850px) {\n  #section_1720505065 {\n    padding-top: 0px;\n    padding-bottom: 0px;\n  }\n}\n<\/style>\n\t<\/section>\n\t\n\n\t<section class=\"section bg-grey\" id=\"section_420243015\">\n\t\t<div class=\"section-bg fill\" >\n\t\t\t\t\t\t\t\t\t\n\t\t\t\n\n\t\t<\/div>\n\n\t\t\n\n\t\t<div class=\"section-content relative\">\n\t\t\t\n<div class=\"row row-collapse row-full-width align-middle align-center\"  id=\"row-823569968\">\n\r\n    <div id=\"col-511809414\" class=\"col medium-12 small-12 large-6\"  data-animate=\"fadeInLeft\">\r\n                <div class=\"col-inner\"  >\r\n            \n            \n\n  <div class=\"banner has-hover has-parallax\" id=\"banner-416108226\">\n          <div class=\"banner-inner fill\">\n        <div class=\"banner-bg fill\" data-parallax=\"-4\" data-parallax-container=\".banner\" data-parallax-background>\n            <img decoding=\"async\" width=\"1020\" height=\"579\" src=\"https:\/\/www.plasticwork.it\/wp-content\/uploads\/2025\/11\/POLIMERI-BOX-2-post-1024x581.jpg\" class=\"bg attachment-large size-large\" alt=\"\">                                    \n                    <\/div>\n\t\t\n        <div class=\"banner-layers container\">\n            <div class=\"fill banner-link\"><\/div>            \n        <\/div>\n      <\/div>\n\n            \n<style>\n#banner-416108226 {\n  padding-top: 380px;\n}\n@media (min-width:550px) {\n  #banner-416108226 {\n    padding-top: 480px;\n  }\n}\n@media (min-width:850px) {\n  #banner-416108226 {\n    padding-top: 650px;\n  }\n}\n<\/style>\n  <\/div>\n\n\n        <\/div>\r\n                    <\/div>\r\n\r\n    \n\r\n    <div id=\"col-1118553365\" class=\"col medium-11 small-11 large-6 medium-col-first\"  data-animate=\"fadeInRight\">\r\n                <div class=\"col-inner\"  >\r\n            \n            \n<div class=\"row row-collapse row-full-width align-center\"  id=\"row-204393131\">\n\r\n    <div id=\"col-1878638411\" class=\"col medium-12 small-12 large-8\"  >\r\n                <div class=\"col-inner\"  >\r\n            \n            \n\t<div id=\"text-4269817649\" class=\"text\">\n\t\t\n<p class=\"lead\"><span data-text-color=\"secondary\"><strong>NOTRE EXP\u00c9RIENCE<\/strong><\/span><\/p>\n\t\t\n<style>\n#text-4269817649 {\n  font-size: 1rem;\n  line-height: 1;\n  text-align: left;\n}\n@media (min-width:550px) {\n  #text-4269817649 {\n    line-height: 1;\n  }\n}\n<\/style>\n\t<\/div>\n\t\n\t<div id=\"text-2608859018\" class=\"text\">\n\t\t\n<h2>Le savoir-faire et la recherche<\/h2>\n\t\t\n<style>\n#text-2608859018 {\n  font-size: 1.2rem;\n  line-height: 1;\n  text-align: left;\n}\n@media (min-width:550px) {\n  #text-2608859018 {\n    font-size: 1.5rem;\n  }\n}\n<\/style>\n\t<\/div>\n\t\n\t<div id=\"text-295436518\" class=\"text\">\n\t\t\n<p>La combinaison des connaissances est notre force:<\/p>\n<ul>\n<li class=\"bullet-arrow\">Connaissance des mat\u00e9riaux<\/li>\n<li class=\"bullet-arrow\">Exp\u00e9rience dans la transformation<\/li>\n<li class=\"bullet-arrow\">\u00c9change constant avec les fournisseurs<\/li>\n<li class=\"bullet-arrow\">Technologies de pointe<\/li>\n<\/ul>\n\t\t\n<style>\n#text-295436518 {\n  text-align: left;\n}\n<\/style>\n\t<\/div>\n\t\n<p>Nous sommes toujours \u00e0 la recherche de nouveaux technopolym\u00e8res \u00e0 int\u00e9grer \u00e0 ceux d\u00e9j\u00e0 consolid\u00e9s (PPSU, PSU, PA, PPA, PS, PBT, POM, PPO, PMMA, PP, ABS, PARA, PEI, PC, PC\/ABS, caoutchoucs thermoplastiques etc.).<\/p>\n\t<div id=\"gap-1432313676\" class=\"gap-element clearfix\" style=\"display:block; height:auto;\">\n\t\t\n<style>\n#gap-1432313676 {\n  padding-top: 20px;\n}\n<\/style>\n\t<\/div>\n\t\n        <\/div>\r\n                \n<style>\n#col-1878638411 > .col-inner {\n  padding: 40px 0px 40px 0px;\n}\n@media (min-width:550px) {\n  #col-1878638411 > .col-inner {\n    padding: 60px 0px 60px 0px;\n  }\n}\n<\/style>\n    <\/div>\r\n\r\n    \n<\/div>\n        <\/div>\r\n                \n<style>\n#col-1118553365 > .col-inner {\n  padding: 0px 0px 0px 0px;\n}\n<\/style>\n    <\/div>\r\n\r\n    \n<\/div>\n\t\t<\/div>\n\n\t\t\n<style>\n#section_420243015 {\n  padding-top: 0px;\n  padding-bottom: 0px;\n}\n@media (min-width:850px) {\n  #section_420243015 {\n    padding-top: 0px;\n    padding-bottom: 0px;\n  }\n}\n<\/style>\n\t<\/section>\n\t\n\n\t<section class=\"section\" id=\"section_904810099\">\n\t\t<div class=\"section-bg fill\" >\n\t\t\t\t\t\t\t\t\t\n\t\t\t\n\n\t\t<\/div>\n\n\t\t\n\n\t\t<div class=\"section-content relative\">\n\t\t\t\n<div class=\"row align-center\"  id=\"row-519980160\">\n\r\n    <div id=\"col-1814495033\" class=\"col medium-11 small-11 large-11\"  >\r\n                <div class=\"col-inner text-center\"  >\r\n            \n            \n<div class=\"row\"  id=\"row-1995435434\">\n\r\n    <div id=\"col-671542811\" class=\"col medium-12 small-12 large-12\"  data-animate=\"bounceInUp\">\r\n                <div class=\"col-inner text-center\"  >\r\n            \n            \n\t<div id=\"text-3448752060\" class=\"text\">\n\t\t\n<p class=\"lead\"><span data-text-color=\"secondary\"><strong>MAT\u00c9RIAUX PLASTIQUES PERSONNALIS\u00c9S POUR CHAQUE SECTEUR<\/strong><\/span><\/p>\n\t\t\n<style>\n#text-3448752060 {\n  font-size: 1rem;\n  line-height: 1;\n  text-align: left;\n}\n@media (min-width:550px) {\n  #text-3448752060 {\n    line-height: 1;\n  }\n}\n@media (min-width:850px) {\n  #text-3448752060 {\n    text-align: center;\n  }\n}\n<\/style>\n\t<\/div>\n\t\n\t<div id=\"text-2526158959\" class=\"text\">\n\t\t\n<h2>Technopolym\u00e8res: propri\u00e9t\u00e9s et applications<\/h2>\n\t\t\n<style>\n#text-2526158959 {\n  font-size: 1.2rem;\n  line-height: 1;\n  text-align: left;\n}\n@media (min-width:550px) {\n  #text-2526158959 {\n    font-size: 1.5rem;\n  }\n}\n@media (min-width:850px) {\n  #text-2526158959 {\n    text-align: center;\n  }\n}\n<\/style>\n\t<\/div>\n\t\n\t<div id=\"gap-1533456193\" class=\"gap-element clearfix\" style=\"display:block; height:auto;\">\n\t\t\n<style>\n#gap-1533456193 {\n  padding-top: 20px;\n}\n<\/style>\n\t<\/div>\n\t\n        <\/div>\r\n                \n<style>\n#col-671542811 > .col-inner {\n  text-align: center;\n}\n<\/style>\n    <\/div>\r\n\r\n    \n\r\n    <div id=\"col-910906797\" class=\"col small-12 large-12\"  data-animate=\"bounceInUp\">\r\n                <div class=\"col-inner text-left\"  >\r\n            \n            \n\t<div id=\"text-2785303101\" class=\"text table_sd\">\n\t\t\n<div class=\"tablecontainer\">\n<table>\n<tbody>\n<tr>\n<th>\n<p class=\"lead\">Technopolym\u00e8re<\/p>\n<\/th>\n<th>\n<p class=\"lead\">Quelques propri\u00e9t\u00e9s<\/p>\n<\/th>\n<th>\n<p class=\"lead\">Exemples d\u2019applications<\/p>\n<\/th>\n<\/tr>\n<tr>\n<td><strong>PPO BLEND<\/strong><\/td>\n<td>Bon \u00e9quilibre entre propri\u00e9t\u00e9s m\u00e9caniques, thermiques, auto-extinguibles, faible absorption d&rsquo;eau<\/td>\n<td>Applications dans le secteur du traitement de l\u2019eau et de l\u2019\u00e9lectricit\u00e9<\/td>\n<\/tr>\n<tr>\n<td><strong>Alliages PC<\/strong><\/td>\n<td>Transparence, r\u00e9sistance aux chocs, auto-extinguibilit\u00e9 et esth\u00e9tique de surface<\/td>\n<td>Composants \u00e9lectriques et de s\u00e9curit\u00e9, secteur de l\u2019\u00e9clairage<\/td>\n<\/tr>\n<tr>\n<td><strong>PMMA<\/strong><\/td>\n<td>Transparence, duret\u00e9, colorabilit\u00e9 et brillance de surface<\/td>\n<td>Secteur de l\u2019\u00e9clairage, de l\u2019ameublement, des objets d\u00e9coratifs et des applications esth\u00e9tiques<\/td>\n<\/tr>\n<tr>\n<td><strong>PSU et PPSU<\/strong><\/td>\n<td>Rigidit\u00e9, r\u00e9sistance thermique, r\u00e9sistance \u00e0 la st\u00e9rilisation et auto-extinguibilit\u00e9<\/td>\n<td>Secteur du traitement de l&rsquo;eau, de la st\u00e9rilisation m\u00e9dicale et de l\u2019automobile <\/td>\n<\/tr>\n<tr>\n<td><strong>PA et PPA<\/strong><\/td>\n<td>R\u00e9sistance chimique, bon rapport rigidit\u00e9\/ductilit\u00e9, propri\u00e9t\u00e9s \u00e9lectriques<\/td>\n<td>Composants dans le secteur \u00e9lectrique, outils, pompes et automobile<\/td>\n<\/tr>\n<tr>\n<td><strong>PBT<\/strong><\/td>\n<td>Stabilit\u00e9 dimensionnelle, r\u00e9sistance \u00e0 la chaleur et aux produits chimiques, isolation \u00e9lectrique<\/td>\n<td>Composants \u00e9lectriques, secteur gazier et automobile<\/td>\n<\/tr>\n<tr>\n<td><strong>PARA <\/strong><\/td>\n<td>Rigidit\u00e9, bonne fluidit\u00e9, r\u00e9sistance chimique et auto-extinguibilit\u00e9, brillance de surface<\/td>\n<td>Composants \u00e9lectriques, automobile, secteur de l\u2019eau et en contact avec les aliments <\/td>\n<\/tr>\n<tr>\n<td><strong>POM<\/strong><\/td>\n<td>Rigidit\u00e9 et duret\u00e9, faible frottement et usure, r\u00e9sistance aux solvants et aux huiles <\/td>\n<td>Engrenages, roulements, composants m\u00e9caniques de pr\u00e9cision et de mouvement<\/td>\n<\/tr>\n<tr>\n<td><strong>PPS<\/strong><\/td>\n<td>R\u00e9sistance thermique et chimique, auto-extinguible, stabilit\u00e9 dimensionnelle<\/td>\n<td>Pompes et \u00e9changeurs de chaleur, composants \u00e9lectriques et automobiles<\/td>\n<\/tr>\n<\/tbody>\n<\/table>\n<\/div>\n\t\t\n<style>\n#text-2785303101 {\n  font-size: 1.1rem;\n}\n<\/style>\n\t<\/div>\n\t\n        <\/div>\r\n                \n<style>\n#col-910906797 > .col-inner {\n  text-align: left;\n}\n<\/style>\n    <\/div>\r\n\r\n    \n<\/div>\n        <\/div>\r\n                \n<style>\n#col-1814495033 > .col-inner {\n  text-align: center;\n}\n<\/style>\n    <\/div>\r\n\r\n    \n<\/div>\n\t\t<\/div>\n\n\t\t\n<style>\n#section_904810099 {\n  padding-top: 40px;\n  padding-bottom: 40px;\n}\n@media (min-width:550px) {\n  #section_904810099 {\n    padding-top: 60px;\n    padding-bottom: 60px;\n  }\n}\n@media (min-width:850px) {\n  #section_904810099 {\n    padding-top: 80px;\n    padding-bottom: 80px;\n  }\n}\n<\/style>\n\t<\/section>\n\t\n\n\t<section class=\"section bg-grey\" id=\"section_296464819\">\n\t\t<div class=\"section-bg fill\" >\n\t\t\t\t\t\t\t\t\t\n\t\t\t\n\n\t\t<\/div>\n\n\t\t\n\n\t\t<div class=\"section-content relative\">\n\t\t\t\n<div class=\"row row-small align-center\"  id=\"row-1038839282\">\n\r\n    <div id=\"col-1625952744\" class=\"col medium-11 small-11 large-11\"  data-animate=\"bounceInUp\">\r\n                <div class=\"col-inner text-center\"  >\r\n            \n            \n<div class=\"row row-collapse align-bottom\"  id=\"row-2147141678\">\n\r\n    <div id=\"col-1274685347\" class=\"col medium-12 small-12 large-7\"  >\r\n                <div class=\"col-inner text-left\"  >\r\n            \n            \n\t<div id=\"text-4166974717\" class=\"text\">\n\t\t\n<p class=\"lead\">D\u00e9couvrez comment nous pouvons soutenir votre projet gr\u00e2ce \u00e0 des mat\u00e9riaux innovants, des technologies de pointe et un service irr\u00e9prochable.<\/p>\n\t\t\n<style>\n#text-4166974717 {\n  font-size: 1rem;\n  line-height: 1.3;\n  text-align: left;\n}\n@media (min-width:850px) {\n  #text-4166974717 {\n    text-align: left;\n  }\n}\n<\/style>\n\t<\/div>\n\t\n\t<div id=\"gap-326646974\" class=\"gap-element clearfix show-for-medium\" style=\"display:block; height:auto;\">\n\t\t\n<style>\n#gap-326646974 {\n  padding-top: 10px;\n}\n@media (min-width:850px) {\n  #gap-326646974 {\n    padding-top: 30px;\n  }\n}\n<\/style>\n\t<\/div>\n\t\n        <\/div>\r\n                \n<style>\n#col-1274685347 > .col-inner {\n  padding: 0px 0px 0px 0px;\n  margin: 0px 0px 0px 0px;\n  text-align: left;\n}\n<\/style>\n    <\/div>\r\n\r\n    \n\r\n    <div id=\"col-1204289638\" class=\"col medium-12 small-12 large-5\"  >\r\n                <div class=\"col-inner text-right\"  >\r\n            \n            \n<a href=\"https:\/\/www.plasticwork.it\/fr\/nous-contacter\/\" class=\"button primary\" style=\"padding:3px 15px 3px 15px;\">\n\t\t<span>Contactez-nous pour obtenir des solutions personnalis\u00e9es<\/span>\n\t<i class=\"icon-angle-right\" aria-hidden=\"true\"><\/i><\/a>\n\n        <\/div>\r\n                \n<style>\n#col-1204289638 > .col-inner {\n  margin: 0px 0px 0px 0px;\n  text-align: left;\n}\n@media (min-width:850px) {\n  #col-1204289638 > .col-inner {\n    text-align: right;\n  }\n}\n<\/style>\n    <\/div>\r\n\r\n    \n<\/div>\n        <\/div>\r\n                \n<style>\n#col-1625952744 > .col-inner {\n  padding: 0px 0px 0px 0px;\n  margin: 0px 0px 0px 0px;\n  text-align: center;\n}\n<\/style>\n    <\/div>\r\n\r\n    \n<\/div>\n\t\t<\/div>\n\n\t\t\n<style>\n#section_296464819 {\n  padding-top: 60px;\n  padding-bottom: 60px;\n}\n@media (min-width:550px) {\n  #section_296464819 {\n    padding-top: 80px;\n    padding-bottom: 80px;\n  }\n}\n@media (min-width:850px) {\n  #section_296464819 {\n    padding-top: 80px;\n    padding-bottom: 80px;\n  }\n}\n<\/style>\n\t<\/section>\n\t\n","protected":false},"excerpt":{"rendered":"","protected":false},"author":1,"featured_media":0,"parent":0,"menu_order":2,"comment_status":"closed","ping_status":"closed","template":"page-transparent-header.php","meta":{"footnotes":""},"class_list":["post-7589","page","type-page","status-publish","hentry"],"_links":{"self":[{"href":"https:\/\/www.plasticwork.it\/fr\/wp-json\/wp\/v2\/pages\/7589","targetHints":{"allow":["GET"]}}],"collection":[{"href":"https:\/\/www.plasticwork.it\/fr\/wp-json\/wp\/v2\/pages"}],"about":[{"href":"https:\/\/www.plasticwork.it\/fr\/wp-json\/wp\/v2\/types\/page"}],"author":[{"embeddable":true,"href":"https:\/\/www.plasticwork.it\/fr\/wp-json\/wp\/v2\/users\/1"}],"replies":[{"embeddable":true,"href":"https:\/\/www.plasticwork.it\/fr\/wp-json\/wp\/v2\/comments?post=7589"}],"version-history":[{"count":7,"href":"https:\/\/www.plasticwork.it\/fr\/wp-json\/wp\/v2\/pages\/7589\/revisions"}],"predecessor-version":[{"id":8390,"href":"https:\/\/www.plasticwork.it\/fr\/wp-json\/wp\/v2\/pages\/7589\/revisions\/8390"}],"wp:attachment":[{"href":"https:\/\/www.plasticwork.it\/fr\/wp-json\/wp\/v2\/media?parent=7589"}],"curies":[{"name":"wp","href":"https:\/\/api.w.org\/{rel}","templated":true}]}}