{"id":7598,"date":"2020-07-09T10:01:47","date_gmt":"2020-07-09T08:01:47","guid":{"rendered":"https:\/\/plasticwork.wpsd.it\/durabilite\/"},"modified":"2026-01-23T10:27:51","modified_gmt":"2026-01-23T09:27:51","slug":"durabilite","status":"publish","type":"page","link":"https:\/\/www.plasticwork.it\/fr\/durabilite\/","title":{"rendered":"Durabilit\u00e9"},"content":{"rendered":"\n\t<section class=\"section dark has-scroll-for-more\" id=\"section_574669531\">\n\t\t<div class=\"section-bg fill\" >\n\t\t\t\t\t\t\t\t\t<div class=\"loading-spin centered\"><\/div><button class=\"scroll-for-more z-5 icon absolute bottom h-center\" aria-label=\"Fais d\u00e9filer pour en savoir plus\"><i class=\"icon-angle-down\" aria-hidden=\"true\" style=\"font-size:42px;\"><\/i><\/button>\n\t\t\t\n\n\t\t<\/div>\n\n\t\t\n\n\t\t<div class=\"section-content relative\">\n\t\t\t\n\n  <div class=\"banner has-hover is-full-height\" id=\"banner-180452993\">\n          <div class=\"banner-inner fill\">\n        <div class=\"banner-bg fill\" >\n            <img decoding=\"async\" width=\"1800\" height=\"1273\" src=\"https:\/\/www.plasticwork.it\/wp-content\/uploads\/2025\/11\/Header-sostenibilita.jpg\" class=\"bg attachment-original size-original\" alt=\"\">                        <div class=\"overlay\"><\/div>            \n                    <\/div>\n\t\t\n        <div class=\"banner-layers container\">\n            <div class=\"fill banner-link\"><\/div>            \n   <div id=\"text-box-881644006\" class=\"text-box banner-layer x50 md-x50 lg-x50 y90 md-y90 lg-y90 res-text\">\n                     <div data-animate=\"bounceInUp\">           <div class=\"text-box-content text dark\">\n              \n              <div class=\"text-inner text-center\">\n                  \n\t<div id=\"text-3986668469\" class=\"text\">\n\t\t\n<h1>Durabilit\u00e9<\/h1>\n\t\t\n<style>\n#text-3986668469 {\n  font-size: 1.8rem;\n  line-height: 1.05;\n}\n@media (min-width:550px) {\n  #text-3986668469 {\n    font-size: 2.6rem;\n  }\n}\n@media (min-width:850px) {\n  #text-3986668469 {\n    font-size: 2.55rem;\n  }\n}\n<\/style>\n\t<\/div>\n\t\n\t<div id=\"text-3561502299\" class=\"text\">\n\t\t\n<h2>Un engagement qui englobe la production, les personnes et le territoire<\/h2>\n\t\t\n<style>\n#text-3561502299 {\n  font-size: 0.95rem;\n  line-height: 1.05;\n}\n@media (min-width:550px) {\n  #text-3561502299 {\n    font-size: 1.35rem;\n  }\n}\n@media (min-width:850px) {\n  #text-3561502299 {\n    font-size: 1.55rem;\n  }\n}\n<\/style>\n\t<\/div>\n\t\n\t<div id=\"gap-451916259\" class=\"gap-element clearfix\" style=\"display:block; height:auto;\">\n\t\t\n<style>\n#gap-451916259 {\n  padding-top: 30px;\n}\n<\/style>\n\t<\/div>\n\t\n\t<div id=\"text-2069741622\" class=\"text\">\n\t\t\n<p class=\"lead\">Accueil &gt; Durabilit\u00e9<\/p>\n\t\t\n<style>\n#text-2069741622 {\n  font-size: 0.9rem;\n  line-height: 1;\n}\n@media (min-width:550px) {\n  #text-2069741622 {\n    font-size: 0.85rem;\n  }\n}\n<\/style>\n\t<\/div>\n\t\n              <\/div>\n           <\/div>\n       <\/div>                     \n<style>\n#text-box-881644006 {\n  width: 91%;\n}\n#text-box-881644006 .text-box-content {\n  font-size: 100%;\n}\n@media (min-width:550px) {\n  #text-box-881644006 {\n    width: 79%;\n  }\n}\n@media (min-width:850px) {\n  #text-box-881644006 {\n    width: 74%;\n  }\n}\n<\/style>\n    <\/div>\n \n        <\/div>\n      <\/div>\n\n            \n<style>\n#banner-180452993 {\n  padding-top: 100%;\n}\n#banner-180452993 .overlay {\n  background-color: rgba(13, 38, 79, 0.401);\n}\n#banner-180452993 .banner-bg img {\n  object-position: 60% 60%;\n}\n<\/style>\n  <\/div>\n\n\n\t\t<\/div>\n\n\t\t\n<style>\n#section_574669531 {\n  padding-top: 0px;\n  padding-bottom: 0px;\n}\n<\/style>\n\t<\/section>\n\t\n\n\t<section class=\"section dark\" id=\"section_668035075\">\n\t\t<div class=\"section-bg fill\" >\n\t\t\t\t\t\t\t\t\t\n\t\t\t\n\n\t\t<\/div>\n\n\t\t\n\n\t\t<div class=\"section-content relative\">\n\t\t\t\n<div class=\"row row-collapse row-full-width align-middle align-center\"  id=\"row-1638802440\">\n\r\n    <div id=\"col-235723551\" class=\"col medium-11 small-11 large-6 medium-col-first\"  data-animate=\"fadeInLeft\">\r\n                <div class=\"col-inner\"  >\r\n            \n            \n<div class=\"row row-collapse row-full-width align-center\"  id=\"row-938966171\">\n\r\n    <div id=\"col-1157523679\" class=\"col medium-12 small-12 large-8\"  >\r\n                <div class=\"col-inner\"  >\r\n            \n            \n\t<div id=\"text-988891970\" class=\"text\">\n\t\t\n<h1>Un mod\u00e8le de production qui respecte et valorise<\/h1>\n\t\t\n<style>\n#text-988891970 {\n  font-size: 1.2rem;\n  line-height: 1;\n  text-align: left;\n}\n@media (min-width:550px) {\n  #text-988891970 {\n    font-size: 1.5rem;\n  }\n}\n<\/style>\n\t<\/div>\n\t\n\t<div id=\"text-2010159469\" class=\"text\">\n\t\t\n<p>Plasticwork assume ses responsabilit\u00e9s non seulement envers ses collaborateurs et l\u2019ensemble de la cha\u00eene de production, mais aussi en ce qui concerne l\u2019impact de la production sur la consommation, le territoire et l\u2019environnement.<\/p>\n\t\t\n<style>\n#text-2010159469 {\n  text-align: left;\n}\n<\/style>\n\t<\/div>\n\t\n        <\/div>\r\n                \n<style>\n#col-1157523679 > .col-inner {\n  padding: 40px 0px 40px 0px;\n}\n@media (min-width:550px) {\n  #col-1157523679 > .col-inner {\n    padding: 60px 0px 60px 0px;\n  }\n}\n<\/style>\n    <\/div>\r\n\r\n    \n<\/div>\n        <\/div>\r\n                \n<style>\n#col-235723551 > .col-inner {\n  padding: 0px 0px 0px 0px;\n}\n<\/style>\n    <\/div>\r\n\r\n    \n\r\n    <div id=\"col-1334749228\" class=\"col medium-12 small-12 large-6\"  data-animate=\"fadeInRight\">\r\n                <div class=\"col-inner\"  >\r\n            \n            \n\n  <div class=\"banner has-hover has-parallax\" id=\"banner-1559040399\">\n          <div class=\"banner-inner fill\">\n        <div class=\"banner-bg fill\" data-parallax=\"-4\" data-parallax-container=\".banner\" data-parallax-background>\n            <img decoding=\"async\" width=\"2560\" height=\"1428\" src=\"https:\/\/www.plasticwork.it\/wp-content\/uploads\/2025\/11\/Screenshot-2025-11-12-alle-12.26.37-scaled.jpg\" class=\"bg attachment-original size-original\" alt=\"\">                        <div class=\"overlay\"><\/div>            \n                    <\/div>\n\t\t\n        <div class=\"banner-layers container\">\n            <div class=\"fill banner-link\"><\/div>            \n        <\/div>\n      <\/div>\n\n            \n<style>\n#banner-1559040399 {\n  padding-top: 380px;\n}\n#banner-1559040399 .overlay {\n  background-color: rgba(44, 86, 152, 0.128);\n}\n#banner-1559040399 .banner-bg img {\n  object-position: 87% 65%;\n}\n@media (min-width:550px) {\n  #banner-1559040399 {\n    padding-top: 480px;\n  }\n}\n@media (min-width:850px) {\n  #banner-1559040399 {\n    padding-top: 600px;\n  }\n}\n<\/style>\n  <\/div>\n\n\n        <\/div>\r\n                    <\/div>\r\n\r\n    \n<\/div>\n\t\t<\/div>\n\n\t\t\n<style>\n#section_668035075 {\n  padding-top: 0px;\n  padding-bottom: 0px;\n  background-color: #2c5698;\n}\n@media (min-width:850px) {\n  #section_668035075 {\n    padding-top: 0px;\n    padding-bottom: 0px;\n  }\n}\n<\/style>\n\t<\/section>\n\t\n\n\t<section class=\"section bg-grey\" id=\"section_799625362\">\n\t\t<div class=\"section-bg fill\" >\n\t\t\t\t\t\t\t\t\t\n\t\t\t\n\n\t\t<\/div>\n\n\t\t\n\n\t\t<div class=\"section-content relative\">\n\t\t\t\n<div class=\"row row-collapse align-center\"  id=\"row-714599197\">\n\r\n    <div id=\"col-428990837\" class=\"col medium-11 small-11 large-11\"  >\r\n                <div class=\"col-inner text-center\" style=\"background-color:rgb(255, 255, 255);\" >\r\n            \n            \n<div class=\"row row-collapse align-middle align-center\"  id=\"row-1361775605\">\n\r\n    <div id=\"col-376717025\" class=\"col medium-12 small-12 large-6\"  >\r\n                <div class=\"col-inner text-center\"  >\r\n            \n            \n\n  <div class=\"banner has-hover\" id=\"banner-1785200589\">\n          <div class=\"banner-inner fill\">\n        <div class=\"banner-bg fill\" >\n            <img decoding=\"async\" width=\"640\" height=\"361\" src=\"https:\/\/www.plasticwork.it\/wp-content\/uploads\/2025\/11\/Pannelli-sostenibilita.png\" class=\"bg attachment-original size-original\" alt=\"\">                                    \n                    <\/div>\n\t\t\n        <div class=\"banner-layers container\">\n            <div class=\"fill banner-link\"><\/div>            \n        <\/div>\n      <\/div>\n\n            \n<style>\n#banner-1785200589 {\n  padding-top: 99.99%;\n}\n#banner-1785200589 .banner-bg img {\n  object-position: 45% 56%;\n}\n@media (min-width:550px) {\n  #banner-1785200589 {\n    padding-top: 46%;\n  }\n}\n@media (min-width:850px) {\n  #banner-1785200589 {\n    padding-top: 640px;\n  }\n}\n<\/style>\n  <\/div>\n\n\n        <\/div>\r\n                \n<style>\n#col-376717025 > .col-inner {\n  text-align: center;\n}\n<\/style>\n    <\/div>\r\n\r\n    \n\r\n    <div id=\"col-414767372\" class=\"col medium-12 small-12 large-6\"  >\r\n                <div class=\"col-inner text-left\"  >\r\n            \n            \n\t<div id=\"text-4159693293\" class=\"text\">\n\t\t\n<h2>L\u2019une des interventions importantes &#8211; Le photovolta\u00efque<\/h2>\n\t\t\n<style>\n#text-4159693293 {\n  font-size: 1.2rem;\n  line-height: 1;\n  text-align: left;\n}\n@media (min-width:550px) {\n  #text-4159693293 {\n    font-size: 1.5rem;\n  }\n}\n<\/style>\n\t<\/div>\n\t\n\t<div id=\"text-3075160509\" class=\"text\">\n\t\t\n<p class=\"lead\"><strong>Nous croyons en une \u00e9nergie tourn\u00e9e vers l\u2019avenir.<\/strong><\/p>\n\t\t\n<style>\n#text-3075160509 {\n  line-height: 1;\n  text-align: left;\n}\n<\/style>\n\t<\/div>\n\t\n\t<div id=\"text-827051116\" class=\"text\">\n\t\t\n<p>C&rsquo;est pourquoi l\u2019une des mesures concr\u00e8tes mises en \u0153uvre par <strong>Plasticwork<\/strong> a \u00e9t\u00e9 l\u2019installation d\u2019un <strong>syst\u00e8me photovolta\u00efque<\/strong>.<\/p>\n\t\t\n<style>\n#text-827051116 {\n  text-align: left;\n}\n<\/style>\n\t<\/div>\n\t\n\t<div id=\"text-2201538056\" class=\"text\">\n\t\t\n<p class=\"lead\"><strong>Un investissement strat\u00e9gique visant<\/strong>:<\/p>\n\t\t\n<style>\n#text-2201538056 {\n  line-height: 1;\n  text-align: left;\n}\n<\/style>\n\t<\/div>\n\t\n\t<div id=\"text-2105521065\" class=\"text\">\n\t\t\n<ul>\n<li class=\"bullet-arrow\">Am\u00e9liorer l\u2019efficacit\u00e9 \u00e9nerg\u00e9tique.<\/li>\n<li class=\"bullet-arrow\">Utiliser une \u00e9nergie propre et respecter l&rsquo;environnement<\/li>\n<\/ul>\n\t\t\n<style>\n#text-2105521065 {\n  text-align: left;\n}\n<\/style>\n\t<\/div>\n\t\n        <\/div>\r\n                \n<style>\n#col-414767372 > .col-inner {\n  padding: 40px 20px 40px 20px;\n  text-align: left;\n}\n@media (min-width:550px) {\n  #col-414767372 > .col-inner {\n    padding: 60px 40px 60px 40px;\n  }\n}\n@media (min-width:850px) {\n  #col-414767372 > .col-inner {\n    padding: 40px 80px 40px 80px;\n  }\n}\n<\/style>\n    <\/div>\r\n\r\n    \n<\/div>\n        <\/div>\r\n                \n<style>\n#col-428990837 > .col-inner {\n  text-align: center;\n}\n<\/style>\n    <\/div>\r\n\r\n    \n\n<style>\n#row-714599197 > .col > .col-inner {\n  background-color: rgb(255, 255, 255);\n}\n<\/style>\n<\/div>\n\t<div id=\"gap-371096418\" class=\"gap-element clearfix\" style=\"display:block; height:auto;\">\n\t\t\n<style>\n#gap-371096418 {\n  padding-top: 40px;\n}\n<\/style>\n\t<\/div>\n\t\n<div class=\"row row-collapse align-center\"  id=\"row-1651884917\">\n\r\n    <div id=\"col-1397621355\" class=\"col medium-11 small-11 large-11\"  >\r\n                <div class=\"col-inner text-center\" style=\"background-color:rgb(255, 255, 255);\" >\r\n            \n            \n<div class=\"row row-collapse align-middle align-center\"  id=\"row-271384403\">\n\r\n    <div id=\"col-1730869564\" class=\"col medium-12 small-12 large-6\"  >\r\n                <div class=\"col-inner text-center\"  >\r\n            \n            \n\n  <div class=\"banner has-hover\" id=\"banner-1076253597\">\n          <div class=\"banner-inner fill\">\n        <div class=\"banner-bg fill\" >\n            <img decoding=\"async\" width=\"1291\" height=\"892\" src=\"https:\/\/www.plasticwork.it\/wp-content\/uploads\/2025\/11\/sostenibilita1.jpg\" class=\"bg attachment-original size-original\" alt=\"\">                                    \n                    <\/div>\n\t\t\n        <div class=\"banner-layers container\">\n            <div class=\"fill banner-link\"><\/div>            \n        <\/div>\n      <\/div>\n\n            \n<style>\n#banner-1076253597 {\n  padding-top: 99.99%;\n}\n#banner-1076253597 .banner-bg img {\n  object-position: 45% 44%;\n}\n@media (min-width:550px) {\n  #banner-1076253597 {\n    padding-top: 46%;\n  }\n}\n@media (min-width:850px) {\n  #banner-1076253597 {\n    padding-top: 640px;\n  }\n}\n<\/style>\n  <\/div>\n\n\n        <\/div>\r\n                \n<style>\n#col-1730869564 > .col-inner {\n  text-align: center;\n}\n<\/style>\n    <\/div>\r\n\r\n    \n\r\n    <div id=\"col-31418401\" class=\"col medium-12 small-12 large-6\"  >\r\n                <div class=\"col-inner text-left\"  >\r\n            \n            \n\t<div id=\"text-3422455145\" class=\"text\">\n\t\t\n<h2>Syst\u00e8me de recirculation de l\u2019eau<\/h2>\n\t\t\n<style>\n#text-3422455145 {\n  font-size: 1.2rem;\n  line-height: 1;\n  text-align: left;\n}\n@media (min-width:550px) {\n  #text-3422455145 {\n    font-size: 1.5rem;\n  }\n}\n<\/style>\n\t<\/div>\n\t\n\t<div id=\"text-238363929\" class=\"text\">\n\t\t\n<p class=\"lead\"><strong>Chaque goutte compte.<\/strong><\/p>\n\t\t\n<style>\n#text-238363929 {\n  text-align: left;\n}\n<\/style>\n\t<\/div>\n\t\n\t<div id=\"text-1767236720\" class=\"text\">\n\t\t\n<p>Le syst\u00e8me de <strong>recirculation de l\u2019eau<\/strong> dans les machines permet de <strong>collecter, filtrer et r\u00e9utiliser<\/strong> l\u2019eau utilis\u00e9e dans les processus industriels. Gr\u00e2ce \u00e0 ce syst\u00e8me, nous <strong>r\u00e9duisons le gaspillage<\/strong> d&rsquo;une ressource pr\u00e9cieuse et contribuons \u00e0 une <strong>production plus durable<\/strong>.<\/p>\n\t\t\n<style>\n#text-1767236720 {\n  text-align: left;\n}\n<\/style>\n\t<\/div>\n\t\n\t<div id=\"text-1722076962\" class=\"text\">\n\t\t\n<p class=\"lead\"><strong>Les principaux avantages sont les suivants:<\/strong><\/p>\n\t\t\n<style>\n#text-1722076962 {\n  text-align: left;\n}\n<\/style>\n\t<\/div>\n\t\n\t<div id=\"text-3214065361\" class=\"text\">\n\t\t\n<ul>\n<li class=\"bullet-arrow\">Une plus grande efficacit\u00e9 de production et une meilleure continuit\u00e9 op\u00e9rationnelle<\/li>\n<li class=\"bullet-arrow\">Une r\u00e9duction de la consommation d\u2019eau et de l\u2019impact environnemental<\/li>\n<li class=\"bullet-arrow\">Une diminution des co\u00fbts industriels<\/li>\n<\/ul>\n\t\t\n<style>\n#text-3214065361 {\n  text-align: left;\n}\n<\/style>\n\t<\/div>\n\t\n        <\/div>\r\n                \n<style>\n#col-31418401 > .col-inner {\n  padding: 40px 20px 40px 20px;\n  text-align: left;\n}\n@media (min-width:550px) {\n  #col-31418401 > .col-inner {\n    padding: 60px 40px 60px 40px;\n  }\n}\n@media (min-width:850px) {\n  #col-31418401 > .col-inner {\n    padding: 40px 80px 40px 80px;\n  }\n}\n<\/style>\n    <\/div>\r\n\r\n    \n<\/div>\n        <\/div>\r\n                \n<style>\n#col-1397621355 > .col-inner {\n  text-align: center;\n}\n<\/style>\n    <\/div>\r\n\r\n    \n\n<style>\n#row-1651884917 > .col > .col-inner {\n  background-color: rgb(255, 255, 255);\n}\n<\/style>\n<\/div>\n\t\t<\/div>\n\n\t\t\n<style>\n#section_799625362 {\n  padding-top: 40px;\n  padding-bottom: 40px;\n}\n@media (min-width:550px) {\n  #section_799625362 {\n    padding-top: 60px;\n    padding-bottom: 60px;\n  }\n}\n@media (min-width:850px) {\n  #section_799625362 {\n    padding-top: 80px;\n    padding-bottom: 80px;\n  }\n}\n<\/style>\n\t<\/section>\n\t\n\n\t<section class=\"section dark\" id=\"section_416618905\">\n\t\t<div class=\"section-bg fill\" >\n\t\t\t\t\t\t\t\t\t\n\t\t\t\n\n\t\t<\/div>\n\n\t\t\n\n\t\t<div class=\"section-content relative\">\n\t\t\t\n<div class=\"row row-collapse row-full-width align-middle align-center\"  id=\"row-1069241662\">\n\r\n    <div id=\"col-1245992585\" class=\"col medium-11 small-11 large-6 medium-col-first\"  data-animate=\"fadeInLeft\">\r\n                <div class=\"col-inner\"  >\r\n            \n            \n<div class=\"row row-collapse row-full-width align-center\"  id=\"row-2022993449\">\n\r\n    <div id=\"col-1779051073\" class=\"col medium-12 small-12 large-8\"  >\r\n                <div class=\"col-inner\"  >\r\n            \n            \n\t<div id=\"text-739231392\" class=\"text\">\n\t\t\n<p class=\"lead\"><strong>RSE ET TERRITOIRE<\/strong><\/p>\n\t\t\n<style>\n#text-739231392 {\n  font-size: 1rem;\n  line-height: 1;\n  text-align: left;\n}\n<\/style>\n\t<\/div>\n\t\n\t<div id=\"text-3433105167\" class=\"text\">\n\t\t\n<h2>Grandir ensemble signifie redonner de la valeur<\/h2>\n\t\t\n<style>\n#text-3433105167 {\n  font-size: 1.2rem;\n  line-height: 1;\n  text-align: left;\n}\n@media (min-width:550px) {\n  #text-3433105167 {\n    font-size: 1.5rem;\n  }\n}\n<\/style>\n\t<\/div>\n\t\n\t<div id=\"text-1178733870\" class=\"text\">\n\t\t\n<p>Le territoire qui nous accueille est notre maison, tout comme il l\u2019est pour ceux qui vivent et travaillent dans l\u2019environnement qui nous entoure. Plasticwork interpr\u00e8te la <strong>Responsabilit\u00e9 Soci\u00e9tale des Entreprises (RSE)<\/strong> comme un <strong>engagement int\u00e9gr\u00e9<\/strong> qui allie <strong>durabilit\u00e9 environnementale, d\u00e9veloppement local et attention port\u00e9e aux personnes<\/strong>. <\/p>\n<p>Il ne s\u2019agit pas seulement d\u2019un choix \u00e9thique, mais d\u2019un <strong>v\u00e9ritable d\u00e9sir de redonner de la valeur au territoire<\/strong> \u00e0 travers des <strong>projets concrets<\/strong> en faveur du social et de la communaut\u00e9.<\/p>\n\t\t\n<style>\n#text-1178733870 {\n  text-align: left;\n}\n<\/style>\n\t<\/div>\n\t\n        <\/div>\r\n                \n<style>\n#col-1779051073 > .col-inner {\n  padding: 40px 0px 40px 0px;\n}\n@media (min-width:550px) {\n  #col-1779051073 > .col-inner {\n    padding: 60px 0px 60px 0px;\n  }\n}\n<\/style>\n    <\/div>\r\n\r\n    \n<\/div>\n        <\/div>\r\n                \n<style>\n#col-1245992585 > .col-inner {\n  padding: 0px 0px 0px 0px;\n}\n<\/style>\n    <\/div>\r\n\r\n    \n\r\n    <div id=\"col-1596374867\" class=\"col medium-12 small-12 large-6\"  data-animate=\"fadeInRight\">\r\n                <div class=\"col-inner\"  >\r\n            \n            \n\n  <div class=\"banner has-hover has-parallax\" id=\"banner-1302582511\">\n          <div class=\"banner-inner fill\">\n        <div class=\"banner-bg fill\" data-parallax=\"-4\" data-parallax-container=\".banner\" data-parallax-background>\n            <img decoding=\"async\" width=\"1020\" height=\"721\" src=\"https:\/\/www.plasticwork.it\/wp-content\/uploads\/2025\/11\/Box-sostenibilita-1024x724.jpg\" class=\"bg attachment-large size-large\" alt=\"\">                        <div class=\"overlay\"><\/div>            \n                    <\/div>\n\t\t\n        <div class=\"banner-layers container\">\n            <div class=\"fill banner-link\"><\/div>            \n        <\/div>\n      <\/div>\n\n            \n<style>\n#banner-1302582511 {\n  padding-top: 380px;\n}\n#banner-1302582511 .overlay {\n  background-color: rgba(44, 86, 152, 0.128);\n}\n#banner-1302582511 .banner-bg img {\n  object-position: 76% 33%;\n}\n@media (min-width:550px) {\n  #banner-1302582511 {\n    padding-top: 480px;\n  }\n}\n@media (min-width:850px) {\n  #banner-1302582511 {\n    padding-top: 600px;\n  }\n}\n<\/style>\n  <\/div>\n\n\n        <\/div>\r\n                    <\/div>\r\n\r\n    \n<\/div>\n\t\t<\/div>\n\n\t\t\n<style>\n#section_416618905 {\n  padding-top: 0px;\n  padding-bottom: 0px;\n  background-color: #2c5698;\n}\n@media (min-width:850px) {\n  #section_416618905 {\n    padding-top: 0px;\n    padding-bottom: 0px;\n  }\n}\n<\/style>\n\t<\/section>\n\t\n\n\t<section class=\"section bg-grey\" id=\"section_1503207016\">\n\t\t<div class=\"section-bg fill\" >\n\t\t\t\t\t\t\t\t\t\n\t\t\t\n\n\t\t<\/div>\n\n\t\t\n\n\t\t<div class=\"section-content relative\">\n\t\t\t\n<div class=\"row row-small align-center\"  id=\"row-18000739\">\n\r\n    <div id=\"col-1793848174\" class=\"col medium-11 small-11 large-11\"  data-animate=\"bounceInUp\">\r\n                <div class=\"col-inner text-center\"  >\r\n            \n            \n<div class=\"row row-collapse align-bottom\"  id=\"row-1124788973\">\n\r\n    <div id=\"col-906212942\" class=\"col medium-12 small-12 large-7\"  >\r\n                <div class=\"col-inner text-left\"  >\r\n            \n            \n\t<div id=\"text-2898816103\" class=\"text\">\n\t\t\n<p class=\"lead\">D\u00e9couvrez comment nous pouvons soutenir votre projet gr\u00e2ce \u00e0 des mat\u00e9riaux innovants, des technologies de pointe et un service irr\u00e9prochable.<\/p>\n\t\t\n<style>\n#text-2898816103 {\n  font-size: 1rem;\n  line-height: 1.3;\n  text-align: left;\n}\n@media (min-width:850px) {\n  #text-2898816103 {\n    text-align: left;\n  }\n}\n<\/style>\n\t<\/div>\n\t\n\t<div id=\"gap-296657100\" class=\"gap-element clearfix show-for-medium\" style=\"display:block; height:auto;\">\n\t\t\n<style>\n#gap-296657100 {\n  padding-top: 10px;\n}\n@media (min-width:850px) {\n  #gap-296657100 {\n    padding-top: 30px;\n  }\n}\n<\/style>\n\t<\/div>\n\t\n        <\/div>\r\n                \n<style>\n#col-906212942 > .col-inner {\n  padding: 0px 0px 0px 0px;\n  margin: 0px 0px 0px 0px;\n  text-align: left;\n}\n<\/style>\n    <\/div>\r\n\r\n    \n\r\n    <div id=\"col-480504433\" class=\"col medium-12 small-12 large-5\"  >\r\n                <div class=\"col-inner text-right\"  >\r\n            \n            \n<a href=\"https:\/\/www.plasticwork.it\/fr\/nous-contacter\/\" class=\"button primary\" style=\"padding:3px 15px 3px 15px;\">\n\t\t<span>Contactez-nous pour obtenir des solutions personnalis\u00e9es<\/span>\n\t<i class=\"icon-angle-right\" aria-hidden=\"true\"><\/i><\/a>\n\n        <\/div>\r\n                \n<style>\n#col-480504433 > .col-inner {\n  margin: 0px 0px 0px 0px;\n  text-align: left;\n}\n@media (min-width:850px) {\n  #col-480504433 > .col-inner {\n    text-align: right;\n  }\n}\n<\/style>\n    <\/div>\r\n\r\n    \n<\/div>\n        <\/div>\r\n                \n<style>\n#col-1793848174 > .col-inner {\n  padding: 0px 0px 0px 0px;\n  margin: 0px 0px 0px 0px;\n  text-align: center;\n}\n<\/style>\n    <\/div>\r\n\r\n    \n<\/div>\n\t\t<\/div>\n\n\t\t\n<style>\n#section_1503207016 {\n  padding-top: 60px;\n  padding-bottom: 60px;\n}\n@media (min-width:550px) {\n  #section_1503207016 {\n    padding-top: 80px;\n    padding-bottom: 80px;\n  }\n}\n@media (min-width:850px) {\n  #section_1503207016 {\n    padding-top: 80px;\n    padding-bottom: 80px;\n  }\n}\n<\/style>\n\t<\/section>\n\t\n","protected":false},"excerpt":{"rendered":"","protected":false},"author":1,"featured_media":0,"parent":0,"menu_order":2,"comment_status":"closed","ping_status":"closed","template":"page-transparent-header.php","meta":{"footnotes":""},"class_list":["post-7598","page","type-page","status-publish","hentry"],"_links":{"self":[{"href":"https:\/\/www.plasticwork.it\/fr\/wp-json\/wp\/v2\/pages\/7598","targetHints":{"allow":["GET"]}}],"collection":[{"href":"https:\/\/www.plasticwork.it\/fr\/wp-json\/wp\/v2\/pages"}],"about":[{"href":"https:\/\/www.plasticwork.it\/fr\/wp-json\/wp\/v2\/types\/page"}],"author":[{"embeddable":true,"href":"https:\/\/www.plasticwork.it\/fr\/wp-json\/wp\/v2\/users\/1"}],"replies":[{"embeddable":true,"href":"https:\/\/www.plasticwork.it\/fr\/wp-json\/wp\/v2\/comments?post=7598"}],"version-history":[{"count":4,"href":"https:\/\/www.plasticwork.it\/fr\/wp-json\/wp\/v2\/pages\/7598\/revisions"}],"predecessor-version":[{"id":8410,"href":"https:\/\/www.plasticwork.it\/fr\/wp-json\/wp\/v2\/pages\/7598\/revisions\/8410"}],"wp:attachment":[{"href":"https:\/\/www.plasticwork.it\/fr\/wp-json\/wp\/v2\/media?parent=7598"}],"curies":[{"name":"wp","href":"https:\/\/api.w.org\/{rel}","templated":true}]}}