{"id":7605,"date":"2020-01-09T13:46:39","date_gmt":"2020-01-09T12:46:39","guid":{"rendered":"https:\/\/plasticwork.wpsd.it\/nous-contacter\/"},"modified":"2026-01-23T10:06:28","modified_gmt":"2026-01-23T09:06:28","slug":"nous-contacter","status":"publish","type":"page","link":"https:\/\/www.plasticwork.it\/fr\/nous-contacter\/","title":{"rendered":"Nous contacter"},"content":{"rendered":"\n\t<section class=\"section dark has-scroll-for-more\" id=\"section_2079971887\">\n\t\t<div class=\"section-bg fill\" >\n\t\t\t\t\t\t\t\t\t<div class=\"loading-spin centered\"><\/div><button class=\"scroll-for-more z-5 icon absolute bottom h-center\" aria-label=\"Fais d\u00e9filer pour en savoir plus\"><i class=\"icon-angle-down\" aria-hidden=\"true\" style=\"font-size:42px;\"><\/i><\/button>\n\t\t\t\n\n\t\t<\/div>\n\n\t\t\n\n\t\t<div class=\"section-content relative\">\n\t\t\t\n\n  <div class=\"banner has-hover has-video is-full-height\" id=\"banner-143923059\">\n          <div class=\"banner-inner fill\">\n        <div class=\"banner-bg fill\" >\n                        \t<div class=\"video-overlay no-click fill visible\"><\/div>\n\t<video class=\"video-bg fill visible\" preload playsinline autoplay muted loop>\n\t\t<source src=\"\/wp-content\/uploads\/2025\/10\/video-contatti.mp4\" type=\"video\/mp4\">\t<\/video>\n            <div class=\"overlay\"><\/div>            \n                    <\/div>\n\t\t\n        <div class=\"banner-layers container\">\n            <div class=\"fill banner-link\"><\/div>            \n   <div id=\"text-box-848971344\" class=\"text-box banner-layer x50 md-x50 lg-x50 y90 md-y90 lg-y90 res-text\">\n                     <div data-animate=\"bounceInUp\">           <div class=\"text-box-content text dark\">\n              \n              <div class=\"text-inner text-center\">\n                  \n\t<div id=\"text-3771142148\" class=\"text\">\n\t\t\n<h1>Contacts<\/h1>\n\t\t\n<style>\n#text-3771142148 {\n  font-size: 1.8rem;\n  line-height: 1.05;\n}\n@media (min-width:550px) {\n  #text-3771142148 {\n    font-size: 2.6rem;\n  }\n}\n@media (min-width:850px) {\n  #text-3771142148 {\n    font-size: 2.55rem;\n  }\n}\n<\/style>\n\t<\/div>\n\t\n\t<div id=\"text-268688705\" class=\"text\">\n\t\t\n<h2>Vous souhaitez recevoir plus d&rsquo;informations?<br \/>\nNous sommes \u00e0 votre disposition<\/h2>\n\t\t\n<style>\n#text-268688705 {\n  font-size: 0.95rem;\n  line-height: 1.05;\n}\n@media (min-width:550px) {\n  #text-268688705 {\n    font-size: 1.35rem;\n  }\n}\n@media (min-width:850px) {\n  #text-268688705 {\n    font-size: 1.55rem;\n  }\n}\n<\/style>\n\t<\/div>\n\t\n\t<div id=\"gap-249801013\" class=\"gap-element clearfix\" style=\"display:block; height:auto;\">\n\t\t\n<style>\n#gap-249801013 {\n  padding-top: 30px;\n}\n<\/style>\n\t<\/div>\n\t\n\t<div id=\"text-3837284616\" class=\"text\">\n\t\t\n<p class=\"lead\">Accueil &gt; Contacts<\/p>\n\t\t\n<style>\n#text-3837284616 {\n  font-size: 0.9rem;\n  line-height: 1;\n}\n@media (min-width:550px) {\n  #text-3837284616 {\n    font-size: 0.85rem;\n  }\n}\n<\/style>\n\t<\/div>\n\t\n              <\/div>\n           <\/div>\n       <\/div>                     \n<style>\n#text-box-848971344 {\n  width: 91%;\n}\n#text-box-848971344 .text-box-content {\n  font-size: 100%;\n}\n@media (min-width:550px) {\n  #text-box-848971344 {\n    width: 79%;\n  }\n}\n@media (min-width:850px) {\n  #text-box-848971344 {\n    width: 74%;\n  }\n}\n<\/style>\n    <\/div>\n \n        <\/div>\n      <\/div>\n\n            \n<style>\n#banner-143923059 {\n  padding-top: 100%;\n}\n#banner-143923059 .overlay {\n  background-color: rgba(13, 38, 79, 0.366);\n}\n<\/style>\n  <\/div>\n\n\n\t\t<\/div>\n\n\t\t\n<style>\n#section_2079971887 {\n  padding-top: 0px;\n  padding-bottom: 0px;\n}\n<\/style>\n\t<\/section>\n\t\n\n\t<section class=\"section\" id=\"section_460347676\">\n\t\t<div class=\"section-bg fill\" >\n\t\t\t\t\t\t\t\t\t\n\t\t\t\n\n\t\t<\/div>\n\n\t\t\n\n\t\t<div class=\"section-content relative\">\n\t\t\t\n<div class=\"row row-collapse row-full-width align-equal align-center\"  id=\"row-1195274373\">\n\r\n    <div id=\"col-1877724223\" class=\"col medium-11 small-11 large-5\"  data-animate=\"fadeInLeft\">\r\n                <div class=\"col-inner\"  >\r\n            \n            \n<div class=\"row row-collapse row-full-width align-center\"  id=\"row-202765463\">\n\r\n    <div id=\"col-1169854431\" class=\"col medium-12 small-12 large-8\"  >\r\n                <div class=\"col-inner dark\"  >\r\n            \n            \n\t<div id=\"text-3777923261\" class=\"text\">\n\t\t\n<h2>Contacts<\/h2>\n\t\t\n<style>\n#text-3777923261 {\n  font-size: 1.2rem;\n  line-height: 1;\n}\n@media (min-width:550px) {\n  #text-3777923261 {\n    font-size: 1.5rem;\n  }\n}\n<\/style>\n\t<\/div>\n\t\n\t<div id=\"gap-1984567890\" class=\"gap-element clearfix\" style=\"display:block; height:auto;\">\n\t\t\n<style>\n#gap-1984567890 {\n  padding-top: 15px;\n}\n<\/style>\n\t<\/div>\n\t\n<p><strong>Adresse:<br \/>\n<\/strong>Via Adamello, 19<br \/>\n25015 Desenzano del Garda (Bs) &#8211; Italy<br \/>\nN\u00b0TVA: 01744210988<\/p>\n<p><strong>Contacts<\/strong>:<br \/>\nTel. +39.030.9991353 r.a.<br \/>\ne-mail: <a href=\"mailto:info@plasticwork.it\">info@plasticwork.it<\/a><br \/>\npec: <a href=\"mailto:plasticworksrl@legalmail.it\">plasticworksrl@legalmail.it<\/a><\/p>\n<p><strong>Horaires<\/strong>:<br \/>\nDu Lundi au Vendredi<br \/>\nde 8h00 \u00e0 12h00<br \/>\nde 14h00 \u00e0 18h00<br \/>\nSam-Dim : ferm\u00e9<\/p>\n        <\/div>\r\n                \n<style>\n#col-1169854431 > .col-inner {\n  padding: 40px 0px 40px 0px;\n}\n@media (min-width:550px) {\n  #col-1169854431 > .col-inner {\n    padding: 60px 0px 60px 0px;\n  }\n}\n@media (min-width:850px) {\n  #col-1169854431 > .col-inner {\n    padding: 80px 0px 80px 0px;\n  }\n}\n<\/style>\n    <\/div>\r\n\r\n    \n<\/div>\n        <\/div>\r\n                \n<style>\n#col-1877724223 > .col-inner {\n  padding: 0px 0px 0px 0px;\n}\n<\/style>\n    <\/div>\r\n\r\n    \n\r\n    <div id=\"col-1953956886\" class=\"col medium-12 small-12 large-7\"  data-animate=\"fadeInRight\">\r\n                <div class=\"col-inner\" style=\"background-color:rgb(255,255,255);\" >\r\n            \n            \n<div class=\"row row-collapse row-full-width align-center\"  id=\"row-1534572441\">\n\r\n    <div id=\"col-1584382197\" class=\"col medium-11 small-11 large-8\"  >\r\n                <div class=\"col-inner\"  >\r\n            \n            \n\t<div id=\"text-3748890194\" class=\"text\">\n\t\t\n<h2>Demande d\u2019informations<\/h2>\n\t\t\n<style>\n#text-3748890194 {\n  font-size: 1.2rem;\n  line-height: 1;\n  text-align: left;\n}\n@media (min-width:550px) {\n  #text-3748890194 {\n    font-size: 1.5rem;\n  }\n}\n<\/style>\n\t<\/div>\n\t\n\t<div id=\"text-3984221274\" class=\"text\">\n\t\t\n<p><strong>Remplissez le formulaire pour demander plus d\u2019informations!<br \/>\nNotre \u00e9quipe vous contactera dans les plus brefs d\u00e9lais.<\/strong><br \/>\n\t\t\n<style>\n#text-3984221274 {\n  font-size: 1.25rem;\n  line-height: 1;\n}\n@media (min-width:550px) {\n  #text-3984221274 {\n    font-size: 1.35rem;\n    line-height: 1.25;\n  }\n}\n@media (min-width:850px) {\n  #text-3984221274 {\n    font-size: 1.4rem;\n  }\n}\n<\/style>\n\t<\/div>\n\t\n\t<div id=\"gap-1652633058\" class=\"gap-element clearfix\" style=\"display:block; height:auto;\">\n\t\t\n<style>\n#gap-1652633058 {\n  padding-top: 10px;\n}\n@media (min-width:550px) {\n  #gap-1652633058 {\n    padding-top: 20px;\n  }\n}\n<\/style>\n\t<\/div>\n\t\n\n<div class=\"wpcf7 no-js\" id=\"wpcf7-f7619-o1\" lang=\"fr-FR\" dir=\"ltr\" data-wpcf7-id=\"7619\">\n<div class=\"screen-reader-response\"><p role=\"status\" aria-live=\"polite\" aria-atomic=\"true\"><\/p> <ul><\/ul><\/div>\n<form action=\"\/fr\/wp-json\/wp\/v2\/pages\/7605#wpcf7-f7619-o1\" method=\"post\" class=\"wpcf7-form init wpcf7-acceptance-as-validation\" aria-label=\"Formulaire de contact\" novalidate=\"novalidate\" data-status=\"init\">\n<fieldset class=\"hidden-fields-container\"><input type=\"hidden\" name=\"_wpcf7\" value=\"7619\" \/><input type=\"hidden\" name=\"_wpcf7_version\" value=\"6.1.5\" \/><input type=\"hidden\" name=\"_wpcf7_locale\" value=\"fr_FR\" \/><input type=\"hidden\" name=\"_wpcf7_unit_tag\" value=\"wpcf7-f7619-o1\" \/><input type=\"hidden\" name=\"_wpcf7_container_post\" value=\"0\" \/><input type=\"hidden\" name=\"_wpcf7_posted_data_hash\" value=\"\" \/><input type=\"hidden\" name=\"_wpcf7_recaptcha_response\" value=\"\" \/>\n<\/fieldset>\n<div class=\"row form-inline\">\n\t<div class=\"col large-6\">\n\t\t<p><label for=\"your-name\">Pr\u00e9nom*<\/label><br \/>\n<span class=\"wpcf7-form-control-wrap\" data-name=\"your-name\"><input size=\"40\" maxlength=\"400\" class=\"wpcf7-form-control wpcf7-text wpcf7-validates-as-required\" id=\"your-name\" aria-required=\"true\" aria-invalid=\"false\" value=\"\" type=\"text\" name=\"your-name\" \/><\/span>\n\t\t<\/p>\n\t<\/div>\n\t<div class=\"col large-6\">\n\t\t<p><label for=\"your-lastname\">Nom*<\/label><br \/>\n<span class=\"wpcf7-form-control-wrap\" data-name=\"your-lastname\"><input size=\"40\" maxlength=\"400\" class=\"wpcf7-form-control wpcf7-text wpcf7-validates-as-required\" id=\"your-lastname\" aria-required=\"true\" aria-invalid=\"false\" value=\"\" type=\"text\" name=\"your-lastname\" \/><\/span>\n\t\t<\/p>\n\t<\/div>\n\t<div class=\"col large-6\">\n\t\t<p><label for=\"your-email\">Email*<\/label><br \/>\n<span class=\"wpcf7-form-control-wrap\" data-name=\"your-email\"><input size=\"40\" maxlength=\"400\" class=\"wpcf7-form-control wpcf7-email wpcf7-validates-as-required wpcf7-text wpcf7-validates-as-email\" id=\"your-email\" aria-required=\"true\" aria-invalid=\"false\" value=\"\" type=\"email\" name=\"your-email\" \/><\/span>\n\t\t<\/p>\n\t<\/div>\n\t<div class=\"col large-6\">\n\t\t<p><label for=\"your-phone\">T\u00e9l\u00e9phone*<\/label><br \/>\n<span class=\"wpcf7-form-control-wrap\" data-name=\"your-phone\"><input size=\"40\" maxlength=\"400\" class=\"wpcf7-form-control wpcf7-text wpcf7-validates-as-required\" id=\"your-phone\" aria-required=\"true\" aria-invalid=\"false\" value=\"\" type=\"text\" name=\"your-phone\" \/><\/span>\n\t\t<\/p>\n\t<\/div>\n\t<div class=\"col large-12\">\n\t\t<p><label for=\"your-message\">Demande<\/label><br \/>\n<span class=\"wpcf7-form-control-wrap\" data-name=\"your-message\"><textarea cols=\"40\" rows=\"10\" maxlength=\"2000\" class=\"wpcf7-form-control wpcf7-textarea\" id=\"your-message\" aria-invalid=\"false\" placeholder=\"Saisissez votre message ici...\" name=\"your-message\"><\/textarea><\/span>\n\t\t<\/p>\n\t<\/div>\n<\/div>\n<div class=\"row form-inline\">\n\t<div class=\"col large-12\" style=\"margin-bottom: 30px\">\n\t\t<p><label class=\"acceptance\" style=\"font-weight: normal;\"><span class=\"wpcf7-form-control-wrap\" data-name=\"Accettazione-privacy\"><span class=\"wpcf7-form-control wpcf7-acceptance\"><span class=\"wpcf7-list-item\"><input type=\"checkbox\" name=\"Accettazione-privacy\" value=\"1\" aria-invalid=\"false\" \/><\/span><\/span><\/span> J\u2019accepte que mes donn\u00e9es soient collect\u00e9es et enregistr\u00e9es. Pour plus d\u2019informations sur l\u2019utilisation des donn\u00e9es collect\u00e9es, consultez notre <a href=\"\/menu-privacy\/privacy-policy\/\">politique de confidentialit\u00e9<\/a>. <\/label>\n\t\t<\/p>\n\t<\/div>\n\t<div class=\"col large-12 text-left\">\n\t\t<p><input class=\"wpcf7-form-control wpcf7-submit has-spinner button primary\" type=\"submit\" value=\"Envoyer la demande\" \/>\n\t\t<\/p>\n\t<\/div>\n<\/div><div class=\"wpcf7-response-output\" aria-hidden=\"true\"><\/div>\n<\/form>\n<\/div>\n\n        <\/div>\r\n                \n<style>\n#col-1584382197 > .col-inner {\n  padding: 40px 0px 40px 0px;\n}\n@media (min-width:550px) {\n  #col-1584382197 > .col-inner {\n    padding: 60px 0px 60px 0px;\n  }\n}\n@media (min-width:850px) {\n  #col-1584382197 > .col-inner {\n    padding: 80px 0px 80px 0px;\n  }\n}\n<\/style>\n    <\/div>\r\n\r\n    \n<\/div>\n        <\/div>\r\n                    <\/div>\r\n\r\n    \n<\/div>\n\t\t<\/div>\n\n\t\t\n<style>\n#section_460347676 {\n  padding-top: 0px;\n  padding-bottom: 0px;\n  min-height: 0px;\n  background-color: rgb(44, 86, 152);\n}\n@media (min-width:850px) {\n  #section_460347676 {\n    padding-top: 0px;\n    padding-bottom: 0px;\n  }\n}\n<\/style>\n\t<\/section>\n\t\n\n\t<section class=\"section bg-grey\" id=\"section_1529978922\">\n\t\t<div class=\"section-bg fill\" >\n\t\t\t\t\t\t\t\t\t\n\t\t\t\n\n\t\t<\/div>\n\n\t\t\n\n\t\t<div class=\"section-content relative\">\n\t\t\t\n<div class=\"row align-center\"  id=\"row-1692479135\">\n\r\n    <div id=\"col-1806633213\" class=\"col medium-11 small-11 large-11\"  data-animate=\"bounceInUp\">\r\n                <div class=\"col-inner text-left\"  >\r\n            \n            \n\t<div id=\"text-4224895971\" class=\"text\">\n\t\t\n<h2>Acc\u00e8s et itin\u00e9raires<\/h2>\n\t\t\n<style>\n#text-4224895971 {\n  font-size: 1.2rem;\n  line-height: 1;\n}\n@media (min-width:550px) {\n  #text-4224895971 {\n    font-size: 1.5rem;\n  }\n}\n<\/style>\n\t<\/div>\n\t\n\t<div id=\"gap-509665962\" class=\"gap-element clearfix\" style=\"display:block; height:auto;\">\n\t\t\n<style>\n#gap-509665962 {\n  padding-top: 15px;\n}\n<\/style>\n\t<\/div>\n\t\n<div class=\"row row-small\"  id=\"row-619441470\">\n\r\n    <div id=\"col-717010641\" class=\"col medium-12 small-12 large-4\"  >\r\n                <div class=\"col-inner text-left\"  >\r\n            \n            \n\t<div id=\"text-1231116106\" class=\"text\">\n\t\t\n<h3>Depuis V\u00e9rone et Milan:<\/h3>\n\t\t\n<style>\n#text-1231116106 {\n  font-size: 1.1rem;\n  line-height: 1;\n  text-align: left;\n}\n@media (min-width:550px) {\n  #text-1231116106 {\n    font-size: 1.3rem;\n  }\n}\n<\/style>\n\t<\/div>\n\t\n\t<div id=\"text-2271843252\" class=\"text\">\n\t\t\n<p>Autoroute A4 &#8211; sortie Desenzano del Garda<br \/>\nDistance 3,3 km &#8211; environ 4 minutes.<\/p>\n<p>Gare ferroviaire de Desenzano del Garda<br \/>\nDistance 350 m &#8211; environ 4 minutes \u00e0 pied.<br \/>\n\t\t\n<style>\n#text-2271843252 {\n  text-align: left;\n}\n<\/style>\n\t<\/div>\n\t\n        <\/div>\r\n                \n<style>\n#col-717010641 > .col-inner {\n  text-align: left;\n}\n<\/style>\n    <\/div>\r\n\r\n    \n\r\n    <div id=\"col-1414125101\" class=\"col medium-12 small-12 large-4\"  >\r\n                <div class=\"col-inner text-left\"  >\r\n            \n            \n\t<div id=\"text-2260037082\" class=\"text\">\n\t\t\n<h3>A\u00e9roport de V\u00e9rone<\/h3>\n\t\t\n<style>\n#text-2260037082 {\n  font-size: 1.1rem;\n  line-height: 1;\n  text-align: left;\n}\n@media (min-width:550px) {\n  #text-2260037082 {\n    font-size: 1.3rem;\n  }\n}\n<\/style>\n\t<\/div>\n\t\n<p>Distance depuis l\u2019a\u00e9roport de Caselle Sommacampagna: environ 37 km &#8211; environ 30 minutes<\/p>\n        <\/div>\r\n                \n<style>\n#col-1414125101 > .col-inner {\n  text-align: left;\n}\n<\/style>\n    <\/div>\r\n\r\n    \n\r\n    <div id=\"col-920296013\" class=\"col medium-12 small-12 large-4\"  >\r\n                <div class=\"col-inner text-left\"  >\r\n            \n            \n\t<div id=\"text-2788941029\" class=\"text\">\n\t\t\n<h3>A\u00e9roport de Bergame<\/h3>\n\t\t\n<style>\n#text-2788941029 {\n  font-size: 1.1rem;\n  line-height: 1;\n  text-align: left;\n}\n@media (min-width:550px) {\n  #text-2788941029 {\n    font-size: 1.3rem;\n  }\n}\n<\/style>\n\t<\/div>\n\t\n<p>Distance depuis l\u2019a\u00e9roport d&rsquo;Orio al Serio: environ 80 km &#8211; environ 50 minutes<\/p>\n        <\/div>\r\n                \n<style>\n#col-920296013 > .col-inner {\n  text-align: left;\n}\n<\/style>\n    <\/div>\r\n\r\n    \n<\/div>\n        <\/div>\r\n                \n<style>\n#col-1806633213 > .col-inner {\n  text-align: left;\n}\n<\/style>\n    <\/div>\r\n\r\n    \n<\/div>\n\t\t<\/div>\n\n\t\t\n<style>\n#section_1529978922 {\n  padding-top: 40px;\n  padding-bottom: 40px;\n}\n@media (min-width:550px) {\n  #section_1529978922 {\n    padding-top: 60px;\n    padding-bottom: 60px;\n  }\n}\n@media (min-width:850px) {\n  #section_1529978922 {\n    padding-top: 80px;\n    padding-bottom: 80px;\n  }\n}\n<\/style>\n\t<\/section>\n\t\n\n\t<section class=\"section\" id=\"section_2018500103\">\n\t\t<div class=\"section-bg fill\" >\n\t\t\t\t\t\t\t\t\t\n\t\t\t\n\n\t\t<\/div>\n\n\t\t\n\n\t\t<div class=\"section-content relative\">\n\t\t\t\n<p><iframe loading=\"lazy\" style=\"border: 0;\" title=\"Maps\" src=\"https:\/\/www.google.com\/maps\/embed?pb=!1m18!1m12!1m3!1d2798.4830032464943!2d10.53193307738067!3d45.4600733337125!2m3!1f0!2f0!3f0!3m2!1i1024!2i768!4f13.1!3m3!1m2!1s0x4781944c27467859%3A0xddfce05dce7158cd!2sPlasticwork%20s.r.l.!5e0!3m2!1sit!2sit!4v1759242367354!5m2!1sit!2sit\" width=\"100%\" height=\"500px\" allowfullscreen=\"allowfullscreen\"><\/iframe><\/p>\n\t\t<\/div>\n\n\t\t\n<style>\n#section_2018500103 {\n  padding-top: 0px;\n  padding-bottom: 0px;\n}\n<\/style>\n\t<\/section>\n\t\n","protected":false},"excerpt":{"rendered":"","protected":false},"author":1,"featured_media":0,"parent":0,"menu_order":6,"comment_status":"closed","ping_status":"closed","template":"page-transparent-header.php","meta":{"footnotes":""},"class_list":["post-7605","page","type-page","status-publish","hentry"],"_links":{"self":[{"href":"https:\/\/www.plasticwork.it\/fr\/wp-json\/wp\/v2\/pages\/7605","targetHints":{"allow":["GET"]}}],"collection":[{"href":"https:\/\/www.plasticwork.it\/fr\/wp-json\/wp\/v2\/pages"}],"about":[{"href":"https:\/\/www.plasticwork.it\/fr\/wp-json\/wp\/v2\/types\/page"}],"author":[{"embeddable":true,"href":"https:\/\/www.plasticwork.it\/fr\/wp-json\/wp\/v2\/users\/1"}],"replies":[{"embeddable":true,"href":"https:\/\/www.plasticwork.it\/fr\/wp-json\/wp\/v2\/comments?post=7605"}],"version-history":[{"count":3,"href":"https:\/\/www.plasticwork.it\/fr\/wp-json\/wp\/v2\/pages\/7605\/revisions"}],"predecessor-version":[{"id":8383,"href":"https:\/\/www.plasticwork.it\/fr\/wp-json\/wp\/v2\/pages\/7605\/revisions\/8383"}],"wp:attachment":[{"href":"https:\/\/www.plasticwork.it\/fr\/wp-json\/wp\/v2\/media?parent=7605"}],"curies":[{"name":"wp","href":"https:\/\/api.w.org\/{rel}","templated":true}]}}