{"id":7611,"date":"2020-07-09T10:01:47","date_gmt":"2020-07-09T08:01:47","guid":{"rendered":"https:\/\/plasticwork.wpsd.it\/carrieres\/"},"modified":"2026-03-09T17:02:48","modified_gmt":"2026-03-09T16:02:48","slug":"carrieres","status":"publish","type":"page","link":"https:\/\/www.plasticwork.it\/fr\/carrieres\/","title":{"rendered":"Carri\u00e8res"},"content":{"rendered":"\n\t<section class=\"section dark has-scroll-for-more\" id=\"section_399424019\">\n\t\t<div class=\"section-bg fill\" >\n\t\t\t\t\t\t\t\t\t<div class=\"loading-spin centered\"><\/div><button class=\"scroll-for-more z-5 icon absolute bottom h-center\" aria-label=\"Fais d\u00e9filer pour en savoir plus\"><i class=\"icon-angle-down\" aria-hidden=\"true\" style=\"font-size:42px;\"><\/i><\/button>\n\t\t\t\n\n\t\t<\/div>\n\n\t\t\n\n\t\t<div class=\"section-content relative\">\n\t\t\t\n\n  <div class=\"banner has-hover is-full-height\" id=\"banner-6455920\">\n          <div class=\"banner-inner fill\">\n        <div class=\"banner-bg fill\" >\n            <img decoding=\"async\" width=\"1800\" height=\"1010\" src=\"https:\/\/www.plasticwork.it\/wp-content\/uploads\/2025\/11\/Plasticwork-LAVORO-IN-TEAM-GIOVANE-4.jpg\" class=\"bg attachment-original size-original\" alt=\"\">                                    \n                    <\/div>\n\t\t\n        <div class=\"banner-layers container\">\n            <div class=\"fill banner-link\"><\/div>            \n   <div id=\"text-box-697015901\" class=\"text-box banner-layer x50 md-x50 lg-x50 y90 md-y90 lg-y90 res-text\">\n                     <div data-animate=\"bounceInUp\">           <div class=\"text-box-content text dark\">\n              \n              <div class=\"text-inner text-center\">\n                  \n\t<div id=\"text-1873262572\" class=\"text\">\n\t\t\n<h1>Carri\u00e8res<\/h1>\n\t\t\n<style>\n#text-1873262572 {\n  font-size: 1.8rem;\n  line-height: 1.05;\n}\n@media (min-width:550px) {\n  #text-1873262572 {\n    font-size: 2.6rem;\n  }\n}\n@media (min-width:850px) {\n  #text-1873262572 {\n    font-size: 2.55rem;\n  }\n}\n<\/style>\n\t<\/div>\n\t\n\t<div id=\"text-3799176429\" class=\"text\">\n\t\t\n<h2>Nos collaborateurs ont grandi avec nous, jour apr\u00e8s jour. Demain, ce pourrait \u00eatre vous <\/h2>\n\t\t\n<style>\n#text-3799176429 {\n  font-size: 0.95rem;\n  line-height: 1.05;\n}\n@media (min-width:550px) {\n  #text-3799176429 {\n    font-size: 1.35rem;\n  }\n}\n@media (min-width:850px) {\n  #text-3799176429 {\n    font-size: 1.55rem;\n  }\n}\n<\/style>\n\t<\/div>\n\t\n\t<div id=\"gap-1158686522\" class=\"gap-element clearfix\" style=\"display:block; height:auto;\">\n\t\t\n<style>\n#gap-1158686522 {\n  padding-top: 30px;\n}\n<\/style>\n\t<\/div>\n\t\n\t<div id=\"text-2300845038\" class=\"text\">\n\t\t\n<p class=\"lead\">Accueil &gt; Carri\u00e8res<\/p>\n\t\t\n<style>\n#text-2300845038 {\n  font-size: 0.9rem;\n  line-height: 1;\n}\n@media (min-width:550px) {\n  #text-2300845038 {\n    font-size: 0.85rem;\n  }\n}\n<\/style>\n\t<\/div>\n\t\n              <\/div>\n           <\/div>\n       <\/div>                     \n<style>\n#text-box-697015901 {\n  width: 91%;\n}\n#text-box-697015901 .text-box-content {\n  font-size: 100%;\n}\n@media (min-width:550px) {\n  #text-box-697015901 {\n    width: 79%;\n  }\n}\n@media (min-width:850px) {\n  #text-box-697015901 {\n    width: 74%;\n  }\n}\n<\/style>\n    <\/div>\n \n        <\/div>\n      <\/div>\n\n            \n<style>\n#banner-6455920 {\n  padding-top: 100%;\n}\n#banner-6455920 .banner-bg img {\n  object-position: 52% 62%;\n}\n<\/style>\n  <\/div>\n\n\n\t\t<\/div>\n\n\t\t\n<style>\n#section_399424019 {\n  padding-top: 0px;\n  padding-bottom: 0px;\n}\n<\/style>\n\t<\/section>\n\t\n\n\t<section class=\"section dark\" id=\"section_120773888\">\n\t\t<div class=\"section-bg fill\" >\n\t\t\t\t\t\t\t\t\t\n\t\t\t\n\n\t\t<\/div>\n\n\t\t\n\n\t\t<div class=\"section-content relative\">\n\t\t\t\n<div class=\"row row-collapse row-full-width align-middle align-center\"  id=\"row-504085751\">\n\r\n    <div id=\"col-252874624\" class=\"col medium-11 small-11 large-7 medium-col-first\"  data-animate=\"fadeInLeft\">\r\n                <div class=\"col-inner\"  >\r\n            \n            \n<div class=\"row row-collapse row-full-width align-center\"  id=\"row-242312231\">\n\r\n    <div id=\"col-1387813328\" class=\"col medium-12 small-12 large-8\"  >\r\n                <div class=\"col-inner\"  >\r\n            \n            \n\t<div id=\"text-524640521\" class=\"text\">\n\t\t\n<h2>Nous offrons aux jeunes des comp\u00e9tences, une formation et une attention particuli\u00e8re<\/h2>\n\t\t\n<style>\n#text-524640521 {\n  font-size: 1.2rem;\n  line-height: 1;\n}\n@media (min-width:550px) {\n  #text-524640521 {\n    font-size: 1.5rem;\n  }\n}\n<\/style>\n\t<\/div>\n\t\n\t<div id=\"text-3890429741\" class=\"text\">\n\t\t\n<p>Chez Plasticwork, nous pensons que la croissance de l\u2019entreprise passe par les personnes qui en font partie. Nous sommes toujours \u00e0 la recherche de <strong>jeunes motiv\u00e9s<\/strong> et de <strong>professionnels curieux<\/strong>, pr\u00eats \u00e0 apprendre et \u00e0 apporter de nouvelles id\u00e9es. Nous investissons dans la <strong>formation continue<\/strong> et collaborons avec des \u00e9coles professionnelles et des universit\u00e9s, telles que le Politecnico di Milano, afin de construire ensemble l&rsquo;avenir de notre secteur.  <\/p>\n<p>Chez Plasticwork, nous croyons en la valeur des personnes et en la construction de relations durables.<br \/>\nNombre de nos collaborateurs sont avec nous depuis des ann\u00e9es &#8211; un signe de l&rsquo;environnement positif et de la confiance que nous nous engageons \u00e0 cr\u00e9er chaque jour.<br \/>\n\t\t\n<style>\n#text-3890429741 {\n  text-align: left;\n}\n<\/style>\n\t<\/div>\n\t\n        <\/div>\r\n                \n<style>\n#col-1387813328 > .col-inner {\n  padding: 40px 0px 40px 0px;\n}\n@media (min-width:550px) {\n  #col-1387813328 > .col-inner {\n    padding: 60px 0px 60px 0px;\n  }\n}\n<\/style>\n    <\/div>\r\n\r\n    \n<\/div>\n        <\/div>\r\n                \n<style>\n#col-252874624 > .col-inner {\n  padding: 0px 0px 0px 0px;\n}\n<\/style>\n    <\/div>\r\n\r\n    \n\r\n    <div id=\"col-394083355\" class=\"col medium-12 small-12 large-5\"  data-animate=\"fadeInRight\">\r\n                <div class=\"col-inner\"  >\r\n            \n            \n\n  <div class=\"banner has-hover has-parallax\" id=\"banner-118674058\">\n          <div class=\"banner-inner fill\">\n        <div class=\"banner-bg fill\" data-parallax=\"-1\" data-parallax-container=\".banner\" data-parallax-background>\n            <img decoding=\"async\" width=\"1200\" height=\"673\" src=\"https:\/\/www.plasticwork.it\/wp-content\/uploads\/2025\/11\/img1-pagina-career.jpg\" class=\"bg attachment-original size-original\" alt=\"\">                        <div class=\"overlay\"><\/div>            \n                    <\/div>\n\t\t\n        <div class=\"banner-layers container\">\n            <div class=\"fill banner-link\"><\/div>            \n        <\/div>\n      <\/div>\n\n            \n<style>\n#banner-118674058 {\n  padding-top: 380px;\n}\n#banner-118674058 .overlay {\n  background-color: rgba(44, 86, 152, 0.145);\n}\n#banner-118674058 .banner-bg img {\n  object-position: 50% 23%;\n}\n@media (min-width:550px) {\n  #banner-118674058 {\n    padding-top: 480px;\n  }\n}\n@media (min-width:850px) {\n  #banner-118674058 {\n    padding-top: 650px;\n  }\n}\n<\/style>\n  <\/div>\n\n\n        <\/div>\r\n                    <\/div>\r\n\r\n    \n<\/div>\n\t\t<\/div>\n\n\t\t\n<style>\n#section_120773888 {\n  padding-top: 0px;\n  padding-bottom: 0px;\n  background-color: #2c5698;\n}\n@media (min-width:850px) {\n  #section_120773888 {\n    padding-top: 0px;\n    padding-bottom: 0px;\n  }\n}\n<\/style>\n\t<\/section>\n\t\n\n\t<section class=\"section bg-grey\" id=\"section_1114647410\">\n\t\t<div class=\"section-bg fill\" >\n\t\t\t\t\t\t\t\t\t\n\t\t\t\n\n\t\t<\/div>\n\n\t\t\n\n\t\t<div class=\"section-content relative\">\n\t\t\t\n<div class=\"row row-small align-center\"  id=\"row-194299529\">\n\r\n    <div id=\"col-248496304\" class=\"col medium-11 small-11 large-10\"  data-animate=\"bounceInUp\">\r\n                <div class=\"col-inner text-center\"  >\r\n            \n            \n\t<div id=\"text-944108446\" class=\"text\">\n\t\t\n<h2>Vous souhaitez mieux nous conna\u00eetre?<\/h2>\n\t\t\n<style>\n#text-944108446 {\n  font-size: 1.2rem;\n  line-height: 1;\n}\n@media (min-width:550px) {\n  #text-944108446 {\n    font-size: 1.5rem;\n  }\n}\n<\/style>\n\t<\/div>\n\t\n<p>\u00c9coutez les t\u00e9moignages de ceux qui travaillent avec nous pour comprendre ce qui fait de <em>Plasticwork <\/em>un environnement stimulant pour la croissance.<\/p>\n\t<div id=\"gap-1515922321\" class=\"gap-element clearfix\" style=\"display:block; height:auto;\">\n\t\t\n<style>\n#gap-1515922321 {\n  padding-top: 30px;\n}\n<\/style>\n\t<\/div>\n\t\n<a href=\"\/video\/plasticwork-intervista-alessandro-subtitle.mp4\" class=\"button primary open-video\" style=\"border-radius:99px;\">\n\t\t<span>Regardez la vid\u00e9o<\/span>\n\t<i class=\"icon-play\" aria-hidden=\"true\"><\/i><\/a>\n\n        <\/div>\r\n                \n<style>\n#col-248496304 > .col-inner {\n  text-align: left;\n}\n@media (min-width:850px) {\n  #col-248496304 > .col-inner {\n    text-align: center;\n  }\n}\n<\/style>\n    <\/div>\r\n\r\n    \n<\/div>\n\t\t<\/div>\n\n\t\t\n<style>\n#section_1114647410 {\n  padding-top: 40px;\n  padding-bottom: 40px;\n  min-height: 0px;\n}\n@media (min-width:550px) {\n  #section_1114647410 {\n    padding-top: 60px;\n    padding-bottom: 60px;\n  }\n}\n@media (min-width:850px) {\n  #section_1114647410 {\n    padding-top: 80px;\n    padding-bottom: 80px;\n  }\n}\n<\/style>\n\t<\/section>\n\t\n\n\t<section class=\"section\" id=\"section_459905619\">\n\t\t<div class=\"section-bg fill\" >\n\t\t\t\t\t\t\t\t\t\n\t\t\t\n\n\t\t<\/div>\n\n\t\t\n\n\t\t<div class=\"section-content relative\">\n\t\t\t\n<div class=\"row row-collapse row-full-width align-center\"  id=\"row-1528990437\">\n\r\n    <div id=\"col-1043757561\" class=\"col medium-12 small-12 large-5\"  data-animate=\"fadeInLeft\">\r\n                <div class=\"col-inner text-center\"  >\r\n            \n            \n\n  <div class=\"banner has-hover has-parallax\" id=\"banner-1186926585\">\n          <div class=\"banner-inner fill\">\n        <div class=\"banner-bg fill\" data-parallax=\"-2\" data-parallax-container=\".banner\" data-parallax-background>\n            <img decoding=\"async\" width=\"1200\" height=\"673\" src=\"https:\/\/www.plasticwork.it\/wp-content\/uploads\/2025\/11\/img2-pagina-career.jpg\" class=\"bg attachment-original size-original\" alt=\"\">                                    \n                    <\/div>\n\t\t\n        <div class=\"banner-layers container\">\n            <div class=\"fill banner-link\"><\/div>            \n        <\/div>\n      <\/div>\n\n            \n<style>\n#banner-1186926585 {\n  padding-top: 380px;\n}\n#banner-1186926585 .banner-bg img {\n  object-position: 47% 45%;\n}\n@media (min-width:550px) {\n  #banner-1186926585 {\n    padding-top: 480px;\n  }\n}\n@media (min-width:850px) {\n  #banner-1186926585 {\n    padding-top: 850px;\n  }\n}\n<\/style>\n  <\/div>\n\n\n        <\/div>\r\n                \n<style>\n#col-1043757561 > .col-inner {\n  text-align: center;\n}\n<\/style>\n    <\/div>\r\n\r\n    \n\r\n    <div id=\"col-1781227510\" class=\"col medium-11 small-11 large-7 medium-col-first\"  data-animate=\"fadeInRight\">\r\n                <div class=\"col-inner\"  >\r\n            \n            \n<div class=\"row row-collapse row-full-width align-center\"  id=\"row-1668237571\">\n\r\n    <div id=\"col-1137161095\" class=\"col medium-12 small-12 large-9\"  >\r\n                <div class=\"col-inner\"  >\r\n            \n            \n\t<div id=\"text-1491331027\" class=\"text\">\n\t\t\n<h2>Candidature spontan\u00e9e<\/h2>\n\t\t\n<style>\n#text-1491331027 {\n  font-size: 1.2rem;\n  line-height: 1;\n}\n@media (min-width:550px) {\n  #text-1491331027 {\n    font-size: 1.5rem;\n  }\n}\n<\/style>\n\t<\/div>\n\t\n\t<div id=\"text-3683544157\" class=\"text\">\n\t\t\n<p>M\u00eame s\u2019il n\u2019y a pas de poste vacant pour le moment, vous pouvez nous envoyer votre candidature spontan\u00e9e. Remplissez le formulaire ci-dessous et joignez votre CV : nous serons ravis de faire votre connaissance et d\u2019\u00e9valuer votre profil pour de futures opportunit\u00e9s.<br \/>\n\t\t\n<style>\n#text-3683544157 {\n  line-height: 1.25;\n}\n<\/style>\n\t<\/div>\n\t\n\t<div id=\"gap-669919861\" class=\"gap-element clearfix\" style=\"display:block; height:auto;\">\n\t\t\n<style>\n#gap-669919861 {\n  padding-top: 20px;\n}\n<\/style>\n\t<\/div>\n\t\n\n<div class=\"wpcf7 no-js\" id=\"wpcf7-f7620-o1\" lang=\"fr-FR\" dir=\"ltr\" data-wpcf7-id=\"7620\">\n<div class=\"screen-reader-response\"><p role=\"status\" aria-live=\"polite\" aria-atomic=\"true\"><\/p> <ul><\/ul><\/div>\n<form action=\"\/fr\/wp-json\/wp\/v2\/pages\/7611#wpcf7-f7620-o1\" method=\"post\" class=\"wpcf7-form init wpcf7-acceptance-as-validation\" aria-label=\"Formulaire de contact\" enctype=\"multipart\/form-data\" novalidate=\"novalidate\" data-status=\"init\">\n<fieldset class=\"hidden-fields-container\"><input type=\"hidden\" name=\"_wpcf7\" value=\"7620\" \/><input type=\"hidden\" name=\"_wpcf7_version\" value=\"6.1.5\" \/><input type=\"hidden\" name=\"_wpcf7_locale\" value=\"fr_FR\" \/><input type=\"hidden\" name=\"_wpcf7_unit_tag\" value=\"wpcf7-f7620-o1\" \/><input type=\"hidden\" name=\"_wpcf7_container_post\" value=\"0\" \/><input type=\"hidden\" name=\"_wpcf7_posted_data_hash\" value=\"\" \/><input type=\"hidden\" name=\"_wpcf7_recaptcha_response\" value=\"\" \/>\n<\/fieldset>\n<div class=\"row form-inline\">\n\t<div class=\"col large-6\">\n\t\t<p><label for=\"your-name\">Nom et pr\u00e9nom*<\/label><br \/>\n<span class=\"wpcf7-form-control-wrap\" data-name=\"your-name\"><input size=\"40\" maxlength=\"400\" class=\"wpcf7-form-control wpcf7-text wpcf7-validates-as-required\" id=\"your-name\" aria-required=\"true\" aria-invalid=\"false\" value=\"\" type=\"text\" name=\"your-name\" \/><\/span>\n\t\t<\/p>\n\t<\/div>\n\t<div class=\"col large-6\">\n\t\t<p><label for=\"your-email\">Email*<\/label><br \/>\n<span class=\"wpcf7-form-control-wrap\" data-name=\"your-email\"><input size=\"40\" maxlength=\"400\" class=\"wpcf7-form-control wpcf7-email wpcf7-validates-as-required wpcf7-text wpcf7-validates-as-email\" id=\"your-email\" aria-required=\"true\" aria-invalid=\"false\" value=\"\" type=\"email\" name=\"your-email\" \/><\/span>\n\t\t<\/p>\n\t<\/div>\n\t<div class=\"col large-6\">\n\t\t<p><label for=\"your-phone\">T\u00e9l\u00e9phone*<\/label><br \/>\n<span class=\"wpcf7-form-control-wrap\" data-name=\"your-phone\"><input size=\"40\" maxlength=\"400\" class=\"wpcf7-form-control wpcf7-text wpcf7-validates-as-required\" id=\"your-phone\" aria-required=\"true\" aria-invalid=\"false\" value=\"\" type=\"text\" name=\"your-phone\" \/><\/span>\n\t\t<\/p>\n\t<\/div>\n\t<div class=\"col large-6\">\n\t\t<p><label for=\"select-interesse\">Domaine d\u2019int\u00e9r\u00eat<\/label><span class=\"wpcf7-form-control-wrap\" data-name=\"select-interesse\"><select class=\"wpcf7-form-control wpcf7-select wpcf7-validates-as-required\" id=\"select-interesse\" aria-required=\"true\" aria-invalid=\"false\" name=\"select-interesse\"><option value=\"Production\">Production<\/option><option value=\"Conception\">Conception<\/option><option value=\"Qualit\u00e9\">Qualit\u00e9<\/option><option value=\"Administration\">Administration<\/option><option value=\"Ecc.\">Ecc.<\/option><\/select><\/span>\n\t\t<\/p>\n\t<\/div>\n\t<div class=\"col large-12\">\n\t\t<p><label for=\"your-message\">Br\u00e8ve pr\u00e9sentation<\/label><br \/>\n<span class=\"wpcf7-form-control-wrap\" data-name=\"your-message\"><textarea cols=\"40\" rows=\"10\" maxlength=\"2000\" class=\"wpcf7-form-control wpcf7-textarea\" id=\"your-message\" aria-invalid=\"false\" placeholder=\"Saisissez votre message ici...\" name=\"your-message\"><\/textarea><\/span>\n\t\t<\/p>\n\t<\/div>\n\t<div class=\"col large-12\">\n\t\t<p><label for=\"file-cv\">T\u00e9l\u00e9chargez votre CV<\/label><br \/>\n<span class=\"wpcf7-form-control-wrap\" data-name=\"file-cv\"><input size=\"40\" class=\"wpcf7-form-control wpcf7-file\" id=\"file-cv\" accept=\"image\/*,.pdf\" aria-invalid=\"false\" type=\"file\" name=\"file-cv\" \/><\/span>\n\t\t<\/p>\n\t<\/div>\n<\/div>\n<div class=\"row form-inline\">\n\t<div class=\"col large-12\" style=\"margin-bottom: 30px\">\n\t\t<p><label class=\"acceptance\" style=\"font-weight: normal;\"><span class=\"wpcf7-form-control-wrap\" data-name=\"Accettazione-privacy\"><span class=\"wpcf7-form-control wpcf7-acceptance\"><span class=\"wpcf7-list-item\"><input type=\"checkbox\" name=\"Accettazione-privacy\" value=\"1\" aria-invalid=\"false\" \/><\/span><\/span><\/span> J\u2019accepte que mes donn\u00e9es soient collect\u00e9es et enregistr\u00e9es. Pour plus d\u2019informations sur l\u2019utilisation des donn\u00e9es collect\u00e9es, consultez notre <a href=\"\/menu-privacy\/privacy-policy\/\">politique de confidentialit\u00e9<\/a>. <\/label>\n\t\t<\/p>\n\t<\/div>\n\t<div class=\"col large-12 text-left\">\n\t\t<p><input class=\"wpcf7-form-control wpcf7-submit has-spinner button primary\" type=\"submit\" value=\"ENVOYER LA CANDIDATURE\" \/>\n\t\t<\/p>\n\t<\/div>\n<\/div><div class=\"wpcf7-response-output\" aria-hidden=\"true\"><\/div>\n<\/form>\n<\/div>\n\n\t<div id=\"gap-1948932268\" class=\"gap-element clearfix\" style=\"display:block; height:auto;\">\n\t\t\n<style>\n#gap-1948932268 {\n  padding-top: 30px;\n}\n<\/style>\n\t<\/div>\n\t\n\t<div id=\"text-2486738921\" class=\"text\">\n\t\t\n<p class=\"lead\"><span data-text-color=\"primary\"><strong>Plasticwork, o\u00f9 les personnes font la diff\u00e9rence.<\/strong><\/span><br \/>\nNous r\u00e9pondrons toujours \u00e0 vos questions!<\/p>\n\t\t\n<style>\n#text-2486738921 {\n  line-height: 1.25;\n}\n<\/style>\n\t<\/div>\n\t\n        <\/div>\r\n                \n<style>\n#col-1137161095 > .col-inner {\n  padding: 40px 0px 40px 0px;\n  text-align: left;\n}\n@media (min-width:550px) {\n  #col-1137161095 > .col-inner {\n    padding: 60px 0px 60px 0px;\n  }\n}\n@media (min-width:850px) {\n  #col-1137161095 > .col-inner {\n    padding: 60px 0px 20px 0px;\n  }\n}\n<\/style>\n    <\/div>\r\n\r\n    \n<\/div>\n        <\/div>\r\n                \n<style>\n#col-1781227510 > .col-inner {\n  padding: 0px 0px 0px 0px;\n}\n<\/style>\n    <\/div>\r\n\r\n    \n<\/div>\n\t\t<\/div>\n\n\t\t\n<style>\n#section_459905619 {\n  padding-top: 0px;\n  padding-bottom: 0px;\n}\n@media (min-width:850px) {\n  #section_459905619 {\n    padding-top: 0px;\n    padding-bottom: 0px;\n  }\n}\n<\/style>\n\t<\/section>\n\t\n","protected":false},"excerpt":{"rendered":"","protected":false},"author":1,"featured_media":0,"parent":0,"menu_order":2,"comment_status":"closed","ping_status":"closed","template":"page-transparent-header.php","meta":{"footnotes":""},"class_list":["post-7611","page","type-page","status-publish","hentry"],"_links":{"self":[{"href":"https:\/\/www.plasticwork.it\/fr\/wp-json\/wp\/v2\/pages\/7611","targetHints":{"allow":["GET"]}}],"collection":[{"href":"https:\/\/www.plasticwork.it\/fr\/wp-json\/wp\/v2\/pages"}],"about":[{"href":"https:\/\/www.plasticwork.it\/fr\/wp-json\/wp\/v2\/types\/page"}],"author":[{"embeddable":true,"href":"https:\/\/www.plasticwork.it\/fr\/wp-json\/wp\/v2\/users\/1"}],"replies":[{"embeddable":true,"href":"https:\/\/www.plasticwork.it\/fr\/wp-json\/wp\/v2\/comments?post=7611"}],"version-history":[{"count":4,"href":"https:\/\/www.plasticwork.it\/fr\/wp-json\/wp\/v2\/pages\/7611\/revisions"}],"predecessor-version":[{"id":8505,"href":"https:\/\/www.plasticwork.it\/fr\/wp-json\/wp\/v2\/pages\/7611\/revisions\/8505"}],"wp:attachment":[{"href":"https:\/\/www.plasticwork.it\/fr\/wp-json\/wp\/v2\/media?parent=7611"}],"curies":[{"name":"wp","href":"https:\/\/api.w.org\/{rel}","templated":true}]}}