{"id":7968,"date":"2024-06-21T17:15:12","date_gmt":"2024-06-21T15:15:12","guid":{"rendered":"https:\/\/plasticwork.wpsd.it\/?page_id=7968"},"modified":"2025-12-18T10:02:10","modified_gmt":"2025-12-18T09:02:10","slug":"declaration-daccessibilite","status":"publish","type":"page","link":"https:\/\/www.plasticwork.it\/fr\/menu-confidentialite\/declaration-daccessibilite\/","title":{"rendered":"D\u00e9claration d\u2019accessibilit\u00e9"},"content":{"rendered":"\n\t<section class=\"section\" id=\"section_802765933\">\n\t\t<div class=\"section-bg fill\" >\n\t\t\t\t\t\t\t\t\t\n\t\t\t\n\n\t\t<\/div>\n\n\t\t\n\n\t\t<div class=\"section-content relative\">\n\t\t\t\n<div class=\"row align-center\"  id=\"row-1672373792\">\n\r\n    <div id=\"col-94411526\" class=\"col medium-9 small-12 large-9\"  >\r\n                <div class=\"col-inner\"  >\r\n            \n            \n<p>Plasticwork S.r.l. s\u2019engage \u00e0 rendre le site web accessible, conform\u00e9ment \u00e0 la loi du 9 janvier 2004, n\u00b0 4. La pr\u00e9sente d\u00e9claration d\u2019accessibilit\u00e9 s\u2019applique \u00e0: <strong>www.plasticwork.it<br \/>\n<\/strong><\/p>\n<h2 class=\"h3\">\u00c9tat de conformit\u00e9:<\/h2>\n<p><em>Partiellement conforme<\/em> Ce site web est partiellement conforme aux exigences pr\u00e9vues \u00e0 l\u2019annexe A de la norme UNI CEI EN 301549 en raison des cas de non-conformit\u00e9 \u00e9num\u00e9r\u00e9s ci-dessous.<\/p>\n<h2 class=\"h3\">Contenus non accessibles<\/h2>\n<p>Les contenus \u00e9num\u00e9r\u00e9s ci-dessous ne sont pas accessibles pour les raisons suivantes, en violation de la loi du 9 janvier 2004, n\u00b0 4:<\/p>\n<ul>\n<li class=\"bullet-arrow\" data-start=\"211\" data-end=\"391\">\n<p data-start=\"213\" data-end=\"391\">Certains liens pourraient ne pas \u00eatre clairement distinguables du texte environnant car ils reposent exclusivement sur la couleur.<br data-start=\"330\" data-end=\"333\" \/><strong data-start=\"335\" data-end=\"356\">R\u00e9f\u00e9rence WCAG :<\/strong> 1.4.1 \u2013 Usage de la couleur (Niveau A)<\/p>\n<\/li>\n<li class=\"bullet-arrow\" data-start=\"797\" data-end=\"955\">\n<p data-start=\"799\" data-end=\"955\">Certains \u00e9l\u00e9ments pourraient ne pas pr\u00e9senter d\u2019\u00e9tiquettes textuelles ad\u00e9quates pour les technologies d\u2019assistance.<br data-start=\"886\" data-end=\"889\" \/><strong data-start=\"891\" data-end=\"912\">R\u00e9f\u00e9rence WCAG :<\/strong> 1.1.1 \u2013 Contenus non textuels (Niveau A)<\/p>\n<\/li>\n<li class=\"bullet-arrow\" data-start=\"957\" data-end=\"1135\">\n<p data-start=\"959\" data-end=\"1135\">Dans certaines zones, le contraste entre le texte (ou les images de texte) et l\u2019arri\u00e8re-plan pourrait ne pas atteindre le rapport minimum requis.<br data-start=\"1071\" data-end=\"1074\" \/><strong data-start=\"1076\" data-end=\"1097\">R\u00e9f\u00e9rence WCAG :<\/strong> 1.4.3 \u2013 Contraste minimum (Niveau AA)<\/p>\n<\/li>\n<li class=\"bullet-arrow\" data-start=\"1137\" data-end=\"1288\">\n<p data-start=\"1139\" data-end=\"1288\">Lors de la navigation au clavier, le focus pourrait ne pas \u00eatre toujours clairement perceptible.<br data-start=\"1226\" data-end=\"1229\" \/><strong data-start=\"1231\" data-end=\"1252\">R\u00e9f\u00e9rence WCAG :<\/strong> 2.4.7 \u2013 Focus visible (Niveau AA)<\/p>\n<\/li>\n<\/ul>\n<h2 class=\"h3\">R\u00e9daction de la d\u00e9claration d\u2019accessibilit\u00e9<\/h2>\n<p>La pr\u00e9sente d\u00e9claration a \u00e9t\u00e9 r\u00e9dig\u00e9e le <strong>17\/12\/2025.<\/strong><\/p>\n<p>L\u2019\u00e9valuation a \u00e9t\u00e9 <strong>r\u00e9alis\u00e9e par des tiers<\/strong> au moyen d\u2019analyses objectives et subjectives (cf. l\u2019article 3, paragraphe 1, de la d\u00e9cision d\u2019ex\u00e9cution (UE) 2018\/1523 de la Commission).<\/p>\n<h2 class=\"h3\">Retour d\u2019information et coordonn\u00e9es<\/h2>\n<p>Plasticwork S.r.l. met \u00e0 disposition une adresse e-mail \u00e0 utiliser pour signaler les cas de non-conformit\u00e9: <a href=\"mailto:info@plasticwork.it\">info@plasticwork.it<\/a><\/p>\n<h2 class=\"h3\">Modalit\u00e9s d\u2019envoi des signalements \u00e0 l\u2019AgID<\/h2>\n<p>En cas de r\u00e9ponse insatisfaisante ou d\u2019absence de r\u00e9ponse dans un d\u00e9lai de trente jours \u00e0 compter de la notification ou de la demande, l\u2019int\u00e9ress\u00e9 peut envoyer un signalement \u00e0 l\u2019AgID, via PEC, \u00e0 l\u2019adresse suivante: <a href=\"mailto:protocollo@pec.agid.gov.it\">protocollo@pec.agid.gov.it<\/a><\/p>\n<h2 class=\"h3\">Informations sur le site<\/h2>\n<ol>\n<li>date de publication du site Web: <strong>17\/12\/2025<\/strong><\/li>\n<li>des tests d\u2019utilisabilit\u00e9 ont \u00e9t\u00e9 effectu\u00e9s: <strong>Oui<\/strong><\/li>\n<li>CMS utilis\u00e9 pour le site web: <strong>WordPress<\/strong><\/li>\n<\/ol>\n        <\/div>\r\n                    <\/div>\r\n\r\n    \n<\/div>\n\t\t<\/div>\n\n\t\t\n<style>\n#section_802765933 {\n  padding-top: 30px;\n  padding-bottom: 30px;\n}\n<\/style>\n\t<\/section>\n\t\n","protected":false},"excerpt":{"rendered":"","protected":false},"author":1,"featured_media":0,"parent":7621,"menu_order":0,"comment_status":"closed","ping_status":"closed","template":"page-blank-title-center.php","meta":{"footnotes":""},"class_list":["post-7968","page","type-page","status-publish","hentry"],"_links":{"self":[{"href":"https:\/\/www.plasticwork.it\/fr\/wp-json\/wp\/v2\/pages\/7968","targetHints":{"allow":["GET"]}}],"collection":[{"href":"https:\/\/www.plasticwork.it\/fr\/wp-json\/wp\/v2\/pages"}],"about":[{"href":"https:\/\/www.plasticwork.it\/fr\/wp-json\/wp\/v2\/types\/page"}],"author":[{"embeddable":true,"href":"https:\/\/www.plasticwork.it\/fr\/wp-json\/wp\/v2\/users\/1"}],"replies":[{"embeddable":true,"href":"https:\/\/www.plasticwork.it\/fr\/wp-json\/wp\/v2\/comments?post=7968"}],"version-history":[{"count":0,"href":"https:\/\/www.plasticwork.it\/fr\/wp-json\/wp\/v2\/pages\/7968\/revisions"}],"up":[{"embeddable":true,"href":"https:\/\/www.plasticwork.it\/fr\/wp-json\/wp\/v2\/pages\/7621"}],"wp:attachment":[{"href":"https:\/\/www.plasticwork.it\/fr\/wp-json\/wp\/v2\/media?parent=7968"}],"curies":[{"name":"wp","href":"https:\/\/api.w.org\/{rel}","templated":true}]}}